{"id":4052,"date":"2025-09-17T10:50:11","date_gmt":"2025-09-17T08:50:11","guid":{"rendered":"https:\/\/boreait.com\/hu\/?post_type=product&#038;p=4052"},"modified":"2026-01-10T16:45:37","modified_gmt":"2026-01-10T15:45:37","slug":"hp-probook-4540s-4545s-akkumulator-csatlakozo-kabel-50-4sj04-011","status":"publish","type":"product","link":"https:\/\/boreait.com\/hu\/termek\/hp-probook-4540s-4545s-akkumulator-csatlakozo-kabel-50-4sj04-011\/","title":{"rendered":"HP ProBook 4540s 4545s akkumul\u00e1tor csatlakoz\u00f3 k\u00e1bel 50.4SJ04.011"},"content":{"rendered":"<p>Fokozza HP ProBook 4540s vagy 4545s laptopja energiagazd\u00e1lkod\u00e1s\u00e1t a HP ProBook 4540s 4545s 50.4SJ04.011 sz\u00e1m\u00fa akkumul\u00e1torcsatlakoz\u00f3 k\u00e1bellel. A laptop akkumul\u00e1tora \u00e9s a bels\u0151 rendszerei k\u00f6z\u00f6tti kapcsolat optimaliz\u00e1l\u00e1s\u00e1ra k\u00e9sz\u00fclt, eredeti akkumul\u00e1torcsatlakoz\u00f3 k\u00e1bel megb\u00edzhat\u00f3 t\u00e1pell\u00e1t\u00e1st \u00e9s z\u00f6kken\u0151mentes integr\u00e1ci\u00f3t biztos\u00edt a jobb sz\u00e1m\u00edt\u00e1stechnikai \u00e9lm\u00e9ny \u00e9rdek\u00e9ben.<\/p>\n<p>A HP, a sz\u00e1m\u00edt\u00e1stechnika megb\u00edzhat\u00f3 vezet\u0151 gy\u00e1rt\u00f3ja \u00e1ltal gy\u00e1rtott HP ProBook 4540s 4545s 50.4SJ04.011 akkumul\u00e1torcsatlakoz\u00f3 k\u00e1belt \u00fagy tervezt\u00e9k, hogy hat\u00e9kony energiaeloszt\u00e1st biztos\u00edtson. A laptop bels\u0151 architekt\u00far\u00e1j\u00e1nak alapvet\u0151 elemek\u00e9nt ez a k\u00e1bel kritikus szerepet j\u00e1tszik a stabil t\u00e1pell\u00e1t\u00e1s fenntart\u00e1s\u00e1ban, \u00e9s a laptop z\u00f6kken\u0151mentes m\u0171k\u00f6d\u00e9s\u00e9ben.<\/p>\n<p>Ak\u00e1r egy profi, aki a laptopj\u00e1ra t\u00e1maszkodik munk\u00e1ja sor\u00e1n, vagy olyan felhaszn\u00e1l\u00f3, aki \u00e9rt\u00e9keli a megszak\u00edt\u00e1s n\u00e9lk\u00fcli sz\u00e1m\u00edt\u00e1stechnik\u00e1t, ez az akkumul\u00e1torcsatlakoz\u00f3 k\u00e1bel biztos\u00edtja az \u00d6n \u00e1ltal elv\u00e1rt megb\u00edzhat\u00f3s\u00e1got \u00e9s teljes\u00edtm\u00e9nyt. Gy\u0151z\u0151dj\u00f6n meg arr\u00f3l, hogy laptopja optim\u00e1lisan m\u0171k\u00f6dik, \u00e9s akkor marad \u00e1ram alatt, amikor a legnagyobb sz\u00fcks\u00e9ge van r\u00e1.<\/p>\n<p>A telep\u00edt\u00e9s egyszer\u0171 az OEM-kialak\u00edt\u00e1snak k\u00f6sz\u00f6nhet\u0151en, amely t\u00f6k\u00e9letesen illeszkedik a laptop eredeti alkatr\u00e9szeihez. Az eredeti HP alkatr\u00e9szek kiv\u00e1laszt\u00e1s\u00e1val laptopja energiagazd\u00e1lkod\u00e1s\u00e1nak min\u0151s\u00e9g\u00e9be \u00e9s megb\u00edzhat\u00f3s\u00e1g\u00e1ba fektet be.<\/p>\n<p>Friss\u00edtse laptopja energiagazd\u00e1lkod\u00e1s\u00e1t a HP ProBook 4540s 4545s 50.4SJ04.011 sz\u00e1m\u00fa akkumul\u00e1torcsatlakoz\u00f3 k\u00e1bellel. \u00c9lvezze ProBook 4540s vagy 4545s megb\u00edzhat\u00f3 energiaell\u00e1t\u00e1s\u00e1t, megszak\u00edt\u00e1s n\u00e9lk\u00fcli sz\u00e1m\u00edt\u00e1stechnik\u00e1t \u00e9s megn\u00f6velt teljes\u00edtm\u00e9ny\u00e9t. N\u00f6velje sz\u00e1m\u00edt\u00e1stechnikai \u00e9lm\u00e9ny\u00e9t ezzel a megb\u00edzhat\u00f3 \u00e9s hat\u00e9kony akkumul\u00e1torcsatlakoz\u00f3 k\u00e1bellel.<\/p>\n<p>V\u00e1s\u00e1rl\u00e1s el\u0151tt ellen\u0151rizze, hogy kompatibilis-e az adott laptopmodellj\u00e9vel.<\/p>\n","protected":false},"excerpt":{"rendered":"<p>Fokozza az energiagazd\u00e1lkod\u00e1st HP ProBook 4540s vagy 4545s k\u00e9sz\u00fcl\u00e9k\u00e9n a HP ProBook 4540s 4545s 50.4SJ04.011 sz\u00e1m\u00fa akkumul\u00e1torcsatlakoz\u00f3 k\u00e1bellel. \u00c9lvezze a megb\u00edzhat\u00f3 energiaell\u00e1t\u00e1st \u00e9s a megszak\u00edt\u00e1s n\u00e9lk\u00fcli sz\u00e1m\u00edt\u00e1stechnik\u00e1t.<\/p>\n","protected":false},"featured_media":4094,"template":"","meta":[],"product_brand":[],"product_cat":[20],"product_tag":[25],"class_list":{"0":"post-4052","1":"product","2":"type-product","3":"status-publish","4":"has-post-thumbnail","6":"product_cat-cables","7":"product_tag-hp","9":"first","10":"instock","11":"taxable","12":"shipping-taxable","13":"purchasable","14":"product-type-simple"},"_links":{"self":[{"href":"https:\/\/boreait.com\/hu\/wp-json\/wp\/v2\/product\/4052","targetHints":{"allow":["GET"]}}],"collection":[{"href":"https:\/\/boreait.com\/hu\/wp-json\/wp\/v2\/product"}],"about":[{"href":"https:\/\/boreait.com\/hu\/wp-json\/wp\/v2\/types\/product"}],"wp:featuredmedia":[{"embeddable":true,"href":"https:\/\/boreait.com\/hu\/wp-json\/wp\/v2\/media\/4094"}],"wp:attachment":[{"href":"https:\/\/boreait.com\/hu\/wp-json\/wp\/v2\/media?parent=4052"}],"wp:term":[{"taxonomy":"product_brand","embeddable":true,"href":"https:\/\/boreait.com\/hu\/wp-json\/wp\/v2\/product_brand?post=4052"},{"taxonomy":"product_cat","embeddable":true,"href":"https:\/\/boreait.com\/hu\/wp-json\/wp\/v2\/product_cat?post=4052"},{"taxonomy":"product_tag","embeddable":true,"href":"https:\/\/boreait.com\/hu\/wp-json\/wp\/v2\/product_tag?post=4052"}],"curies":[{"name":"wp","href":"https:\/\/api.w.org\/{rel}","templated":true}]}}