{"id":4051,"date":"2025-09-17T10:50:10","date_gmt":"2025-09-17T08:50:10","guid":{"rendered":"https:\/\/boreait.com\/hu\/?post_type=product&#038;p=4051"},"modified":"2025-09-17T10:50:41","modified_gmt":"2025-09-17T08:50:41","slug":"hp-probook-4540s-erintopad-gombjai-56-17531","status":"publish","type":"product","link":"https:\/\/boreait.com\/hu\/termek\/hp-probook-4540s-erintopad-gombjai-56-17531\/","title":{"rendered":"HP Probook 4540s \u00e9rint\u0151pad gombjai 56.17531"},"content":{"rendered":"<p>B\u0151v\u00edtse HP Probook 4540s laptopja funkcionalit\u00e1s\u00e1t a HP Probook 4540s 56.17531 \u00e9rint\u0151pad gombjaival. Ezeket az eredeti csere \u00e9rint\u0151pad gombokat \u00fagy tervezt\u00e9k, hogy z\u00f6kken\u0151mentes integr\u00e1ci\u00f3t, jobb reakci\u00f3k\u00e9szs\u00e9get \u00e9s fokozott haszn\u00e1lhat\u00f3s\u00e1got biztos\u00edtsanak az optimaliz\u00e1lt sz\u00e1m\u00edt\u00e1stechnikai \u00e9lm\u00e9ny \u00e9rdek\u00e9ben.<\/p>\n<p>A HP \u00e1ltal gy\u00e1rtott, megb\u00edzhat\u00f3 n\u00e9v a sz\u00e1m\u00edt\u00e1stechnik\u00e1ban, a HP Probook 4540s \u00e9rint\u0151pad gombjai megb\u00edzhat\u00f3 teljes\u00edtm\u00e9nyt \u00e9s tart\u00f3ss\u00e1got biztos\u00edtanak. A laptop \u00e9rint\u0151pad-rendszer\u00e9nek alapvet\u0151 elemeik\u00e9nt ezek a gombok kulcsszerepet j\u00e1tszanak a prec\u00edz \u00e9s k\u00e9nyelmes navig\u00e1ci\u00f3 \u00e9s kiv\u00e1laszt\u00e1s lehet\u0151v\u00e9 t\u00e9tel\u00e9ben.<\/p>\n<p>Ak\u00e1r professzion\u00e1lis, aki hat\u00e9konyan ir\u00e1ny\u00edtja a termel\u00e9kenys\u00e9gi feladatokat, vagy egy h\u00e9tk\u00f6znapi felhaszn\u00e1l\u00f3, aki \u00e9rt\u00e9keli a k\u00f6nny\u0171 haszn\u00e1latot, ezek az \u00e9rint\u0151pad gombjai az \u00d6n \u00e1ltal elv\u00e1rt k\u00e9nyelmet \u00e9s hat\u00e9konys\u00e1got k\u00edn\u00e1lj\u00e1k. \u00c9lvezze a g\u00f6rd\u00fcl\u00e9kenyebb navig\u00e1ci\u00f3t, a prec\u00edz kurzorvez\u00e9rl\u00e9st \u00e9s a k\u00f6nnyed kattint\u00e1sokat mindennapi sz\u00e1m\u00edt\u00e1stechnikai feladataihoz.<\/p>\n<p>A telep\u00edt\u00e9s egyszer\u0171 az OEM-kialak\u00edt\u00e1snak k\u00f6sz\u00f6nhet\u0151en, amely illeszkedik a laptop eredeti alkatr\u00e9szeihez. Az eredeti HP alkatr\u00e9szek kiv\u00e1laszt\u00e1s\u00e1val laptopja \u00e9rint\u0151padj\u00e1nak min\u0151s\u00e9g\u00e9be \u00e9s megb\u00edzhat\u00f3s\u00e1g\u00e1ba fektet be.<\/p>\n<p>Friss\u00edtse laptopja \u00e9rint\u0151pad funkci\u00f3it a HP Probook 4540s \u00e9rint\u0151pad gombjaival. \u00c9lvezze a jobb reakci\u00f3k\u00e9szs\u00e9get, a jobb haszn\u00e1lhat\u00f3s\u00e1got \u00e9s a pontos navig\u00e1ci\u00f3t a HP Probook 4540s k\u00e9sz\u00fcl\u00e9ken. N\u00f6velje sz\u00e1m\u00edt\u00e1stechnikai \u00e9lm\u00e9ny\u00e9t ezekkel a megb\u00edzhat\u00f3 \u00e9s hat\u00e9kony \u00e9rint\u0151pad gombokkal.<\/p>\n<p>V\u00e1s\u00e1rl\u00e1s el\u0151tt ellen\u0151rizze, hogy kompatibilis-e az adott laptopmodellj\u00e9vel.<\/p>\n","protected":false},"excerpt":{"rendered":"<p>N\u00f6velje HP Probook 4540s laptopja \u00e9rint\u0151padj\u00e1nak teljes\u00edtm\u00e9ny\u00e9t a HP Probook 4540s \u00e9rint\u0151pad gombjaival. \u00c9lvezze a jobb reakci\u00f3k\u00e9szs\u00e9get \u00e9s a pontos navig\u00e1ci\u00f3t.<\/p>\n","protected":false},"featured_media":4092,"template":"","meta":[],"product_brand":[],"product_cat":[42],"product_tag":[25],"class_list":{"0":"post-4051","1":"product","2":"type-product","3":"status-publish","4":"has-post-thumbnail","6":"product_cat-laptop-touchpads","7":"product_tag-hp","9":"first","10":"instock","11":"taxable","12":"shipping-taxable","13":"purchasable","14":"product-type-simple"},"_links":{"self":[{"href":"https:\/\/boreait.com\/hu\/wp-json\/wp\/v2\/product\/4051","targetHints":{"allow":["GET"]}}],"collection":[{"href":"https:\/\/boreait.com\/hu\/wp-json\/wp\/v2\/product"}],"about":[{"href":"https:\/\/boreait.com\/hu\/wp-json\/wp\/v2\/types\/product"}],"wp:featuredmedia":[{"embeddable":true,"href":"https:\/\/boreait.com\/hu\/wp-json\/wp\/v2\/media\/4092"}],"wp:attachment":[{"href":"https:\/\/boreait.com\/hu\/wp-json\/wp\/v2\/media?parent=4051"}],"wp:term":[{"taxonomy":"product_brand","embeddable":true,"href":"https:\/\/boreait.com\/hu\/wp-json\/wp\/v2\/product_brand?post=4051"},{"taxonomy":"product_cat","embeddable":true,"href":"https:\/\/boreait.com\/hu\/wp-json\/wp\/v2\/product_cat?post=4051"},{"taxonomy":"product_tag","embeddable":true,"href":"https:\/\/boreait.com\/hu\/wp-json\/wp\/v2\/product_tag?post=4051"}],"curies":[{"name":"wp","href":"https:\/\/api.w.org\/{rel}","templated":true}]}}