{"id":4030,"date":"2025-09-17T10:49:47","date_gmt":"2025-09-17T08:49:47","guid":{"rendered":"https:\/\/boreait.com\/hu\/?post_type=product&#038;p=4030"},"modified":"2026-01-14T09:37:36","modified_gmt":"2026-01-14T08:37:36","slug":"hangszorok-04x4889-lenovo-thinkpad-l540-hez","status":"publish","type":"product","link":"https:\/\/boreait.com\/hu\/termek\/hangszorok-04x4889-lenovo-thinkpad-l540-hez\/","title":{"rendered":"Hangsz\u00f3r\u00f3k 04X4889 Lenovo Thinkpad L540-hez"},"content":{"rendered":"<div class=\"group w-full text-token-text-primary border-b border-black\/10 gizmo:border-0 dark:border-gray-900\/50 gizmo:dark:border-0 bg-gray-50 gizmo:bg-transparent dark:bg-[#444654:] gizmo-transpakrent data-testid=\"conversation-turn-55\">\n<div class=\"p-4 justify-center text-base md:gap-6 md:py-6 m-auto\">\n<div class=\"flex flex-1 gap-4 text-base mx-auto md:gap-6 gizmo:gap-3 gizmo:md:px-5 gizmo:lg:px-1 gizmo:xl:px-5 md:max-w-2xl lg:max-w-[38rem-d:] gizmo-w-m3 gizmo:lg:max-w-[40rem] gizmo:xl:max-w-[48rem] xl:max-w-3xl }\">\n<div class=\"relat\u00edv flex w-[calc(100%-50px)] flex-col gap-1 gizmo:w-full md:gap-3 lg:w-[calc(100%-115px)] agent-turn\">\n<div class=\"flex flex-grow flex-col gap-3 max-w-full\">\n<div class=\"min-h-[20px] flex flex-col items-start gap-3 overflow-x-auto whitespace-pre-wrap break-words\">\n<div class=\"markdown prose w-full break-words dark:prose-invert light\">\n<p>Hangsz\u00f3r\u00f3k 04X4889 Lenovo Thinkpad L540-hez \u2013 N\u00f6velje hang\u00e9lm\u00e9ny\u00e9t:<\/p>\n<p>Tapasztalja meg a kiv\u00e1l\u00f3 hangtisztas\u00e1got \u00e9s dinamikus hangtartom\u00e1nyt a 04X4889 hangsz\u00f3r\u00f3kkal, amelyeket kiz\u00e1r\u00f3lag a Lenovo Thinkpad L540-hez terveztek. Ezek az eredeti alkatr\u00e9szek garant\u00e1lj\u00e1k a kompatibilit\u00e1st, a hossz\u00fa \u00e9lettartamot \u00e9s a mag\u00e1val ragad\u00f3 hang\u00e9lm\u00e9nyt, amely val\u00f3ban kiemelkedik.<\/p>\n<p><strong>F\u0151bb jellemz\u0151k<\/strong>:<\/p>\n<ol>\n<li><strong>Autentikus Lenovo-term\u00e9k<\/strong>: Eredeti Lenovo-alkatr\u00e9szk\u00e9nt ezek a hangsz\u00f3r\u00f3k hib\u00e1tlan kompatibilit\u00e1st \u00edg\u00e9rnek a Thinkpad L540-nel, biztos\u00edtva a z\u00f6kken\u0151mentes integr\u00e1ci\u00f3t \u00e9s az optim\u00e1lis teljes\u00edtm\u00e9nyt.<\/li>\n<li><strong>Kiv\u00e1l\u00f3 hangmin\u0151s\u00e9g<\/strong>: Legyen sz\u00f3 zen\u00e9r\u0151l, filmekr\u0151l vagy videoh\u00edv\u00e1sokr\u00f3l, \u00e9les, tiszta \u00e9s \u00e9l\u00e9nk hangz\u00e1sban lehet r\u00e9sze. A 04X4889 hangsz\u00f3r\u00f3kat \u00fagy tervezt\u00e9k, hogy kiegyens\u00falyozott hangprofilt biztos\u00edtsanak, jav\u00edtva a magas \u00e9s m\u00e9ly hangokat egyar\u00e1nt.<\/li>\n<li><strong>Tart\u00f3ss\u00e1g<\/strong>: A min\u0151s\u00e9gi anyagokkal \u00e9s prec\u00edz tervez\u00e9ssel k\u00e9sz\u00fclt hangsz\u00f3r\u00f3k tart\u00f3sak, ellen\u00e1llnak a napi haszn\u00e1latb\u00f3l ered\u0151 kop\u00e1snak.<\/li>\n<li><strong>K\u00f6nny\u0171 telep\u00edt\u00e9s<\/strong>: A Thinkpad L540-hez pontosan illeszked\u0151 \u00e9s speci\u00e1lis kialak\u00edt\u00e1snak k\u00f6sz\u00f6nhet\u0151en a hangsz\u00f3r\u00f3k beszerel\u00e9se vagy cser\u00e9je egyszer\u0171, \u00edgy pillanatok alatt visszat\u00e9rhet a nagyszer\u0171 hangz\u00e1shoz.<\/li>\n<li><strong>Optim\u00e1lis teljes\u00edtm\u00e9ny<\/strong>: N\u00f6velje laptopja audiok\u00e9pess\u00e9geit a megfelel\u0151 komponensekkel. Ne hagyja, hogy a gyenge hangmin\u0151s\u00e9g akad\u00e1lyozza az \u00e9lm\u00e9nyt. Friss\u00edtsen az eredeti 04X4889 hangsz\u00f3r\u00f3kra, \u00e9s vegye \u00e9szre a k\u00fcl\u00f6nbs\u00e9get.<\/li>\n<\/ol>\n<p>A hangmin\u0151s\u00e9get el\u0151nyben r\u00e9szes\u00edt\u0151 Thinkpad L540-felhaszn\u00e1l\u00f3k sz\u00e1m\u00e1ra, akik gazdagabb hang\u00e9lm\u00e9nyt szeretn\u00e9nek \u00e9lvezni, a Lenovo Thinkpad L540-hez k\u00e9sz\u00fclt 04X4889 hangsz\u00f3r\u00f3k jelentik a legjobb v\u00e1laszt\u00e1st. Fokozza multim\u00e9di\u00e1s tev\u00e9kenys\u00e9geit, \u00e9s biztos\u00edtsa, hogy a legjobb hangkimenetet kapja. V\u00e1lasszon eredetit, v\u00e1lasszon min\u0151s\u00e9get, \u00e9s hagyja, hogy minden hangjegy a megfelel\u0151 akkordot \u00e9rje!<\/p>\n<\/div>\n<\/div>\n<\/div>\n<div class=\"flex justify-between empty:hidden lg:block\">\n<div class=\"text-gray-400 flex self-end lg:self-center justify-center gizmo:lg:justify-start mt-2 gizmo:mt-0 l\u00e1that\u00f3 lg:gap-1 lg:absolute lg:top-0 lg:translate-x-full lg:right-0 lg:mt-2 lg:mt-2 md:gap-3\"><button class=\"flex ml-auto gizmo:ml-0 gap-2 items-center rounded-md p-1 text-xs gizmo:gap-1.5 gizmo:pl-0 dark:text-grey-400 dark:hover:bg-gray-700 dark:hover:text-gray-gray-700text:hover:text-gray-20-gray-0text-xs hover:bg-grey-100 hover:text-grey-700\"><\/button><\/p>\n<div class=\"flex gap-1 gizmo:gap-3\"><\/div>\n<\/div>\n<\/div>\n<\/div>\n<\/div>\n<\/div>\n<\/div>\n","protected":false},"excerpt":{"rendered":"<p>Hangsz\u00f3r\u00f3k 04X4889: Eredeti audiokomponensek a Lenovo Thinkpad L540-hez, amelyek \u00e9les \u00e9s tiszta hangz\u00e1st biztos\u00edtanak.<\/p>\n","protected":false},"featured_media":4071,"template":"","meta":[],"product_brand":[],"product_cat":[18],"product_tag":[26],"class_list":{"0":"post-4030","1":"product","2":"type-product","3":"status-publish","4":"has-post-thumbnail","6":"product_cat-laptop-speakers","7":"product_tag-lenovo","9":"first","10":"instock","11":"taxable","12":"shipping-taxable","13":"purchasable","14":"product-type-simple"},"_links":{"self":[{"href":"https:\/\/boreait.com\/hu\/wp-json\/wp\/v2\/product\/4030","targetHints":{"allow":["GET"]}}],"collection":[{"href":"https:\/\/boreait.com\/hu\/wp-json\/wp\/v2\/product"}],"about":[{"href":"https:\/\/boreait.com\/hu\/wp-json\/wp\/v2\/types\/product"}],"wp:featuredmedia":[{"embeddable":true,"href":"https:\/\/boreait.com\/hu\/wp-json\/wp\/v2\/media\/4071"}],"wp:attachment":[{"href":"https:\/\/boreait.com\/hu\/wp-json\/wp\/v2\/media?parent=4030"}],"wp:term":[{"taxonomy":"product_brand","embeddable":true,"href":"https:\/\/boreait.com\/hu\/wp-json\/wp\/v2\/product_brand?post=4030"},{"taxonomy":"product_cat","embeddable":true,"href":"https:\/\/boreait.com\/hu\/wp-json\/wp\/v2\/product_cat?post=4030"},{"taxonomy":"product_tag","embeddable":true,"href":"https:\/\/boreait.com\/hu\/wp-json\/wp\/v2\/product_tag?post=4030"}],"curies":[{"name":"wp","href":"https:\/\/api.w.org\/{rel}","templated":true}]}}