{"id":4029,"date":"2025-09-17T10:49:47","date_gmt":"2025-09-17T08:49:47","guid":{"rendered":"https:\/\/boreait.com\/hu\/?post_type=product&#038;p=4029"},"modified":"2026-01-14T09:37:20","modified_gmt":"2026-01-14T08:37:20","slug":"hp-625-tapcsatlakozo-kabel","status":"publish","type":"product","link":"https:\/\/boreait.com\/hu\/termek\/hp-625-tapcsatlakozo-kabel\/","title":{"rendered":"HP 625 t\u00e1pcsatlakoz\u00f3 k\u00e1bel"},"content":{"rendered":"<p>N\u00f6velje HP 625 laptopja t\u00e1pell\u00e1t\u00e1s\u00e1t a HP 625 t\u00e1pcsatlakoz\u00f3 k\u00e1bellel. A megb\u00edzhat\u00f3 \u00e9s hat\u00e9kony t\u00e1pcsatlakoz\u00e1st biztos\u00edt\u00f3 eredeti t\u00e1pk\u00e1belt a z\u00f6kken\u0151mentes integr\u00e1ci\u00f3ra \u00e9s a tov\u00e1bbfejlesztett t\u00f6lt\u00e9si k\u00e9pess\u00e9gekre tervezt\u00e9k, jav\u00edtva ezzel laptopja \u00e1ltal\u00e1nos teljes\u00edtm\u00e9ny\u00e9t.<\/p>\n<p>A HP, a sz\u00e1m\u00edt\u00e1stechnika megb\u00edzhat\u00f3 vezet\u0151 gy\u00e1rt\u00f3ja \u00e1ltal gy\u00e1rtott HP 625 t\u00e1pcsatlakoz\u00f3 k\u00e1belt \u00fagy tervezt\u00e9k, hogy biztons\u00e1gos \u00e1ramell\u00e1t\u00e1st biztos\u00edtson laptopja sz\u00e1m\u00e1ra. A laptop t\u00e1pell\u00e1t\u00e1si rendszer\u00e9nek n\u00e9lk\u00fcl\u00f6zhetetlen elemek\u00e9nt ez a k\u00e1bel d\u00f6nt\u0151 szerepet j\u00e1tszik a stabil t\u00e1pell\u00e1t\u00e1s fenntart\u00e1s\u00e1ban, biztos\u00edtva a laptop megszak\u00edt\u00e1s n\u00e9lk\u00fcli haszn\u00e1lat\u00e1t.<\/p>\n<p>Ak\u00e1r egy profi, aki a laptopj\u00e1t haszn\u00e1lja munk\u00e1ja sor\u00e1n, vagy egy di\u00e1k, akinek megb\u00edzhat\u00f3 \u00e1ramforr\u00e1sra van sz\u00fcks\u00e9ge tanulm\u00e1nyaihoz, ez a t\u00e1pcsatlakoz\u00f3k\u00e1bel biztos\u00edtja az \u00d6n \u00e1ltal elv\u00e1rt megb\u00edzhat\u00f3s\u00e1got \u00e9s hat\u00e9konys\u00e1got. \u00dagy tervezt\u00e9k, hogy biztons\u00e1gos kapcsolatot biztos\u00edtson a laptop \u00e9s az \u00e1ramforr\u00e1s k\u00f6z\u00f6tt, minim\u00e1lisra cs\u00f6kkentve a megszak\u00edt\u00e1sok kock\u00e1zat\u00e1t a fontos feladatok sor\u00e1n.<\/p>\n<p>A telep\u00edt\u00e9s egyszer\u0171, mivel a k\u00e1bel kompatibilis a laptop eredeti alkatr\u00e9szeivel. Az eredeti HP alkatr\u00e9szek kiv\u00e1laszt\u00e1s\u00e1val laptopja t\u00e1pegys\u00e9g\u00e9nek min\u0151s\u00e9g\u00e9be \u00e9s megb\u00edzhat\u00f3s\u00e1g\u00e1ba fektet be.<\/p>\n<p>Friss\u00edtse laptopja t\u00e1pell\u00e1t\u00e1s\u00e1t a HP 625 t\u00e1pcsatlakoz\u00f3 k\u00e1bellel. \u00c9lvezze a stabil \u00e9s hat\u00e9kony t\u00e1pegys\u00e9get, amely biztos\u00edtja a HP 625 laptop megszak\u00edt\u00e1s n\u00e9lk\u00fcli haszn\u00e1lat\u00e1t. N\u00f6velje sz\u00e1m\u00edt\u00e1stechnikai \u00e9lm\u00e9ny\u00e9t ezzel a megb\u00edzhat\u00f3 \u00e9s hat\u00e9kony t\u00e1pk\u00e1bellel.<\/p>\n<p>V\u00e1s\u00e1rl\u00e1s el\u0151tt ellen\u0151rizze, hogy kompatibilis-e az adott laptopmodellj\u00e9vel.<\/p>\n","protected":false},"excerpt":{"rendered":"<p>N\u00f6velje HP 625 laptopja t\u00e1pell\u00e1t\u00e1s\u00e1t a HP 625 t\u00e1pcsatlakoz\u00f3 k\u00e1bellel. \u00c9lvezze a biztons\u00e1gos \u00e9s hat\u00e9kony t\u00e1pegys\u00e9get a laptop megszak\u00edt\u00e1s n\u00e9lk\u00fcli m\u0171k\u00f6d\u00e9s\u00e9hez.<\/p>\n","protected":false},"featured_media":4070,"template":"","meta":[],"product_brand":[],"product_cat":[20],"product_tag":[],"class_list":{"0":"post-4029","1":"product","2":"type-product","3":"status-publish","4":"has-post-thumbnail","6":"product_cat-cables","8":"first","9":"instock","10":"taxable","11":"shipping-taxable","12":"purchasable","13":"product-type-simple"},"_links":{"self":[{"href":"https:\/\/boreait.com\/hu\/wp-json\/wp\/v2\/product\/4029","targetHints":{"allow":["GET"]}}],"collection":[{"href":"https:\/\/boreait.com\/hu\/wp-json\/wp\/v2\/product"}],"about":[{"href":"https:\/\/boreait.com\/hu\/wp-json\/wp\/v2\/types\/product"}],"wp:featuredmedia":[{"embeddable":true,"href":"https:\/\/boreait.com\/hu\/wp-json\/wp\/v2\/media\/4070"}],"wp:attachment":[{"href":"https:\/\/boreait.com\/hu\/wp-json\/wp\/v2\/media?parent=4029"}],"wp:term":[{"taxonomy":"product_brand","embeddable":true,"href":"https:\/\/boreait.com\/hu\/wp-json\/wp\/v2\/product_brand?post=4029"},{"taxonomy":"product_cat","embeddable":true,"href":"https:\/\/boreait.com\/hu\/wp-json\/wp\/v2\/product_cat?post=4029"},{"taxonomy":"product_tag","embeddable":true,"href":"https:\/\/boreait.com\/hu\/wp-json\/wp\/v2\/product_tag?post=4029"}],"curies":[{"name":"wp","href":"https:\/\/api.w.org\/{rel}","templated":true}]}}