{"id":4028,"date":"2025-09-17T10:49:47","date_gmt":"2025-09-17T08:49:47","guid":{"rendered":"https:\/\/boreait.com\/hu\/?post_type=product&#038;p=4028"},"modified":"2026-01-14T09:37:04","modified_gmt":"2026-01-14T08:37:04","slug":"04x4806-ospd-fru-mic-modul-a-lenovo-thinkpad-l540l440-hez","status":"publish","type":"product","link":"https:\/\/boreait.com\/hu\/termek\/04x4806-ospd-fru-mic-modul-a-lenovo-thinkpad-l540l440-hez\/","title":{"rendered":"04X4806 OSPD FRU MIC modul a Lenovo Thinkpad L540,L440-hez"},"content":{"rendered":"<p>Fokozza eszk\u00f6ze audiok\u00e9pess\u00e9geit a 04X4806 OSPD FRU MIC modullal. Ezt az eredeti mikrofonmodult \u00fagy tervezt\u00e9k, hogy kiv\u00e1l\u00f3 hangmin\u0151s\u00e9get \u00e9s tisztas\u00e1got biztos\u00edtson az \u00d6n audiobemeneti ig\u00e9nyeinek megfelel\u0151en.<\/p>\n<p>A 04X4806-os prec\u00edz \u00e9s megb\u00edzhat\u00f3 mikrofonmodul ide\u00e1lis csere vagy friss\u00edt\u00e9s k\u00fcl\u00f6nf\u00e9le eszk\u00f6z\u00f6kh\u00f6z. Ak\u00e1r laptopja, t\u00e1blag\u00e9pe vagy m\u00e1s kompatibilis eszk\u00f6ze hangmin\u0151s\u00e9g\u00e9t szeretn\u00e9 jav\u00edtani, ez a modul tiszta \u00e9s \u00e9les hangr\u00f6gz\u00edt\u00e9st k\u00edn\u00e1l.<\/p>\n<p>A telep\u00edt\u00e9s egyszer\u0171, k\u00f6sz\u00f6nhet\u0151en az OEM-kialak\u00edt\u00e1snak, amely z\u00f6kken\u0151mentesen illeszkedik az eszk\u00f6z eredeti alkatr\u00e9szeihez. Ha ezt az eredeti FRU-t (Field Replaceable Unit) v\u00e1lasztja, akkor a jobb hangteljes\u00edtm\u00e9nybe \u00e9s eszk\u00f6ze \u00e9lettartam\u00e1ba fektet be.<\/p>\n<p>Friss\u00edtse hangbemeneti k\u00e9pess\u00e9geit a 04X4806 OSPD FRU MIC modullal. \u00c9lvezze a jobb hangmin\u0151s\u00e9get \u00e9s a prec\u00edz hangr\u00f6gz\u00edt\u00e9st eszk\u00f6ze sz\u00e1m\u00e1ra, legyen sz\u00f3 videokonferenci\u00e1r\u00f3l, hangr\u00f6gz\u00edt\u00e9sr\u0151l vagy m\u00e1s hanggal kapcsolatos feladatokr\u00f3l.<\/p>\n<p>V\u00e1s\u00e1rl\u00e1s el\u0151tt ellen\u0151rizze, hogy kompatibilis-e az adott eszk\u00f6zmodellj\u00e9vel.<\/p>\n","protected":false},"excerpt":{"rendered":"<p>Jav\u00edtsa a hangbemenetet a 04X4806 OSPD FRU MIC modullal. \u00c9lvezze a kiv\u00e1l\u00f3 hangmin\u0151s\u00e9get \u00e9s a tiszta hangr\u00f6gz\u00edt\u00e9st eszk\u00f6z\u00e9hez.<\/p>\n","protected":false},"featured_media":4069,"template":"","meta":[],"product_brand":[],"product_cat":[27],"product_tag":[26],"class_list":{"0":"post-4028","1":"product","2":"type-product","3":"status-publish","4":"has-post-thumbnail","6":"product_cat-motherboards-board-parts","7":"product_tag-lenovo","9":"first","10":"instock","11":"taxable","12":"shipping-taxable","13":"purchasable","14":"product-type-simple"},"_links":{"self":[{"href":"https:\/\/boreait.com\/hu\/wp-json\/wp\/v2\/product\/4028","targetHints":{"allow":["GET"]}}],"collection":[{"href":"https:\/\/boreait.com\/hu\/wp-json\/wp\/v2\/product"}],"about":[{"href":"https:\/\/boreait.com\/hu\/wp-json\/wp\/v2\/types\/product"}],"wp:featuredmedia":[{"embeddable":true,"href":"https:\/\/boreait.com\/hu\/wp-json\/wp\/v2\/media\/4069"}],"wp:attachment":[{"href":"https:\/\/boreait.com\/hu\/wp-json\/wp\/v2\/media?parent=4028"}],"wp:term":[{"taxonomy":"product_brand","embeddable":true,"href":"https:\/\/boreait.com\/hu\/wp-json\/wp\/v2\/product_brand?post=4028"},{"taxonomy":"product_cat","embeddable":true,"href":"https:\/\/boreait.com\/hu\/wp-json\/wp\/v2\/product_cat?post=4028"},{"taxonomy":"product_tag","embeddable":true,"href":"https:\/\/boreait.com\/hu\/wp-json\/wp\/v2\/product_tag?post=4028"}],"curies":[{"name":"wp","href":"https:\/\/api.w.org\/{rel}","templated":true}]}}