{"id":4027,"date":"2025-09-17T10:49:46","date_gmt":"2025-09-17T08:49:46","guid":{"rendered":"https:\/\/boreait.com\/hu\/?post_type=product&#038;p=4027"},"modified":"2025-09-17T10:50:24","modified_gmt":"2025-09-17T08:50:24","slug":"lenovo-thinkpad-l540-usb-audio-sd-kartyaolvaso-kartya-04x4865","status":"publish","type":"product","link":"https:\/\/boreait.com\/hu\/termek\/lenovo-thinkpad-l540-usb-audio-sd-kartyaolvaso-kartya-04x4865\/","title":{"rendered":"Lenovo Thinkpad L540 USB audio SD k\u00e1rtyaolvas\u00f3 k\u00e1rtya 04X4865"},"content":{"rendered":"<p>Fokozza Lenovo ThinkPad L540 laptopja funkcionalit\u00e1s\u00e1t a Lenovo ThinkPad L540 USB Audio SD k\u00e1rtyaolvas\u00f3 k\u00e1rty\u00e1val 04X4865. A laptop csatlakoztathat\u00f3s\u00e1g\u00e1nak \u00e9s audiofunkci\u00f3inak optimaliz\u00e1l\u00e1s\u00e1ra tervezett, eredeti USB audio SD k\u00e1rtyaolvas\u00f3 k\u00e1rtya z\u00f6kken\u0151mentes integr\u00e1ci\u00f3t biztos\u00edt a jobb sz\u00e1m\u00edt\u00e1stechnikai \u00e9lm\u00e9ny \u00e9rdek\u00e9ben.<\/p>\n<p>A Lenovo \u2013 a sz\u00e1m\u00edt\u00e1stechnika megb\u00edzhat\u00f3 neve \u2013 \u00e1ltal gy\u00e1rtott Lenovo ThinkPad L540 USB Audio SD Card Reader Board 04X4865 megb\u00edzhat\u00f3 csatlakoz\u00e1si \u00e9s audiok\u00e9pess\u00e9geket biztos\u00edt. A laptop bels\u0151 rendszereinek alapvet\u0151 elemek\u00e9nt ez az alaplap kulcsfontoss\u00e1g\u00fa szerepet j\u00e1tszik a csatlakoz\u00e1si lehet\u0151s\u00e9gek b\u0151v\u00edt\u00e9s\u00e9ben \u00e9s a hang\u00e9lm\u00e9ny jav\u00edt\u00e1s\u00e1ban.<\/p>\n<p>T\u00f6bb USB-porttal \u00e9s be\u00e9p\u00edtett SD-k\u00e1rtya-olvas\u00f3val ez a k\u00e1rtya lehet\u0151v\u00e9 teszi k\u00fcls\u0151 eszk\u00f6z\u00f6k csatlakoztat\u00e1s\u00e1t, hat\u00e9kony adat\u00e1tvitelt \u00e9s k\u00f6nny\u0171 hozz\u00e1f\u00e9r\u00e9st az SD-k\u00e1rty\u00e1khoz. Legyen sz\u00f3 perif\u00e9ri\u00e1k csatlakoztat\u00e1s\u00e1r\u00f3l, f\u00e1jlok \u00e1tvitel\u00e9r\u0151l vagy multim\u00e9di\u00e1s tartalom el\u00e9r\u00e9s\u00e9r\u0151l SD-k\u00e1rty\u00e1kr\u00f3l, ez a k\u00e1rtya az \u00d6n \u00e1ltal elv\u00e1rt k\u00e9nyelmet \u00e9s hat\u00e9konys\u00e1got biztos\u00edtja.<\/p>\n<p>A telep\u00edt\u00e9s egyszer\u0171 az OEM-kialak\u00edt\u00e1snak k\u00f6sz\u00f6nhet\u0151en, amely illeszkedik a laptop eredeti alkatr\u00e9szeihez. Az eredeti Lenovo alkatr\u00e9szek kiv\u00e1laszt\u00e1s\u00e1val laptopja csatlakoztathat\u00f3s\u00e1g\u00e1nak \u00e9s audiok\u00e9pess\u00e9geinek min\u0151s\u00e9g\u00e9be \u00e9s megb\u00edzhat\u00f3s\u00e1g\u00e1ba fektet be.<\/p>\n<p>Friss\u00edtse laptopja csatlakoztathat\u00f3s\u00e1g\u00e1t \u00e9s audiofunkci\u00f3it a Lenovo ThinkPad L540 USB Audio SD k\u00e1rtyaolvas\u00f3 k\u00e1rty\u00e1val 04X4865. \u00c9lvezze a b\u0151v\u00edtett csatlakoz\u00e1si lehet\u0151s\u00e9geket, a hat\u00e9kony adat\u00e1tvitelt \u00e9s a tov\u00e1bbfejlesztett hang\u00e9lm\u00e9nyt ThinkPad L540 k\u00e9sz\u00fcl\u00e9k\u00e9n. N\u00f6velje sz\u00e1m\u00edt\u00e1stechnikai \u00e9lm\u00e9ny\u00e9t ezzel a megb\u00edzhat\u00f3 \u00e9s hat\u00e9kony t\u00e1bl\u00e1val.<\/p>\n<p>V\u00e1s\u00e1rl\u00e1s el\u0151tt ellen\u0151rizze, hogy kompatibilis-e az adott laptopmodellj\u00e9vel.<\/p>\n","protected":false},"excerpt":{"rendered":"<p>Fejlessze Lenovo ThinkPad L540 laptopj\u00e1t a Lenovo ThinkPad L540 USB audio SD k\u00e1rtyaolvas\u00f3 k\u00e1rty\u00e1val 04X4865. B\u0151v\u00edtse a csatlakoz\u00e1si lehet\u0151s\u00e9geket, \u00e9rjen el SD-k\u00e1rty\u00e1kat, \u00e9s jav\u00edtsa az audiok\u00e9pess\u00e9geket ezzel az eredeti k\u00e1rty\u00e1val.<\/p>\n","protected":false},"featured_media":4067,"template":"","meta":[],"product_brand":[],"product_cat":[27],"product_tag":[26],"class_list":{"0":"post-4027","1":"product","2":"type-product","3":"status-publish","4":"has-post-thumbnail","6":"product_cat-motherboards-board-parts","7":"product_tag-lenovo","9":"first","10":"instock","11":"taxable","12":"shipping-taxable","13":"purchasable","14":"product-type-simple"},"_links":{"self":[{"href":"https:\/\/boreait.com\/hu\/wp-json\/wp\/v2\/product\/4027","targetHints":{"allow":["GET"]}}],"collection":[{"href":"https:\/\/boreait.com\/hu\/wp-json\/wp\/v2\/product"}],"about":[{"href":"https:\/\/boreait.com\/hu\/wp-json\/wp\/v2\/types\/product"}],"wp:featuredmedia":[{"embeddable":true,"href":"https:\/\/boreait.com\/hu\/wp-json\/wp\/v2\/media\/4067"}],"wp:attachment":[{"href":"https:\/\/boreait.com\/hu\/wp-json\/wp\/v2\/media?parent=4027"}],"wp:term":[{"taxonomy":"product_brand","embeddable":true,"href":"https:\/\/boreait.com\/hu\/wp-json\/wp\/v2\/product_brand?post=4027"},{"taxonomy":"product_cat","embeddable":true,"href":"https:\/\/boreait.com\/hu\/wp-json\/wp\/v2\/product_cat?post=4027"},{"taxonomy":"product_tag","embeddable":true,"href":"https:\/\/boreait.com\/hu\/wp-json\/wp\/v2\/product_tag?post=4027"}],"curies":[{"name":"wp","href":"https:\/\/api.w.org\/{rel}","templated":true}]}}