{"id":4026,"date":"2025-09-17T10:49:46","date_gmt":"2025-09-17T08:49:46","guid":{"rendered":"https:\/\/boreait.com\/hu\/?post_type=product&#038;p=4026"},"modified":"2025-09-17T10:50:21","modified_gmt":"2025-09-17T08:50:21","slug":"lenovo-thinkpad-x1-carbon-1-generacios-taphordozo-gomb-csuklotamasz-csatlakozokartya","status":"publish","type":"product","link":"https:\/\/boreait.com\/hu\/termek\/lenovo-thinkpad-x1-carbon-1-generacios-taphordozo-gomb-csuklotamasz-csatlakozokartya\/","title":{"rendered":"Lenovo Thinkpad X1 Carbon 1. gener\u00e1ci\u00f3s t\u00e1phordoz\u00f3 gomb csukl\u00f3t\u00e1masz csatlakoz\u00f3k\u00e1rtya"},"content":{"rendered":"<p>N\u00f6velje Lenovo ThinkPad X1 Carbon 1st Gen laptopja funkcionalit\u00e1s\u00e1t a Power Media Button csukl\u00f3t\u00e1masz csatlakoz\u00f3k\u00e1rty\u00e1val. A laptop teljes\u00edtm\u00e9ny- \u00e9s m\u00e9diavez\u00e9rl\u0151inek optimaliz\u00e1l\u00e1s\u00e1ra tervezett eredeti csatlakoz\u00f3k\u00e1rtya z\u00f6kken\u0151mentes integr\u00e1ci\u00f3t \u00e9s fokozott haszn\u00e1lhat\u00f3s\u00e1got biztos\u00edt a jobb sz\u00e1m\u00edt\u00e1stechnikai \u00e9lm\u00e9ny \u00e9rdek\u00e9ben.<\/p>\n<p>A Lenovo \u2013 a sz\u00e1m\u00edt\u00e1stechnik\u00e1ban megb\u00edzhat\u00f3 n\u00e9v \u2013 \u00e1ltal gy\u00e1rtott Power Media Button Palmrest Connector Board megb\u00edzhat\u00f3 \u00e9s hat\u00e9kony m\u0171k\u00f6d\u00e9st biztos\u00edt. A laptop bels\u0151 rendszereinek n\u00e9lk\u00fcl\u00f6zhetetlen elemek\u00e9nt ez a k\u00e1rtya kulcsfontoss\u00e1g\u00fa szerepet j\u00e1tszik a t\u00e1pell\u00e1t\u00e1si funkci\u00f3k \u00e9s a m\u00e9dialej\u00e1tsz\u00e1s feletti ir\u00e1ny\u00edt\u00e1s kiterjeszt\u00e9s\u00e9ben.<\/p>\n<p>Ak\u00e1r gyors hozz\u00e1f\u00e9r\u00e9sre van sz\u00fcks\u00e9ge a t\u00e1pell\u00e1t\u00e1si funkci\u00f3khoz, ak\u00e1r k\u00e9nyelmes m\u00e9diavez\u00e9rl\u00e9sre van sz\u00fcks\u00e9ge, ez a csatlakoz\u00f3k\u00e1rtya biztos\u00edtja a k\u00edv\u00e1nt k\u00e9nyelmet \u00e9s hat\u00e9konys\u00e1got. K\u00f6nnyen be\u00e1ll\u00edthatja a hanger\u0151t, lej\u00e1tszhatja, sz\u00fcneteltetheti vagy kihagyhatja a m\u00e9diatartalmat, \u00e9s k\u00f6nnyed\u00e9n kezelheti az energiaell\u00e1t\u00e1si be\u00e1ll\u00edt\u00e1sokat.<\/p>\n<p>A telep\u00edt\u00e9s egyszer\u0171 az OEM-kialak\u00edt\u00e1snak k\u00f6sz\u00f6nhet\u0151en, amely illeszkedik a laptop eredeti alkatr\u00e9szeihez. Az eredeti Lenovo alkatr\u00e9szek kiv\u00e1laszt\u00e1s\u00e1val laptopja t\u00e1pell\u00e1t\u00e1s- \u00e9s m\u00e9diavez\u00e9rl\u0151inek min\u0151s\u00e9g\u00e9be \u00e9s megb\u00edzhat\u00f3s\u00e1g\u00e1ba fektet be.<\/p>\n<p>Friss\u00edtse laptopja funkcionalit\u00e1s\u00e1t a Lenovo ThinkPad X1 Carbon 1st Gen. Power Media Button csukl\u00f3t\u00e1masz csatlakoz\u00f3k\u00e1rty\u00e1j\u00e1val. \u00c9lvezze az energiaell\u00e1t\u00e1s \u00e9s a m\u00e9dialej\u00e1tsz\u00e1s kiterjesztett vez\u00e9rl\u00e9s\u00e9t, az egyszer\u0171s\u00edtett funkci\u00f3kat \u00e9s az X1 Carbon fokozott haszn\u00e1lhat\u00f3s\u00e1g\u00e1t. N\u00f6velje sz\u00e1m\u00edt\u00e1stechnikai \u00e9lm\u00e9ny\u00e9t ezzel a megb\u00edzhat\u00f3 \u00e9s hat\u00e9kony csatlakoz\u00f3k\u00e1rty\u00e1val.<\/p>\n<p>V\u00e1s\u00e1rl\u00e1s el\u0151tt ellen\u0151rizze, hogy kompatibilis-e az adott laptopmodellj\u00e9vel.<\/p>\n","protected":false},"excerpt":{"rendered":"<p>Fokozza a Lenovo ThinkPad X1 Carbon 1st Gen t\u00e1pell\u00e1t\u00e1s- \u00e9s m\u00e9diavez\u00e9rl\u0151it a Power Media Button csukl\u00f3t\u00e1masz csatlakoz\u00f3k\u00e1rty\u00e1val. \u00c9lvezze az \u00e1ramvonalas funkci\u00f3kat \u00e9s a kib\u0151v\u00edtett vez\u00e9rl\u00e9st.<\/p>\n","protected":false},"featured_media":4065,"template":"","meta":[],"product_brand":[],"product_cat":[27],"product_tag":[],"class_list":{"0":"post-4026","1":"product","2":"type-product","3":"status-publish","4":"has-post-thumbnail","6":"product_cat-motherboards-board-parts","8":"first","9":"instock","10":"taxable","11":"shipping-taxable","12":"purchasable","13":"product-type-simple"},"_links":{"self":[{"href":"https:\/\/boreait.com\/hu\/wp-json\/wp\/v2\/product\/4026","targetHints":{"allow":["GET"]}}],"collection":[{"href":"https:\/\/boreait.com\/hu\/wp-json\/wp\/v2\/product"}],"about":[{"href":"https:\/\/boreait.com\/hu\/wp-json\/wp\/v2\/types\/product"}],"wp:featuredmedia":[{"embeddable":true,"href":"https:\/\/boreait.com\/hu\/wp-json\/wp\/v2\/media\/4065"}],"wp:attachment":[{"href":"https:\/\/boreait.com\/hu\/wp-json\/wp\/v2\/media?parent=4026"}],"wp:term":[{"taxonomy":"product_brand","embeddable":true,"href":"https:\/\/boreait.com\/hu\/wp-json\/wp\/v2\/product_brand?post=4026"},{"taxonomy":"product_cat","embeddable":true,"href":"https:\/\/boreait.com\/hu\/wp-json\/wp\/v2\/product_cat?post=4026"},{"taxonomy":"product_tag","embeddable":true,"href":"https:\/\/boreait.com\/hu\/wp-json\/wp\/v2\/product_tag?post=4026"}],"curies":[{"name":"wp","href":"https:\/\/api.w.org\/{rel}","templated":true}]}}