{"id":4025,"date":"2025-09-17T10:49:46","date_gmt":"2025-09-17T08:49:46","guid":{"rendered":"https:\/\/boreait.com\/hu\/?post_type=product&#038;p=4025"},"modified":"2026-01-14T09:36:47","modified_gmt":"2026-01-14T08:36:47","slug":"asus-x553-x553m-x553ma-laptop-lr-paros-kepernyopantok-x553","status":"publish","type":"product","link":"https:\/\/boreait.com\/hu\/termek\/asus-x553-x553m-x553ma-laptop-lr-paros-kepernyopantok-x553\/","title":{"rendered":"ASUS X553 X553M X553MA laptop L+R P\u00c1ROS k\u00e9perny\u0151p\u00e1ntok X553"},"content":{"rendered":"<p>Friss\u00edtse ASUS laptopja zsan\u00e9rjait az ASUS SonicMaster Bal + Jobb zsan\u00e9rk\u00e9szlettel. Ezeket az eredeti ASUS cserep\u00e1ntokat \u00fagy tervezt\u00e9k, hogy helyre\u00e1ll\u00edts\u00e1k laptopja funkcionalit\u00e1s\u00e1t \u00e9s eszt\u00e9tik\u00e1j\u00e1t. Legyen sz\u00f3 t\u00f6r\u00f6tt zsan\u00e9rr\u00f3l, vagy egyszer\u0171en csak felfriss\u00edteni szeretn\u00e9 laptopja megjelen\u00e9s\u00e9t, ezek a zsan\u00e9rok t\u00f6k\u00e9letes megold\u00e1st k\u00edn\u00e1lnak.<\/p>\n<p>Az ASUS \u00e1ltal megalkotott, megb\u00edzhat\u00f3 n\u00e9v a sz\u00e1m\u00edt\u00e1stechnik\u00e1ban, a SonicMaster Hinges Left + Right k\u00e9szlet z\u00f6kken\u0151mentes integr\u00e1ci\u00f3t biztos\u00edt laptopj\u00e1val. Ezeket a zsan\u00e9rokat kifejezetten az ASUS laptopokhoz tervezt\u00e9k, t\u00f6k\u00e9letes illeszked\u00e9st \u00e9s megb\u00edzhat\u00f3 teljes\u00edtm\u00e9nyt biztos\u00edtva.<\/p>\n<p>A telep\u00edt\u00e9s egyszer\u0171, k\u00f6sz\u00f6nhet\u0151en a prec\u00edzi\u00f3s kialak\u00edt\u00e1snak, amely illeszkedik a laptop eredeti alkatr\u00e9szeihez. Az eredeti ASUS alkatr\u00e9szek kiv\u00e1laszt\u00e1s\u00e1val laptopja min\u0151s\u00e9g\u00e9be \u00e9s \u00e9lettartam\u00e1ba fektet be.<\/p>\n<p>Friss\u00edtse laptopj\u00e1t az ASUS SonicMaster Hinges Left + Right k\u00e9szlettel, \u00e9s \u00e9lvezze a vissza\u00e1ll\u00edtott funkcionalit\u00e1st \u00e9s eszt\u00e9tik\u00e1t. Gy\u0151z\u0151dj\u00f6n meg arr\u00f3l, hogy laptopja zsan\u00e9rjai sim\u00e1n m\u0171k\u00f6dnek, \u00e9s olyan j\u00f3l n\u00e9znek ki, mint az \u00faj.<\/p>\n","protected":false},"excerpt":{"rendered":"<p>Friss\u00edtse ASUS laptopja zsan\u00e9rjait az ASUS SonicMaster Bal + Jobb zsan\u00e9rk\u00e9szlettel. \u00c1ll\u00edtsa vissza a funkcionalit\u00e1st \u00e9s az eszt\u00e9tik\u00e1t ezekkel az eredeti ASUS cserep\u00e1ntokkal.<\/p>\n","protected":false},"featured_media":4064,"template":"","meta":[],"product_brand":[],"product_cat":[19],"product_tag":[30],"class_list":{"0":"post-4025","1":"product","2":"type-product","3":"status-publish","4":"has-post-thumbnail","6":"product_cat-screen-hinge","7":"product_tag-asus","9":"first","10":"instock","11":"taxable","12":"shipping-taxable","13":"purchasable","14":"product-type-simple"},"_links":{"self":[{"href":"https:\/\/boreait.com\/hu\/wp-json\/wp\/v2\/product\/4025","targetHints":{"allow":["GET"]}}],"collection":[{"href":"https:\/\/boreait.com\/hu\/wp-json\/wp\/v2\/product"}],"about":[{"href":"https:\/\/boreait.com\/hu\/wp-json\/wp\/v2\/types\/product"}],"wp:featuredmedia":[{"embeddable":true,"href":"https:\/\/boreait.com\/hu\/wp-json\/wp\/v2\/media\/4064"}],"wp:attachment":[{"href":"https:\/\/boreait.com\/hu\/wp-json\/wp\/v2\/media?parent=4025"}],"wp:term":[{"taxonomy":"product_brand","embeddable":true,"href":"https:\/\/boreait.com\/hu\/wp-json\/wp\/v2\/product_brand?post=4025"},{"taxonomy":"product_cat","embeddable":true,"href":"https:\/\/boreait.com\/hu\/wp-json\/wp\/v2\/product_cat?post=4025"},{"taxonomy":"product_tag","embeddable":true,"href":"https:\/\/boreait.com\/hu\/wp-json\/wp\/v2\/product_tag?post=4025"}],"curies":[{"name":"wp","href":"https:\/\/api.w.org\/{rel}","templated":true}]}}