{"id":4022,"date":"2025-09-17T10:49:46","date_gmt":"2025-09-17T08:49:46","guid":{"rendered":"https:\/\/boreait.com\/hu\/?post_type=product&#038;p=4022"},"modified":"2026-01-14T09:15:56","modified_gmt":"2026-01-14T08:15:56","slug":"asus-x553m-erintopad-140425-01","status":"publish","type":"product","link":"https:\/\/boreait.com\/hu\/termek\/asus-x553m-erintopad-140425-01\/","title":{"rendered":"ASUS X553M \u00e9rint\u0151pad 140425-01"},"content":{"rendered":"<p>Friss\u00edtse ASUS laptopja \u00e9rint\u0151pad funkci\u00f3it az ASUS SonicMaster \u00e9rint\u0151paddal. A laptop \u00e9rint\u0151k\u00e9perny\u0151s beviteli \u00e9lm\u00e9ny\u00e9nek fokoz\u00e1s\u00e1ra k\u00e9sz\u00fclt, ez az eredeti ASUS \u00e9rint\u0151pad pontoss\u00e1got \u00e9s \u00e9rz\u00e9kenys\u00e9get k\u00edn\u00e1l az optimaliz\u00e1lt sz\u00e1m\u00edt\u00e1stechnikai \u00e9lm\u00e9ny \u00e9rdek\u00e9ben.<\/p>\n<p>A sz\u00e1m\u00edt\u00e1stechnik\u00e1ban ismert ASUS \u00e1ltal tervezett SonicMaster Touchpad hat\u00e9kony \u00e9rint\u00e9ses beviteli k\u00e9pess\u00e9geket biztos\u00edt. A laptop felhaszn\u00e1l\u00f3i fel\u00fclet\u00e9nek alapvet\u0151 elemek\u00e9nt ez az \u00e9rint\u0151pad kulcsfontoss\u00e1g\u00fa szerepet j\u00e1tszik a z\u00f6kken\u0151mentes navig\u00e1ci\u00f3, a k\u00f6nnyed gesztusok \u00e9s a pontos kurzorvez\u00e9rl\u00e9s biztos\u00edt\u00e1s\u00e1ban.<\/p>\n<p>Ak\u00e1r az interneten b\u00f6ng\u00e9szik, ak\u00e1r dokumentumokon dolgozik, ak\u00e1r multim\u00e9di\u00e1s tartalmakat \u00e9lvez, ez az \u00e9rint\u0151pad az \u00d6n \u00e1ltal elv\u00e1rt k\u00e9nyelmet \u00e9s hat\u00e9konys\u00e1got biztos\u00edtja. Prec\u00edzi\u00f3s tervez\u00e9se biztos\u00edtja, hogy minden \u00e9rint\u00e9s \u00e9s gesztus pontosan r\u00f6gz\u00edt\u00e9sre ker\u00fclj\u00f6n, jav\u00edtva ezzel a termel\u00e9kenys\u00e9get \u00e9s a felhaszn\u00e1l\u00f3i \u00e9lm\u00e9nyt.<\/p>\n<p>A telep\u00edt\u00e9s egyszer\u0171 az OEM-kialak\u00edt\u00e1snak k\u00f6sz\u00f6nhet\u0151en, amely illeszkedik a laptop eredeti alkatr\u00e9szeihez. Az eredeti ASUS alkatr\u00e9szek kiv\u00e1laszt\u00e1s\u00e1val laptopja \u00e9rint\u0151k\u00e9perny\u0151s bemenet\u00e9nek min\u0151s\u00e9g\u00e9be \u00e9s megb\u00edzhat\u00f3s\u00e1g\u00e1ba fektet be.<\/p>\n<p>Friss\u00edtse laptopja \u00e9rint\u0151k\u00e9perny\u0151s beviteli k\u00e9pess\u00e9geit az ASUS SonicMaster \u00e9rint\u0151paddal. \u00c9lvezze a prec\u00edz vez\u00e9rl\u00e9st, az er\u0151fesz\u00edt\u00e9s n\u00e9lk\u00fcli navig\u00e1ci\u00f3t \u00e9s az \u00e9rz\u00e9keny \u00e9rint\u00e9s\u00e9rz\u00e9keny bemenetet ASUS laptopj\u00e1n. N\u00f6velje sz\u00e1m\u00edt\u00e1stechnikai \u00e9lm\u00e9ny\u00e9t ezzel a megb\u00edzhat\u00f3 \u00e9s hat\u00e9kony \u00e9rint\u0151paddal.<\/p>\n<p>V\u00e1s\u00e1rl\u00e1s el\u0151tt ellen\u0151rizze, hogy kompatibilis-e az adott laptopmodellj\u00e9vel.<\/p>\n","protected":false},"excerpt":{"rendered":"<p>Friss\u00edtse ASUS laptopja \u00e9rint\u0151padj\u00e1t az ASUS SonicMaster Touchpaddal a prec\u00edz, \u00e9rz\u00e9keny \u00e9s k\u00f6nnyed \u00e9rint\u00e9smentes bevitel \u00e9rdek\u00e9ben. \u00c9lvezze a tov\u00e1bbfejlesztett sz\u00e1m\u00edt\u00e1stechnikai \u00e9lm\u00e9nyt ezzel az eredeti ASUS \u00e9rint\u0151paddal.<\/p>\n","protected":false},"featured_media":4060,"template":"","meta":[],"product_brand":[],"product_cat":[27],"product_tag":[30],"class_list":{"0":"post-4022","1":"product","2":"type-product","3":"status-publish","4":"has-post-thumbnail","6":"product_cat-motherboards-board-parts","7":"product_tag-asus","9":"first","10":"instock","11":"taxable","12":"shipping-taxable","13":"purchasable","14":"product-type-simple"},"_links":{"self":[{"href":"https:\/\/boreait.com\/hu\/wp-json\/wp\/v2\/product\/4022","targetHints":{"allow":["GET"]}}],"collection":[{"href":"https:\/\/boreait.com\/hu\/wp-json\/wp\/v2\/product"}],"about":[{"href":"https:\/\/boreait.com\/hu\/wp-json\/wp\/v2\/types\/product"}],"wp:featuredmedia":[{"embeddable":true,"href":"https:\/\/boreait.com\/hu\/wp-json\/wp\/v2\/media\/4060"}],"wp:attachment":[{"href":"https:\/\/boreait.com\/hu\/wp-json\/wp\/v2\/media?parent=4022"}],"wp:term":[{"taxonomy":"product_brand","embeddable":true,"href":"https:\/\/boreait.com\/hu\/wp-json\/wp\/v2\/product_brand?post=4022"},{"taxonomy":"product_cat","embeddable":true,"href":"https:\/\/boreait.com\/hu\/wp-json\/wp\/v2\/product_cat?post=4022"},{"taxonomy":"product_tag","embeddable":true,"href":"https:\/\/boreait.com\/hu\/wp-json\/wp\/v2\/product_tag?post=4022"}],"curies":[{"name":"wp","href":"https:\/\/api.w.org\/{rel}","templated":true}]}}