{"id":401,"date":"2025-09-17T09:26:32","date_gmt":"2025-09-17T07:26:32","guid":{"rendered":"https:\/\/boreait.com\/hu\/?post_type=product&#038;p=401"},"modified":"2026-01-14T08:31:41","modified_gmt":"2026-01-14T07:31:41","slug":"hp-huawei-mu736-748599-001-vezetek-nelkuli-3g-halozati-modul","status":"publish","type":"product","link":"https:\/\/boreait.com\/hu\/termek\/hp-huawei-mu736-748599-001-vezetek-nelkuli-3g-halozati-modul\/","title":{"rendered":"HP Huawei MU736 748599-001 vezet\u00e9k n\u00e9lk\u00fcli 3G h\u00e1l\u00f3zati modul"},"content":{"rendered":"<p>Ez a h\u00e1l\u00f3zati modul t\u00e1mogatja a 3G kapcsolatot, amely megb\u00edzhat\u00f3 \u00e9s viszonylag gyors vezet\u00e9k n\u00e9lk\u00fcli adat\u00e1tvitelt tesz lehet\u0151v\u00e9. Haszn\u00e1lhat\u00f3 mobilh\u00e1l\u00f3zatokkal val\u00f3 kapcsolat l\u00e9trehoz\u00e1s\u00e1ra, lehet\u0151v\u00e9 t\u00e9ve az eszk\u00f6z\u00f6k sz\u00e1m\u00e1ra az internet el\u00e9r\u00e9s\u00e9t vagy m\u00e1s eszk\u00f6z\u00f6kkel val\u00f3 t\u00e1voli kommunik\u00e1ci\u00f3t.<\/p>\n<p>A modult \u00fagy tervezt\u00e9k, hogy integr\u00e1lhat\u00f3 legyen kompatibilis HP-eszk\u00f6z\u00f6kbe, p\u00e9ld\u00e1ul laptopokba vagy t\u00e1blag\u00e9pekbe, be\u00e9p\u00edtett vezet\u00e9k n\u00e9lk\u00fcli csatlakoz\u00e1si lehet\u0151s\u00e9geket biztos\u00edtva sz\u00e1mukra. K\u00e9nyelmes megold\u00e1st k\u00edn\u00e1l azoknak a felhaszn\u00e1l\u00f3knak, akik mobil adathozz\u00e1f\u00e9r\u00e9st ig\u00e9nyelnek HP-eszk\u00f6zeiken k\u00fcls\u0151 modemek vagy hardverkulcsok n\u00e9lk\u00fcl.<\/p>\n<p>A HP Huawei MU736 748599-001 vezet\u00e9k n\u00e9lk\u00fcli 3G h\u00e1l\u00f3zati modul rendk\u00edv\u00fcl megb\u00edzhat\u00f3 \u00e9s hat\u00e9kony megold\u00e1s azoknak a felhaszn\u00e1l\u00f3knak, akiknek \u00fatk\u00f6zben is kapcsolatban kell maradniuk. Kompakt m\u00e9rete \u00e9s a HP k\u00e9sz\u00fcl\u00e9kekkel val\u00f3 kompatibilit\u00e1sa k\u00e9nyelmes v\u00e1laszt\u00e1ss\u00e1 teszi azokat az egy\u00e9nek sz\u00e1m\u00e1ra, akik munkahelyi vagy szem\u00e9lyes haszn\u00e1latra t\u00e1maszkodnak vezet\u00e9k n\u00e9lk\u00fcli kapcsolatra.<\/p>\n","protected":false},"excerpt":{"rendered":"<p>A HP Huawei MU736 748599-001 vezet\u00e9k n\u00e9lk\u00fcli 3G h\u00e1l\u00f3zati modul egy kompakt \u00e9s sokoldal\u00fa modul, amelyet arra terveztek, hogy vezet\u00e9k n\u00e9lk\u00fcli kapcsolatot biztos\u00edtson a kompatibilis HP-eszk\u00f6z\u00f6kkel. A Huawei, egy j\u00f3l ismert t\u00e1vk\u00f6zl\u00e9si berendez\u00e9sekkel \u00e9s sz\u00f3rakoztat\u00f3elektronikai c\u00e9g gy\u00e1rtja.<\/p>\n","protected":false},"featured_media":465,"template":"","meta":[],"product_brand":[],"product_cat":[27],"product_tag":[25],"class_list":{"0":"post-401","1":"product","2":"type-product","3":"status-publish","4":"has-post-thumbnail","6":"product_cat-motherboards-board-parts","7":"product_tag-hp","9":"first","10":"instock","11":"taxable","12":"shipping-taxable","13":"purchasable","14":"product-type-simple"},"_links":{"self":[{"href":"https:\/\/boreait.com\/hu\/wp-json\/wp\/v2\/product\/401","targetHints":{"allow":["GET"]}}],"collection":[{"href":"https:\/\/boreait.com\/hu\/wp-json\/wp\/v2\/product"}],"about":[{"href":"https:\/\/boreait.com\/hu\/wp-json\/wp\/v2\/types\/product"}],"wp:featuredmedia":[{"embeddable":true,"href":"https:\/\/boreait.com\/hu\/wp-json\/wp\/v2\/media\/465"}],"wp:attachment":[{"href":"https:\/\/boreait.com\/hu\/wp-json\/wp\/v2\/media?parent=401"}],"wp:term":[{"taxonomy":"product_brand","embeddable":true,"href":"https:\/\/boreait.com\/hu\/wp-json\/wp\/v2\/product_brand?post=401"},{"taxonomy":"product_cat","embeddable":true,"href":"https:\/\/boreait.com\/hu\/wp-json\/wp\/v2\/product_cat?post=401"},{"taxonomy":"product_tag","embeddable":true,"href":"https:\/\/boreait.com\/hu\/wp-json\/wp\/v2\/product_tag?post=401"}],"curies":[{"name":"wp","href":"https:\/\/api.w.org\/{rel}","templated":true}]}}