{"id":4000,"date":"2025-09-17T10:49:23","date_gmt":"2025-09-17T08:49:23","guid":{"rendered":"https:\/\/boreait.com\/hu\/?post_type=product&#038;p=4000"},"modified":"2026-01-14T09:15:39","modified_gmt":"2026-01-14T08:15:39","slug":"asus-sonicmaster-wifi-modul-ar5b125","status":"publish","type":"product","link":"https:\/\/boreait.com\/hu\/termek\/asus-sonicmaster-wifi-modul-ar5b125\/","title":{"rendered":"ASUS Sonicmaster WiFi modul AR5B125"},"content":{"rendered":"<p>Fokozza ASUS laptopja vezet\u00e9k n\u00e9lk\u00fcli kapcsolat\u00e1t az ASUS SonicMaster AR5B125 WiFi modullal. A laptop vezet\u00e9k n\u00e9lk\u00fcli k\u00e9pess\u00e9geinek optimaliz\u00e1l\u00e1s\u00e1ra tervezett eredeti WiFi modul megb\u00edzhat\u00f3 \u00e9s gyors vezet\u00e9k n\u00e9lk\u00fcli h\u00e1l\u00f3zatot biztos\u00edt, \u00e9s z\u00f6kken\u0151mentes online \u00e9lm\u00e9nyt biztos\u00edt.<\/p>\n<p>A sz\u00e1m\u00edt\u00e1stechnik\u00e1ban megb\u00edzhat\u00f3 n\u00e9v, az ASUS \u00e1ltal gy\u00e1rtott SonicMaster AR5B125 WiFi modult \u00fagy tervezt\u00e9k, hogy robusztus vezet\u00e9k n\u00e9lk\u00fcli kapcsolatot biztos\u00edtson. A laptop bels\u0151 rendszereinek alapvet\u0151 elemek\u00e9nt ez a modul kulcsfontoss\u00e1g\u00fa szerepet j\u00e1tszik a stabil internet-hozz\u00e1f\u00e9r\u00e9s \u00e9s a hat\u00e9kony adat\u00e1tvitel biztos\u00edt\u00e1s\u00e1ban.<\/p>\n<p>Ak\u00e1r az interneten szeretne b\u00f6ng\u00e9szni, tartalmat streamelni, ak\u00e1r bar\u00e1tokkal \u00e9s koll\u00e9g\u00e1kkal kell kapcsolatot l\u00e9tes\u00edtenie, ez a WiFi-modul a k\u00edv\u00e1nt sebess\u00e9get \u00e9s megb\u00edzhat\u00f3s\u00e1got k\u00edn\u00e1lja. Sz\u00e1mos vezet\u00e9k n\u00e9lk\u00fcli szabv\u00e1nyt t\u00e1mogat, \u00e9s kiv\u00e1l\u00f3 kompatibilit\u00e1st biztos\u00edt a h\u00e1l\u00f3zatok sz\u00e9les sk\u00e1l\u00e1j\u00e1val.<\/p>\n<p>A telep\u00edt\u00e9s egyszer\u0171 az OEM-kialak\u00edt\u00e1snak k\u00f6sz\u00f6nhet\u0151en, amely illeszkedik a laptop eredeti alkatr\u00e9szeihez.\u00a0 Az eredeti ASUS alkatr\u00e9szek kiv\u00e1laszt\u00e1s\u00e1val laptopja vezet\u00e9k n\u00e9lk\u00fcli kapcsolat\u00e1nak min\u0151s\u00e9g\u00e9be \u00e9s megb\u00edzhat\u00f3s\u00e1g\u00e1ba fektet be.<\/p>\n<p>Friss\u00edtse laptopja vezet\u00e9k n\u00e9lk\u00fcli k\u00e9pess\u00e9geit az ASUS SonicMaster AR5B125 WiFi modullal. \u00c9lvezze a gyorsabb \u00e9s megb\u00edzhat\u00f3bb internet-hozz\u00e1f\u00e9r\u00e9st, a z\u00f6kken\u0151mentes adat\u00e1tvitelt \u00e9s a kiv\u00e1l\u00f3 online \u00e9lm\u00e9nyt ASUS laptopj\u00e1n. N\u00f6velje sz\u00e1m\u00edt\u00e1stechnikai \u00e9lm\u00e9ny\u00e9t ezzel a megb\u00edzhat\u00f3 \u00e9s hat\u00e9kony WiFi modullal.<\/p>\n<p>V\u00e1s\u00e1rl\u00e1s el\u0151tt ellen\u0151rizze, hogy kompatibilis-e az adott laptopmodellj\u00e9vel.<\/p>\n","protected":false},"excerpt":{"rendered":"<p>Fokozza ASUS laptopja vezet\u00e9k n\u00e9lk\u00fcli kapcsolat\u00e1t az ASUS SonicMaster AR5B125 WiFi modullal. \u00c9lvezze a gyorsabb \u00e9s megb\u00edzhat\u00f3bb internet-hozz\u00e1f\u00e9r\u00e9st a kiv\u00e1l\u00f3 online \u00e9lm\u00e9ny \u00e9rdek\u00e9ben.<\/p>\n","protected":false},"featured_media":4049,"template":"","meta":[],"product_brand":[],"product_cat":[27],"product_tag":[30],"class_list":{"0":"post-4000","1":"product","2":"type-product","3":"status-publish","4":"has-post-thumbnail","6":"product_cat-motherboards-board-parts","7":"product_tag-asus","9":"first","10":"instock","11":"taxable","12":"shipping-taxable","13":"purchasable","14":"product-type-simple"},"_links":{"self":[{"href":"https:\/\/boreait.com\/hu\/wp-json\/wp\/v2\/product\/4000","targetHints":{"allow":["GET"]}}],"collection":[{"href":"https:\/\/boreait.com\/hu\/wp-json\/wp\/v2\/product"}],"about":[{"href":"https:\/\/boreait.com\/hu\/wp-json\/wp\/v2\/types\/product"}],"wp:featuredmedia":[{"embeddable":true,"href":"https:\/\/boreait.com\/hu\/wp-json\/wp\/v2\/media\/4049"}],"wp:attachment":[{"href":"https:\/\/boreait.com\/hu\/wp-json\/wp\/v2\/media?parent=4000"}],"wp:term":[{"taxonomy":"product_brand","embeddable":true,"href":"https:\/\/boreait.com\/hu\/wp-json\/wp\/v2\/product_brand?post=4000"},{"taxonomy":"product_cat","embeddable":true,"href":"https:\/\/boreait.com\/hu\/wp-json\/wp\/v2\/product_cat?post=4000"},{"taxonomy":"product_tag","embeddable":true,"href":"https:\/\/boreait.com\/hu\/wp-json\/wp\/v2\/product_tag?post=4000"}],"curies":[{"name":"wp","href":"https:\/\/api.w.org\/{rel}","templated":true}]}}