{"id":400,"date":"2025-09-17T09:26:32","date_gmt":"2025-09-17T07:26:32","guid":{"rendered":"https:\/\/boreait.com\/hu\/?post_type=product&#038;p=400"},"modified":"2026-01-14T08:31:22","modified_gmt":"2026-01-14T07:31:22","slug":"dell-latitude-e7440-erintopad-egergombok-tabla-a12an5","status":"publish","type":"product","link":"https:\/\/boreait.com\/hu\/termek\/dell-latitude-e7440-erintopad-egergombok-tabla-a12an5\/","title":{"rendered":"Dell Latitude E7440 \u00e9rint\u0151pad eg\u00e9rgombok t\u00e1bla A12AN5"},"content":{"rendered":"<p>Az \u00e9rint\u0151pad eg\u00e9rgombjainak t\u00e1bl\u00e1ja felel\u0151s az\u00e9rt, hogy az \u00e9rint\u0151padon v\u00e9grehajtott mozdulatokat \u00e9s gesztusokat olyan parancsokk\u00e1 alak\u00edtsa, amelyeket a laptop oper\u00e1ci\u00f3s rendszere meg\u00e9rt. Jellemz\u0151en \u00e9rint\u00e9s\u00e9rz\u00e9keny fel\u00fcletb\u0151l \u00e1ll, amely t\u00e1mogatja a t\u00f6bb\u00e9rint\u00e9ses gesztusokat, lehet\u0151v\u00e9 t\u00e9ve a felhaszn\u00e1l\u00f3k sz\u00e1m\u00e1ra, hogy olyan feladatokat hajtsanak v\u00e9gre, mint a g\u00f6rget\u00e9s, nagy\u00edt\u00e1s \u00e9s forgat\u00e1s.<\/p>\n<p>Az A12AN5 jel\u00f6l\u00e9s a Dell Latitude E7440 \u00e9rint\u0151pad eg\u00e9rgombjaihoz t\u00e1rs\u00edtott konkr\u00e9t modell vagy cikksz\u00e1m. Seg\u00edt az \u00f6sszetev\u0151 adott verzi\u00f3j\u00e1nak vagy rev\u00edzi\u00f3j\u00e1nak azonos\u00edt\u00e1s\u00e1ban.<\/p>\n<p>\u00d6sszess\u00e9g\u00e9ben elmondhat\u00f3, hogy a Dell Latitude E7440 Touchpad Mouse Buttons Board A12AN5 kulcsfontoss\u00e1g\u00fa szerepet j\u00e1tszik abban, hogy k\u00e9nyelmes \u00e9s hat\u00e9kony beviteli m\u00f3dot biztos\u00edtson a felhaszn\u00e1l\u00f3k sz\u00e1m\u00e1ra a Dell Latitude E7440 laptopjaikon val\u00f3 navig\u00e1l\u00e1shoz \u00e9s interakci\u00f3hoz.<\/p>\n","protected":false},"excerpt":{"rendered":"<p>A Dell Latitude E7440 Touchpad Mouse Buttons Board A12AN5 egy kifejezetten a Dell Latitude E7440 laptopmodellhez tervezett alkatr\u00e9sz. Interf\u00e9szk\u00e9nt szolg\u00e1l az \u00e9rint\u0151pad \u00e9s a laptop alaplapja k\u00f6z\u00f6tt, lehet\u0151v\u00e9 t\u00e9ve a felhaszn\u00e1l\u00f3k sz\u00e1m\u00e1ra az eg\u00e9rkurzor vez\u00e9rl\u00e9s\u00e9t \u00e9s k\u00fcl\u00f6nf\u00e9le m\u0171veletek v\u00e9grehajt\u00e1s\u00e1t a k\u00e9perny\u0151n.<\/p>\n","protected":false},"featured_media":463,"template":"","meta":[],"product_brand":[],"product_cat":[42],"product_tag":[17,25],"class_list":{"0":"post-400","1":"product","2":"type-product","3":"status-publish","4":"has-post-thumbnail","6":"product_cat-laptop-touchpads","7":"product_tag-dell","8":"product_tag-hp","10":"first","11":"instock","12":"taxable","13":"shipping-taxable","14":"purchasable","15":"product-type-simple"},"_links":{"self":[{"href":"https:\/\/boreait.com\/hu\/wp-json\/wp\/v2\/product\/400","targetHints":{"allow":["GET"]}}],"collection":[{"href":"https:\/\/boreait.com\/hu\/wp-json\/wp\/v2\/product"}],"about":[{"href":"https:\/\/boreait.com\/hu\/wp-json\/wp\/v2\/types\/product"}],"wp:featuredmedia":[{"embeddable":true,"href":"https:\/\/boreait.com\/hu\/wp-json\/wp\/v2\/media\/463"}],"wp:attachment":[{"href":"https:\/\/boreait.com\/hu\/wp-json\/wp\/v2\/media?parent=400"}],"wp:term":[{"taxonomy":"product_brand","embeddable":true,"href":"https:\/\/boreait.com\/hu\/wp-json\/wp\/v2\/product_brand?post=400"},{"taxonomy":"product_cat","embeddable":true,"href":"https:\/\/boreait.com\/hu\/wp-json\/wp\/v2\/product_cat?post=400"},{"taxonomy":"product_tag","embeddable":true,"href":"https:\/\/boreait.com\/hu\/wp-json\/wp\/v2\/product_tag?post=400"}],"curies":[{"name":"wp","href":"https:\/\/api.w.org\/{rel}","templated":true}]}}