{"id":3998,"date":"2025-09-17T10:49:23","date_gmt":"2025-09-17T08:49:23","guid":{"rendered":"https:\/\/boreait.com\/hu\/?post_type=product&#038;p=3998"},"modified":"2026-01-10T14:44:14","modified_gmt":"2026-01-10T13:44:14","slug":"asus-x453-x553-f553-p553-r413-kartya-usb-es-audio-aljzattal","status":"publish","type":"product","link":"https:\/\/boreait.com\/hu\/termek\/asus-x453-x553-f553-p553-r413-kartya-usb-es-audio-aljzattal\/","title":{"rendered":"ASUS X453 X553 F553 P553 R413 K\u00c1RTYA USB- \u00c9S AUDIO ALJZATTAL"},"content":{"rendered":"<p>B\u0151v\u00edtse ASUS X453, X553, F553, P553 vagy R413 laptopja csatlakoztathat\u00f3s\u00e1g\u00e1t az ASUS X453 X553 F553 P553 R413 k\u00e1rty\u00e1val USB &amp; Audio Jack. Ezt az eredeti cserek\u00e1rty\u00e1t \u00fagy tervezt\u00e9k, hogy optimaliz\u00e1lja a laptop csatlakoztathat\u00f3s\u00e1g\u00e1t, \u00e9s USB- \u00e9s audiocsatlakoz\u00f3-funkci\u00f3kat is biztos\u00edt a jobb sz\u00e1m\u00edt\u00e1stechnikai \u00e9lm\u00e9ny \u00e9rdek\u00e9ben.<\/p>\n<p>Az ASUS, egy megb\u00edzhat\u00f3 n\u00e9v a sz\u00e1m\u00edt\u00e1stechnik\u00e1ban, az ASUS X453 X553 F553 P553 R413 k\u00e1rtya USB-vel \u00e9s USB-vel; Az Audio Jack z\u00f6kken\u0151mentes integr\u00e1ci\u00f3t biztos\u00edt laptopj\u00e1val. A laptop bels\u0151 rendszereinek alapvet\u0151 elemek\u00e9nt ez a k\u00e1rtya kib\u0151v\u00edti a csatlakoz\u00e1si lehet\u0151s\u00e9geket, lehet\u0151v\u00e9 t\u00e9ve az USB-eszk\u00f6z\u00f6k \u00e9s fejhallgat\u00f3k vagy k\u00fcls\u0151 hangsz\u00f3r\u00f3k egyszer\u0171 csatlakoztat\u00e1s\u00e1t.<\/p>\n<p>Ak\u00e1r USB-n kereszt\u00fcl kell f\u00e1jlokat m\u00e1solnia, k\u00fcls\u0151 audioeszk\u00f6z\u00f6ket kell haszn\u00e1lnia, vagy egyszer\u0171en csak jobb hangmin\u0151s\u00e9get kell \u00e9lveznie, ez a cserek\u00e1rtya az \u00d6n \u00e1ltal elv\u00e1rt k\u00e9nyelmet \u00e9s hat\u00e9konys\u00e1got biztos\u00edtja. Egyszer\u0171s\u00edtse munkafolyamatait, \u00e9lvezze a kiv\u00e1l\u00f3 min\u0151s\u00e9g\u0171 hangot, \u00e9s csatlakoztassa a perif\u00e9ri\u00e1k sz\u00e9les sk\u00e1l\u00e1j\u00e1t an\u00e9lk\u00fcl, hogy tov\u00e1bbi adapterekre vagy hubokra lenne sz\u00fcks\u00e9ge.<\/p>\n<p>A telep\u00edt\u00e9s egyszer\u0171 a laptop eredeti alkatr\u00e9szeihez igazod\u00f3 kialak\u00edt\u00e1snak k\u00f6sz\u00f6nhet\u0151en.\u00a0 Az eredeti ASUS alkatr\u00e9szek kiv\u00e1laszt\u00e1s\u00e1val laptopja csatlakoztathat\u00f3s\u00e1g\u00e1nak \u00e9s audiok\u00e9pess\u00e9geinek min\u0151s\u00e9g\u00e9be \u00e9s megb\u00edzhat\u00f3s\u00e1g\u00e1ba fektet be.<\/p>\n<p>Friss\u00edtse laptopja csatlakoztathat\u00f3s\u00e1g\u00e1t \u00e9s audiofunkci\u00f3it az ASUS X453 X553 F553 P553 R413 k\u00e1rty\u00e1val USB \u00e9s amp; Audio Jack. \u00c9lvezze a b\u0151v\u00edtett csatlakoz\u00e1si lehet\u0151s\u00e9geket, a jobb hangmin\u0151s\u00e9get \u00e9s a z\u00f6kken\u0151mentes sz\u00e1m\u00edt\u00e1stechnikai \u00e9lm\u00e9nyt ASUS X453, X553, F553, P553 vagy R413 laptopj\u00e1n. N\u00f6velje sz\u00e1m\u00edt\u00e1stechnikai \u00e9lm\u00e9ny\u00e9t ezzel a megb\u00edzhat\u00f3 \u00e9s hat\u00e9kony cserek\u00e1rty\u00e1val.<\/p>\n<p>V\u00e1s\u00e1rl\u00e1s el\u0151tt ellen\u0151rizze, hogy kompatibilis-e az adott laptopmodellj\u00e9vel.<\/p>\n","protected":false},"excerpt":{"rendered":"<p>N\u00f6velje ASUS X453, X553, F553, P553 vagy R413 laptop csatlakoztathat\u00f3s\u00e1g\u00e1t \u00e9s audiok\u00e9pess\u00e9geit az ASUS X453 X553 F553 P553 R413 k\u00e1rty\u00e1val USB \u00e9s amp; Audio Jack.<\/p>\n","protected":false},"featured_media":4047,"template":"","meta":[],"product_brand":[],"product_cat":[27],"product_tag":[30],"class_list":{"0":"post-3998","1":"product","2":"type-product","3":"status-publish","4":"has-post-thumbnail","6":"product_cat-motherboards-board-parts","7":"product_tag-asus","9":"first","10":"instock","11":"taxable","12":"shipping-taxable","13":"purchasable","14":"product-type-simple"},"_links":{"self":[{"href":"https:\/\/boreait.com\/hu\/wp-json\/wp\/v2\/product\/3998","targetHints":{"allow":["GET"]}}],"collection":[{"href":"https:\/\/boreait.com\/hu\/wp-json\/wp\/v2\/product"}],"about":[{"href":"https:\/\/boreait.com\/hu\/wp-json\/wp\/v2\/types\/product"}],"wp:featuredmedia":[{"embeddable":true,"href":"https:\/\/boreait.com\/hu\/wp-json\/wp\/v2\/media\/4047"}],"wp:attachment":[{"href":"https:\/\/boreait.com\/hu\/wp-json\/wp\/v2\/media?parent=3998"}],"wp:term":[{"taxonomy":"product_brand","embeddable":true,"href":"https:\/\/boreait.com\/hu\/wp-json\/wp\/v2\/product_brand?post=3998"},{"taxonomy":"product_cat","embeddable":true,"href":"https:\/\/boreait.com\/hu\/wp-json\/wp\/v2\/product_cat?post=3998"},{"taxonomy":"product_tag","embeddable":true,"href":"https:\/\/boreait.com\/hu\/wp-json\/wp\/v2\/product_tag?post=3998"}],"curies":[{"name":"wp","href":"https:\/\/api.w.org\/{rel}","templated":true}]}}