{"id":3997,"date":"2025-09-17T10:49:23","date_gmt":"2025-09-17T08:49:23","guid":{"rendered":"https:\/\/boreait.com\/hu\/?post_type=product&#038;p=3997"},"modified":"2026-01-10T14:43:55","modified_gmt":"2026-01-10T13:43:55","slug":"sk-hynix-4gb-pc3l-12800s-1600mhz-ddr3-memoria-ram-laptophoz-asus-sonicmaster-x553m","status":"publish","type":"product","link":"https:\/\/boreait.com\/hu\/termek\/sk-hynix-4gb-pc3l-12800s-1600mhz-ddr3-memoria-ram-laptophoz-asus-sonicmaster-x553m\/","title":{"rendered":"SK Hynix 4GB PC3L-12800S 1600Mhz DDR3 mem\u00f3ria RAM laptophoz ASUS Sonicmaster X553M"},"content":{"rendered":"<p>N\u00f6velje laptopja teljes\u00edtm\u00e9ny\u00e9t az SK Hynix 4 GB PC3L-12800S 1600 MHz-es DDR3 mem\u00f3ria RAM seg\u00edts\u00e9g\u00e9vel. A laptop sebess\u00e9g\u00e9nek \u00e9s reakci\u00f3k\u00e9szs\u00e9g\u00e9nek optimaliz\u00e1l\u00e1s\u00e1ra tervezett eredeti SK Hynix RAM modul \u00faj \u00e9letet hoz a sz\u00e1m\u00edt\u00e1stechnikai \u00e9lm\u00e9nybe.<\/p>\n<p>A 4 GB kapacit\u00e1s\u00fa RAM-modul b\u0151s\u00e9ges mem\u00f3ri\u00e1t biztos\u00edt t\u00f6bb alkalmaz\u00e1s egyidej\u0171 futtat\u00e1s\u00e1hoz, nagy f\u00e1jlok kezel\u00e9s\u00e9hez \u00e9s laptopja \u00e1ltal\u00e1nos reakci\u00f3k\u00e9pess\u00e9g\u00e9nek fokoz\u00e1s\u00e1hoz. Ak\u00e1r \u00f6sszetett feladatokat kezel\u0151 professzion\u00e1lis, ak\u00e1r z\u00f6kken\u0151mentes sz\u00e1m\u00edt\u00e1stechnik\u00e1t \u00e9rt\u00e9kel\u0151 felhaszn\u00e1l\u00f3, ez a RAM-modul a sz\u00fcks\u00e9ges teljes\u00edtm\u00e9nyt ny\u00fajtja.<\/p>\n<p>A telep\u00edt\u00e9s egyszer\u0171, \u00e9s nem ig\u00e9nyel halad\u00f3 m\u0171szaki ismereteket.\u00a0 Az eredeti SK Hynix mem\u00f3ria kiv\u00e1laszt\u00e1s\u00e1val laptopja mem\u00f3riarendszer\u00e9nek megb\u00edzhat\u00f3s\u00e1g\u00e1ba \u00e9s hat\u00e9konys\u00e1g\u00e1ba fektet be.<\/p>\n<p>V\u00e1s\u00e1rl\u00e1s el\u0151tt ellen\u0151rizze, hogy kompatibilis-e az adott laptopmodellj\u00e9vel.<\/p>\n","protected":false},"excerpt":{"rendered":"<p>N\u00f6velje laptopja teljes\u00edtm\u00e9ny\u00e9t az SK Hynix 4 GB PC3L-12800S 1600 MHz-es DDR3 mem\u00f3ria RAM seg\u00edts\u00e9g\u00e9vel. \u00c9lvezze a tov\u00e1bbfejlesztett t\u00f6bbfeladatos munkav\u00e9gz\u00e9st \u00e9s a gyorsabb adathozz\u00e1f\u00e9r\u00e9st.<\/p>\n","protected":false},"featured_media":4046,"template":"","meta":[],"product_brand":[],"product_cat":[37,36],"product_tag":[],"class_list":{"0":"post-3997","1":"product","2":"type-product","3":"status-publish","4":"has-post-thumbnail","6":"product_cat-ddr3-ddr3l","7":"product_cat-ram-memory","9":"first","10":"instock","11":"taxable","12":"shipping-taxable","13":"purchasable","14":"product-type-simple"},"_links":{"self":[{"href":"https:\/\/boreait.com\/hu\/wp-json\/wp\/v2\/product\/3997","targetHints":{"allow":["GET"]}}],"collection":[{"href":"https:\/\/boreait.com\/hu\/wp-json\/wp\/v2\/product"}],"about":[{"href":"https:\/\/boreait.com\/hu\/wp-json\/wp\/v2\/types\/product"}],"wp:featuredmedia":[{"embeddable":true,"href":"https:\/\/boreait.com\/hu\/wp-json\/wp\/v2\/media\/4046"}],"wp:attachment":[{"href":"https:\/\/boreait.com\/hu\/wp-json\/wp\/v2\/media?parent=3997"}],"wp:term":[{"taxonomy":"product_brand","embeddable":true,"href":"https:\/\/boreait.com\/hu\/wp-json\/wp\/v2\/product_brand?post=3997"},{"taxonomy":"product_cat","embeddable":true,"href":"https:\/\/boreait.com\/hu\/wp-json\/wp\/v2\/product_cat?post=3997"},{"taxonomy":"product_tag","embeddable":true,"href":"https:\/\/boreait.com\/hu\/wp-json\/wp\/v2\/product_tag?post=3997"}],"curies":[{"name":"wp","href":"https:\/\/api.w.org\/{rel}","templated":true}]}}