{"id":3996,"date":"2025-09-17T10:49:22","date_gmt":"2025-09-17T08:49:22","guid":{"rendered":"https:\/\/boreait.com\/hu\/?post_type=product&#038;p=3996"},"modified":"2026-01-10T14:43:40","modified_gmt":"2026-01-10T13:43:40","slug":"lenovo-thinkpad-x1-carbon-usb-port-csatlakozok-kapcsoloja","status":"publish","type":"product","link":"https:\/\/boreait.com\/hu\/termek\/lenovo-thinkpad-x1-carbon-usb-port-csatlakozok-kapcsoloja\/","title":{"rendered":"Lenovo Thinkpad X1 Carbon USB port csatlakoz\u00f3k kapcsol\u00f3ja"},"content":{"rendered":"<p>N\u00f6velje Lenovo ThinkPad X1 Carbon laptopja csatlakoztathat\u00f3s\u00e1g\u00e1t \u00e9s haszn\u00e1lhat\u00f3s\u00e1g\u00e1t a Lenovo Thinkpad X1 Carbon USB port csatlakoz\u00f3k kapcsol\u00f3j\u00e1val. A laptop USB-funkci\u00f3inak optimaliz\u00e1l\u00e1s\u00e1ra k\u00e9sz\u00fclt, eredeti kapcsol\u00f3 z\u00f6kken\u0151mentes integr\u00e1ci\u00f3t \u00e9s jobb haszn\u00e1lhat\u00f3s\u00e1got k\u00edn\u00e1l a jobb sz\u00e1m\u00edt\u00e1stechnikai \u00e9lm\u00e9ny \u00e9rdek\u00e9ben.<\/p>\n<p>A Lenovo \u00e1ltal tervezett Thinkpad X1 Carbon USB Port Connectors Switch megb\u00edzhat\u00f3 USB-csatlakoz\u00e1st \u00e9s z\u00f6kken\u0151mentes v\u00e1lt\u00e1st biztos\u00edt az USB-portok k\u00f6z\u00f6tt. A laptop bels\u0151 rendszereinek alapvet\u0151 elemek\u00e9nt ez a kapcsol\u00f3 kulcsszerepet j\u00e1tszik az USB csatlakoz\u00e1si lehet\u0151s\u00e9gek b\u0151v\u00edt\u00e9s\u00e9ben.<\/p>\n<p>Ak\u00e1r k\u00fcls\u0151 eszk\u00f6z\u00f6k csatlakoztat\u00e1s\u00e1ra, adatok \u00e1tvitel\u00e9re vagy perif\u00e9ri\u00e1k t\u00f6lt\u00e9s\u00e9re van sz\u00fcks\u00e9ge, ez az USB-port csatlakoz\u00f3k kapcsol\u00f3ja az \u00d6n \u00e1ltal elv\u00e1rt k\u00e9nyelmet \u00e9s hat\u00e9konys\u00e1got biztos\u00edtja. Az \u00d6n rendelkez\u00e9s\u00e9re \u00e1ll\u00f3 t\u00f6bb USB-portnak \u00e9s a k\u00f6zt\u00fck l\u00e9v\u0151 k\u00f6nnyed v\u00e1lt\u00e1s lehet\u0151s\u00e9g\u00e9nek k\u00f6sz\u00f6nhet\u0151en k\u00f6nnyed\u00e9n elhelyezhet k\u00fcl\u00f6nf\u00e9le eszk\u00f6z\u00f6ket an\u00e9lk\u00fcl, hogy tov\u00e1bbi adapterekre vagy hubokra lenne sz\u00fcks\u00e9ge.<\/p>\n<p>A telep\u00edt\u00e9s egyszer\u0171 az OEM-kialak\u00edt\u00e1snak k\u00f6sz\u00f6nhet\u0151en, amely illeszkedik a laptop eredeti alkatr\u00e9szeihez.\u00a0 Az eredeti Lenovo alkatr\u00e9szek kiv\u00e1laszt\u00e1s\u00e1val laptopja csatlakoz\u00e1s\u00e1nak min\u0151s\u00e9g\u00e9be \u00e9s megb\u00edzhat\u00f3s\u00e1g\u00e1ba fektet be.<\/p>\n<p>Friss\u00edtse laptopja USB-kapcsolat\u00e1t a Lenovo Thinkpad X1 Carbon USB-port csatlakoz\u00f3k kapcsol\u00f3j\u00e1val. Ezzel a megb\u00edzhat\u00f3 \u00e9s hat\u00e9kony kapcsol\u00f3val b\u0151v\u00edtheti az USB-k\u00e9pess\u00e9geket, egyszer\u0171s\u00edtheti a munkafolyamatokat, \u00e9s k\u00f6nnyed\u00e9n csatlakoztathat k\u00fcls\u0151 eszk\u00f6z\u00f6ket.<\/p>\n<p>V\u00e1s\u00e1rl\u00e1s el\u0151tt ellen\u0151rizze, hogy kompatibilis-e az adott laptopmodellj\u00e9vel.<\/p>\n","protected":false},"excerpt":{"rendered":"<p>Fokozza az USB-kapcsolatot Lenovo ThinkPad X1 Carbon laptopj\u00e1n a Lenovo Thinkpad X1 Carbon USB-port csatlakoz\u00f3k kapcsol\u00f3j\u00e1val. \u00c9lvezze az USB-portok k\u00f6z\u00f6tti z\u00f6kken\u0151mentes v\u00e1lt\u00e1st a jobb haszn\u00e1lhat\u00f3s\u00e1g \u00e9rdek\u00e9ben.<\/p>\n","protected":false},"featured_media":4044,"template":"","meta":[],"product_brand":[],"product_cat":[27],"product_tag":[26],"class_list":{"0":"post-3996","1":"product","2":"type-product","3":"status-publish","4":"has-post-thumbnail","6":"product_cat-motherboards-board-parts","7":"product_tag-lenovo","9":"first","10":"instock","11":"taxable","12":"shipping-taxable","13":"purchasable","14":"product-type-simple"},"_links":{"self":[{"href":"https:\/\/boreait.com\/hu\/wp-json\/wp\/v2\/product\/3996","targetHints":{"allow":["GET"]}}],"collection":[{"href":"https:\/\/boreait.com\/hu\/wp-json\/wp\/v2\/product"}],"about":[{"href":"https:\/\/boreait.com\/hu\/wp-json\/wp\/v2\/types\/product"}],"wp:featuredmedia":[{"embeddable":true,"href":"https:\/\/boreait.com\/hu\/wp-json\/wp\/v2\/media\/4044"}],"wp:attachment":[{"href":"https:\/\/boreait.com\/hu\/wp-json\/wp\/v2\/media?parent=3996"}],"wp:term":[{"taxonomy":"product_brand","embeddable":true,"href":"https:\/\/boreait.com\/hu\/wp-json\/wp\/v2\/product_brand?post=3996"},{"taxonomy":"product_cat","embeddable":true,"href":"https:\/\/boreait.com\/hu\/wp-json\/wp\/v2\/product_cat?post=3996"},{"taxonomy":"product_tag","embeddable":true,"href":"https:\/\/boreait.com\/hu\/wp-json\/wp\/v2\/product_tag?post=3996"}],"curies":[{"name":"wp","href":"https:\/\/api.w.org\/{rel}","templated":true}]}}