{"id":3994,"date":"2025-09-17T10:49:22","date_gmt":"2025-09-17T08:49:22","guid":{"rendered":"https:\/\/boreait.com\/hu\/?post_type=product&#038;p=3994"},"modified":"2025-09-17T10:49:55","modified_gmt":"2025-09-17T08:49:55","slug":"lenovo-thinkpad-x1-karbon-also-boritotok-30-4rq07-xxx","status":"publish","type":"product","link":"https:\/\/boreait.com\/hu\/termek\/lenovo-thinkpad-x1-karbon-also-boritotok-30-4rq07-xxx\/","title":{"rendered":"Lenovo Thinkpad X1 karbon als\u00f3 bor\u00edt\u00f3tok \u2013 30.4rq07.xxx"},"content":{"rendered":"<p>Friss\u00edtse \u00e9s v\u00e9dje Lenovo ThinkPad X1 Carbon laptopj\u00e1t a Lenovo ThinkPad X1 Carbon Bottom Cover Case tokkal. Ezt az eredeti als\u00f3 bor\u00edt\u00f3tokot \u00fagy tervezt\u00e9k, hogy biztons\u00e1gos illeszked\u00e9st, kiv\u00e1l\u00f3 v\u00e9delmet \u00e9s eleg\u00e1ns megjelen\u00e9st biztos\u00edtson laptopj\u00e1nak. PN: 30.4rq07.xxx<\/p>\n<p>A Lenovo \u00e1ltal megalkotott, megb\u00edzhat\u00f3 n\u00e9v a sz\u00e1m\u00edt\u00e1stechnik\u00e1ban, ez az als\u00f3 bor\u00edt\u00f3tok z\u00f6kken\u0151mentes integr\u00e1ci\u00f3t biztos\u00edt a ThinkPad X1 Carbonnal. Egyedi tervez\u00e9s\u0171, hogy megfeleljen a laptop m\u00e9reteinek, \u00e9s meg\u0151rizze v\u00e9kony profilj\u00e1t, mik\u00f6zben alapvet\u0151 v\u00e9delmet ny\u00fajt.<\/p>\n<p>A tart\u00f3s anyagokb\u00f3l k\u00e9sz\u00fclt, als\u00f3 bor\u00edt\u00e1s\u00fa tok megv\u00e9di laptopj\u00e1t a karcol\u00e1sokt\u00f3l, karcol\u00e1sokt\u00f3l \u00e9s kisebb \u00fct\u00e9sekt\u0151l. Ide\u00e1lis kieg\u00e9sz\u00edt\u0151, ha mindig \u00faton van, vagy ha egyszer\u0171en csak szeretn\u00e9 meg\u0151rizni laptopja tiszta megjelen\u00e9s\u00e9t.<\/p>\n<p>A prec\u00edz kialak\u00edt\u00e1s lehet\u0151v\u00e9 teszi, hogy a tok elt\u00e1vol\u00edt\u00e1sa n\u00e9lk\u00fcl is k\u00f6nnyen hozz\u00e1f\u00e9rjen a laptop \u00f6sszes portj\u00e1hoz \u00e9s funkci\u00f3j\u00e1hoz. Ezenk\u00edv\u00fcl gum\u00edrozott l\u00e1bakkal rendelkezik, amelyek stabilit\u00e1st biztos\u00edtanak \u00e9s megakad\u00e1lyozz\u00e1k a cs\u00fasz\u00e1st k\u00fcl\u00f6nb\u00f6z\u0151 fel\u00fcleteken.<\/p>\n<p>A telep\u00edt\u00e9s gyerekj\u00e1t\u00e9k \u2013 egyszer\u0171en pattintsa r\u00e1 az als\u00f3 bor\u00edt\u00f3t a Lenovo ThinkPad X1 Carbonra, \u00e9s m\u00e1ris k\u00e9szen \u00e1ll. N\u00f6velje laptopja v\u00e9delm\u00e9t, \u0151rizze meg eleg\u00e1ns megjelen\u00e9s\u00e9t, \u00e9s n\u00f6velje tart\u00f3ss\u00e1g\u00e1t ezzel az eredeti Lenovo-tartoz\u00e9kkal.<\/p>\n<p>Friss\u00edtse laptopj\u00e1t a Lenovo ThinkPad X1 Carbon Bottom Cover Case tokkal, \u00e9s gondoskodjon arr\u00f3l, hogy eszk\u00f6ze j\u00f3l v\u00e9dett \u00e9s st\u00edlusosan karbantartott legyen.<\/p>\n<p>V\u00e1s\u00e1rl\u00e1s el\u0151tt ellen\u0151rizze, hogy kompatibilis-e az adott laptopmodellj\u00e9vel.<\/p>\n","protected":false},"excerpt":{"rendered":"<p>V\u00e9dje \u00e9s jav\u00edtsa Lenovo ThinkPad X1 Carbon laptopj\u00e1t az eredeti Lenovo ThinkPad X1 Carbon Bottom Cover Case tokkal. K\u00f6nnyen telep\u00edthet\u0151, kiv\u00e1l\u00f3 v\u00e9delmet ny\u00fajt, mik\u00f6zben meg\u0151rzi laptopja eleg\u00e1ns megjelen\u00e9s\u00e9t.<\/p>\n","protected":false},"featured_media":4040,"template":"","meta":[],"product_brand":[],"product_cat":[16],"product_tag":[26],"class_list":{"0":"post-3994","1":"product","2":"type-product","3":"status-publish","4":"has-post-thumbnail","6":"product_cat-laptop-housing","7":"product_tag-lenovo","9":"first","10":"instock","11":"taxable","12":"shipping-taxable","13":"purchasable","14":"product-type-simple"},"_links":{"self":[{"href":"https:\/\/boreait.com\/hu\/wp-json\/wp\/v2\/product\/3994","targetHints":{"allow":["GET"]}}],"collection":[{"href":"https:\/\/boreait.com\/hu\/wp-json\/wp\/v2\/product"}],"about":[{"href":"https:\/\/boreait.com\/hu\/wp-json\/wp\/v2\/types\/product"}],"wp:featuredmedia":[{"embeddable":true,"href":"https:\/\/boreait.com\/hu\/wp-json\/wp\/v2\/media\/4040"}],"wp:attachment":[{"href":"https:\/\/boreait.com\/hu\/wp-json\/wp\/v2\/media?parent=3994"}],"wp:term":[{"taxonomy":"product_brand","embeddable":true,"href":"https:\/\/boreait.com\/hu\/wp-json\/wp\/v2\/product_brand?post=3994"},{"taxonomy":"product_cat","embeddable":true,"href":"https:\/\/boreait.com\/hu\/wp-json\/wp\/v2\/product_cat?post=3994"},{"taxonomy":"product_tag","embeddable":true,"href":"https:\/\/boreait.com\/hu\/wp-json\/wp\/v2\/product_tag?post=3994"}],"curies":[{"name":"wp","href":"https:\/\/api.w.org\/{rel}","templated":true}]}}