{"id":3993,"date":"2025-09-17T10:49:22","date_gmt":"2025-09-17T08:49:22","guid":{"rendered":"https:\/\/boreait.com\/hu\/?post_type=product&#038;p=3993"},"modified":"2025-09-17T10:49:52","modified_gmt":"2025-09-17T08:49:52","slug":"asus-sonicmaster-x553m-cd-rom-meghajto-uj8g6","status":"publish","type":"product","link":"https:\/\/boreait.com\/hu\/termek\/asus-sonicmaster-x553m-cd-rom-meghajto-uj8g6\/","title":{"rendered":"ASUS Sonicmaster X553M CD-ROM meghajt\u00f3 UJ8G6"},"content":{"rendered":"<p>Fokozza ASUS Sonicmaster X553M laptopja funkcionalit\u00e1s\u00e1t az ASUS Sonicmaster X553M UJ8G6 CD-ROM meghajt\u00f3val. Az optikai lemezolvas\u00e1si k\u00e9pess\u00e9gek biztos\u00edt\u00e1s\u00e1ra tervezett eredeti CD-ROM meghajt\u00f3 z\u00f6kken\u0151mentes integr\u00e1ci\u00f3t \u00e9s tov\u00e1bbfejlesztett sokoldal\u00fas\u00e1got biztos\u00edt a sz\u00e1m\u00edt\u00e1stechnikai \u00e9lm\u00e9nyhez.<\/p>\n<p>A sz\u00e1m\u00edt\u00e1stechnik\u00e1ban megb\u00edzhat\u00f3 n\u00e9v, az ASUS \u00e1ltal gy\u00e1rtott ASUS Sonicmaster X553M UJ8G6 CD-ROM meghajt\u00f3t \u00fagy tervezt\u00e9k, hogy hat\u00e9kony optikai lemezolvas\u00e1st biztos\u00edtson. A laptop bels\u0151 rendszereinek alapvet\u0151 elemek\u00e9nt ez a CD-ROM meghajt\u00f3 kulcsszerepet j\u00e1tszik laptopja funkcionalit\u00e1s\u00e1nak b\u0151v\u00edt\u00e9s\u00e9ben.<\/p>\n<p>Ak\u00e1r CD-ket vagy DVD-ket szeretne olvasni, szoftvereket telep\u00edteni a fizikai adathordoz\u00f3r\u00f3l, vagy \u00e9lvezni a multim\u00e9di\u00e1s tartalmat, ez a CD-ROM-meghajt\u00f3 a k\u00edv\u00e1nt k\u00e9nyelmet \u00e9s sokoldal\u00fas\u00e1got k\u00edn\u00e1lja. K\u00f6nnyen el\u00e9rheti \u00e9s haszn\u00e1lhatja az optikai lemezeket k\u00fcls\u0151 meghajt\u00f3k vagy adapterek n\u00e9lk\u00fcl.<\/p>\n<p>A telep\u00edt\u00e9s egyszer\u0171 a laptop eredeti alkatr\u00e9szeihez igazod\u00f3 kialak\u00edt\u00e1snak k\u00f6sz\u00f6nhet\u0151en. Az eredeti ASUS alkatr\u00e9szek kiv\u00e1laszt\u00e1s\u00e1val laptopja optikai lemezolvas\u00e1si k\u00e9pess\u00e9g\u00e9nek min\u0151s\u00e9g\u00e9be \u00e9s megb\u00edzhat\u00f3s\u00e1g\u00e1ba fektet be.<\/p>\n<p>Friss\u00edtse laptopja funkci\u00f3it az ASUS Sonicmaster X553M UJ8G6 CD-ROM meghajt\u00f3val. \u00c9lvezze a hat\u00e9kony optikai lemezolvas\u00e1st, a z\u00f6kken\u0151mentes integr\u00e1ci\u00f3t \u00e9s a kib\u0151v\u00edtett sokoldal\u00fas\u00e1got ASUS Sonicmaster X553M laptopj\u00e1n. N\u00f6velje sz\u00e1m\u00edt\u00e1stechnikai \u00e9lm\u00e9ny\u00e9t ezzel a megb\u00edzhat\u00f3 \u00e9s hat\u00e9kony CD-ROM meghajt\u00f3val.<\/p>\n<p>V\u00e1s\u00e1rl\u00e1s el\u0151tt ellen\u0151rizze, hogy kompatibilis-e az adott laptopmodellj\u00e9vel.<\/p>\n","protected":false},"excerpt":{"rendered":"<p>Fejlessze ASUS Sonicmaster X553M laptopj\u00e1t az ASUS Sonicmaster X553M UJ8G6 CD-ROM meghajt\u00f3val. \u00c9lvezze a hat\u00e9kony optikai lemezolvas\u00e1st \u00e9s a kib\u0151v\u00edtett sokoldal\u00fas\u00e1got.<\/p>\n","protected":false},"featured_media":4039,"template":"","meta":[],"product_brand":[],"product_cat":[27],"product_tag":[30],"class_list":{"0":"post-3993","1":"product","2":"type-product","3":"status-publish","4":"has-post-thumbnail","6":"product_cat-motherboards-board-parts","7":"product_tag-asus","9":"first","10":"instock","11":"taxable","12":"shipping-taxable","13":"purchasable","14":"product-type-simple"},"_links":{"self":[{"href":"https:\/\/boreait.com\/hu\/wp-json\/wp\/v2\/product\/3993","targetHints":{"allow":["GET"]}}],"collection":[{"href":"https:\/\/boreait.com\/hu\/wp-json\/wp\/v2\/product"}],"about":[{"href":"https:\/\/boreait.com\/hu\/wp-json\/wp\/v2\/types\/product"}],"wp:featuredmedia":[{"embeddable":true,"href":"https:\/\/boreait.com\/hu\/wp-json\/wp\/v2\/media\/4039"}],"wp:attachment":[{"href":"https:\/\/boreait.com\/hu\/wp-json\/wp\/v2\/media?parent=3993"}],"wp:term":[{"taxonomy":"product_brand","embeddable":true,"href":"https:\/\/boreait.com\/hu\/wp-json\/wp\/v2\/product_brand?post=3993"},{"taxonomy":"product_cat","embeddable":true,"href":"https:\/\/boreait.com\/hu\/wp-json\/wp\/v2\/product_cat?post=3993"},{"taxonomy":"product_tag","embeddable":true,"href":"https:\/\/boreait.com\/hu\/wp-json\/wp\/v2\/product_tag?post=3993"}],"curies":[{"name":"wp","href":"https:\/\/api.w.org\/{rel}","templated":true}]}}