{"id":3992,"date":"2025-09-17T10:49:22","date_gmt":"2025-09-17T08:49:22","guid":{"rendered":"https:\/\/boreait.com\/hu\/?post_type=product&#038;p=3992"},"modified":"2025-09-17T10:49:51","modified_gmt":"2025-09-17T08:49:51","slug":"hasznalt-lenovo-thinkpad-l540-laptop-lcd-hatso-fedel-felso-hatso-borito-tok-04x4855","status":"publish","type":"product","link":"https:\/\/boreait.com\/hu\/termek\/hasznalt-lenovo-thinkpad-l540-laptop-lcd-hatso-fedel-felso-hatso-borito-tok-04x4855\/","title":{"rendered":"Haszn\u00e1lt Lenovo Thinkpad L540 laptop LCD h\u00e1ts\u00f3 fed\u00e9l fels\u0151 h\u00e1ts\u00f3 bor\u00edt\u00f3 tok 04X4855"},"content":{"rendered":"<p><strong>UGYANAZ A BOR\u00cdT\u00d3, MINT A ADATLAP FOT\u00d3J\u00c1N L\u00c1THAT\u00d3!<\/strong><\/p>\n<p>Haszn\u00e1lt Lenovo Thinkpad L540 laptop LCD h\u00e1ts\u00f3 fed\u00e9l fels\u0151 h\u00e1ts\u00f3 bor\u00edt\u00f3 tok 04X4855 \u2013 A robusztus v\u00e9delem a kifinomult diz\u00e1jnnal p\u00e1rosul:<\/p>\n<p>A Thinkpad L540-felhaszn\u00e1l\u00f3k sz\u00e1m\u00e1ra els\u0151dleges fontoss\u00e1g\u00fa az \u00e9rintetlen megjelen\u00e9s meg\u0151rz\u00e9se \u00e9s a laptop v\u00e9delme az esetleges s\u00e9r\u00fcl\u00e9sekt\u0151l. A haszn\u00e1lt Lenovo Thinkpad L540 04X4855 laptop LCD h\u00e1ts\u00f3 fed\u00e9l fels\u0151 h\u00e1tlapja a t\u00f6k\u00e9letes megold\u00e1s, amely v\u00e9delmet \u00e9s eleganci\u00e1t is k\u00edn\u00e1l.<\/p>\n<p><strong>F\u0151bb jellemz\u0151k<\/strong>:<\/p>\n<ol>\n<li><strong>Eredeti Lenovo term\u00e9k<\/strong>: Biztos\u00edtsa a kompatibilit\u00e1st \u00e9s a min\u0151s\u00e9get az eredeti Lenovo h\u00e1ts\u00f3 fed\u00e9l kiv\u00e1laszt\u00e1s\u00e1val. Pontos illeszked\u00e9st \u00e9s pr\u00e9mium \u00e9rzetet \u00edg\u00e9r a Thinkpad L540 sz\u00e1m\u00e1ra.<\/li>\n<li><strong>Tov\u00e1bbfejlesztett v\u00e9delem<\/strong>: Az optim\u00e1lis v\u00e9delmet ny\u00fajt\u00f3 h\u00e1ts\u00f3 fed\u00e9l megv\u00e9di LCD-j\u00e9t a karcol\u00e1sokt\u00f3l, karcol\u00e1sokt\u00f3l \u00e9s a napi kop\u00e1st\u00f3l, \u00edgy gondoskodik arr\u00f3l, hogy laptopja hosszabb ideig hat\u00e9konyan n\u00e9zzen ki \u00e9s m\u0171k\u00f6dj\u00f6n.<\/li>\n<li><strong>Kifinomult diz\u00e1jn<\/strong>: B\u00e1r els\u0151dleges funkci\u00f3ja a v\u00e9delem, ez a h\u00e1tlap nem tesz kompromisszumot az eszt\u00e9tik\u00e1t illet\u0151en. Meg\u0151rzi a Thinkpad kifinomult megjelen\u00e9s\u00e9t, \u00edgy biztos\u00edtva, hogy kit\u0171nj\u00f6n a t\u00f6megb\u0151l.<\/li>\n<li><strong>Egyszer\u0171 telep\u00edt\u00e9s<\/strong>: Eredeti Lenovo term\u00e9kk\u00e9nt probl\u00e9mamentes \u00e9s pontos illeszked\u00e9st biztos\u00edt. Ak\u00e1r egy s\u00e9r\u00fclt h\u00e1ts\u00f3 fedelet cser\u00e9l, ak\u00e1r csak friss\u00edt, a folyamat egyszer\u0171.<\/li>\n<li><strong>K\u00f6lts\u00e9ghat\u00e9kony megold\u00e1s<\/strong>: Ahelyett, hogy \u00faj laptopba fektetne be, az alkatr\u00e9szek, p\u00e9ld\u00e1ul a h\u00e1ts\u00f3 fed\u00e9l cser\u00e9je vagy friss\u00edt\u00e9se felfriss\u00edtett megjelen\u00e9st \u00e9s hosszabb \u00e9lettartamot biztos\u00edthat eszk\u00f6z\u00e9nek.<\/li>\n<\/ol>\n<p>Azok sz\u00e1m\u00e1ra, akik meg akarj\u00e1k \u0151rizni Lenovo Thinkpad L540 megjelen\u00e9s\u00e9t \u00e9s funkcionalit\u00e1s\u00e1t, a 04X4855 haszn\u00e1lt Lenovo Thinkpad L540 laptop LCD h\u00e1ts\u00f3 fed\u00e9l fels\u0151 h\u00e1ts\u00f3 bor\u00edt\u00f3tok kiv\u00e1l\u00f3 v\u00e1laszt\u00e1s. Nemcsak v\u00e9delmet biztos\u00edt, hanem egy csipetnyi eleganci\u00e1t is k\u00f6lcs\u00f6n\u00f6z k\u00e9sz\u00fcl\u00e9k\u00e9nek. Tedd laptopod olyan j\u00f3l, mint \u00fajkor\u00e1ban, an\u00e9lk\u00fcl, hogy felt\u00f6rn\u00e9d!<\/p>\n","protected":false},"excerpt":{"rendered":"<p>Haszn\u00e1lt Lenovo Thinkpad L540 04X4855: Eredeti LCD h\u00e1ts\u00f3 fed\u00e9l, fels\u0151 h\u00e1tlap tok, amelyet laptopja v\u00e9delm\u00e9re \u00e9s eszt\u00e9tikai megjelen\u00e9s\u00e9re terveztek.<\/p>\n","protected":false},"featured_media":4037,"template":"","meta":[],"product_brand":[],"product_cat":[16],"product_tag":[26],"class_list":{"0":"post-3992","1":"product","2":"type-product","3":"status-publish","4":"has-post-thumbnail","6":"product_cat-laptop-housing","7":"product_tag-lenovo","9":"first","10":"instock","11":"taxable","12":"shipping-taxable","13":"purchasable","14":"product-type-simple"},"_links":{"self":[{"href":"https:\/\/boreait.com\/hu\/wp-json\/wp\/v2\/product\/3992","targetHints":{"allow":["GET"]}}],"collection":[{"href":"https:\/\/boreait.com\/hu\/wp-json\/wp\/v2\/product"}],"about":[{"href":"https:\/\/boreait.com\/hu\/wp-json\/wp\/v2\/types\/product"}],"wp:featuredmedia":[{"embeddable":true,"href":"https:\/\/boreait.com\/hu\/wp-json\/wp\/v2\/media\/4037"}],"wp:attachment":[{"href":"https:\/\/boreait.com\/hu\/wp-json\/wp\/v2\/media?parent=3992"}],"wp:term":[{"taxonomy":"product_brand","embeddable":true,"href":"https:\/\/boreait.com\/hu\/wp-json\/wp\/v2\/product_brand?post=3992"},{"taxonomy":"product_cat","embeddable":true,"href":"https:\/\/boreait.com\/hu\/wp-json\/wp\/v2\/product_cat?post=3992"},{"taxonomy":"product_tag","embeddable":true,"href":"https:\/\/boreait.com\/hu\/wp-json\/wp\/v2\/product_tag?post=3992"}],"curies":[{"name":"wp","href":"https:\/\/api.w.org\/{rel}","templated":true}]}}