{"id":3991,"date":"2025-09-17T10:49:22","date_gmt":"2025-09-17T08:49:22","guid":{"rendered":"https:\/\/boreait.com\/hu\/?post_type=product&#038;p=3991"},"modified":"2025-09-17T10:49:45","modified_gmt":"2025-09-17T08:49:45","slug":"eredeti-alaplapburkolat-plc-605785-001-egy-hp-625-bol-szarmazik","status":"publish","type":"product","link":"https:\/\/boreait.com\/hu\/termek\/eredeti-alaplapburkolat-plc-605785-001-egy-hp-625-bol-szarmazik\/","title":{"rendered":"Eredeti alaplapburkolat PLC 605785-001 egy HP 625-b\u0151l sz\u00e1rmazik"},"content":{"rendered":"<p>N\u00f6velje HP 625 laptopja bels\u0151 alkatr\u00e9szeinek megb\u00edzhat\u00f3s\u00e1g\u00e1t \u00e9s v\u00e9delm\u00e9t a PLC 605785-001 eredeti alaplapburkolattal. A laptop tart\u00f3ss\u00e1g\u00e1nak \u00e9s biztons\u00e1g\u00e1nak n\u00f6vel\u00e9s\u00e9re tervezt\u00e9k, ez az eredeti alaplapi bor\u00edt\u00e1s biztons\u00e1gos pajzsot biztos\u00edt az alapvet\u0151 hardverelemek sz\u00e1m\u00e1ra.<\/p>\n<p>A HP \u00e1ltal gy\u00e1rtott, megb\u00edzhat\u00f3 n\u00e9v a sz\u00e1m\u00edt\u00e1stechnik\u00e1ban. A PLC 605785-001 eredeti alaplapburkolatot \u00fagy tervezt\u00e9k, hogy optim\u00e1lis v\u00e9delmet \u00e9s szerkezeti integrit\u00e1st biztos\u00edtson. A laptop bels\u0151 szerkezet\u00e9nek alapvet\u0151 elemek\u00e9nt ez a burkolat d\u00f6nt\u0151 szerepet j\u00e1tszik az alaplap \u00e9s a csatlakoztatott alkatr\u00e9szek por, t\u00f6rmel\u00e9k \u00e9s esetleges s\u00e9r\u00fcl\u00e9sek elleni v\u00e9delm\u00e9ben.<\/p>\n<p>Ak\u00e1r egy profi, aki munk\u00e1ja sor\u00e1n a laptopj\u00e1t haszn\u00e1lja, ak\u00e1r olyan felhaszn\u00e1l\u00f3, aki \u00e9rt\u00e9keli eszk\u00f6ze hossz\u00fa \u00e9lettartam\u00e1t, ez az alaplapburkolat a sz\u00fcks\u00e9ges v\u00e9delmet \u00e9s tart\u00f3ss\u00e1got k\u00edn\u00e1lja. V\u00e9di a laptop k\u00e9nyes elektronik\u00e1j\u00e1t, seg\u00edt megel\u0151zni a s\u00e9r\u00fcl\u00e9seket \u00e9s biztos\u00edtja a folyamatos teljes\u00edtm\u00e9nyt.<\/p>\n<p>A telep\u00edt\u00e9s egyszer\u0171 az OEM-kialak\u00edt\u00e1snak k\u00f6sz\u00f6nhet\u0151en, amely illeszkedik a laptop eredeti alkatr\u00e9szeihez.\u00a0 Az eredeti HP alkatr\u00e9szek kiv\u00e1laszt\u00e1s\u00e1val laptopja bels\u0151 v\u00e9delm\u00e9nek min\u0151s\u00e9g\u00e9be \u00e9s megb\u00edzhat\u00f3s\u00e1g\u00e1ba fektet be.<\/p>\n<p>N\u00f6velje laptopja tart\u00f3ss\u00e1g\u00e1t, \u00e9s \u00f3vja meg alapvet\u0151 \u00f6sszetev\u0151it a PLC 605785-001 eredeti alaplapburkolattal. \u00c9lvezze a fokozott v\u00e9delmet, a szerkezeti integrit\u00e1st \u00e9s a nyugalmat, amelyet HP 625 laptopja kiv\u00e1l\u00f3 \u00e1rny\u00e9kol\u00e1sa biztos\u00edt.<\/p>\n<p>V\u00e1s\u00e1rl\u00e1s el\u0151tt ellen\u0151rizze, hogy kompatibilis-e az adott laptopmodellj\u00e9vel.<\/p>\n","protected":false},"excerpt":{"rendered":"<p>N\u00f6velje HP 625 laptopja tart\u00f3ss\u00e1g\u00e1t a PLC 605785-001 eredeti alaplapburkolattal. B\u0151v\u00edtett v\u00e9delem az alapvet\u0151 bels\u0151 alkatr\u00e9szekhez.<\/p>\n","protected":false},"featured_media":4020,"template":"","meta":[],"product_brand":[],"product_cat":[16],"product_tag":[25],"class_list":{"0":"post-3991","1":"product","2":"type-product","3":"status-publish","4":"has-post-thumbnail","6":"product_cat-laptop-housing","7":"product_tag-hp","9":"first","10":"instock","11":"taxable","12":"shipping-taxable","13":"purchasable","14":"product-type-simple"},"_links":{"self":[{"href":"https:\/\/boreait.com\/hu\/wp-json\/wp\/v2\/product\/3991","targetHints":{"allow":["GET"]}}],"collection":[{"href":"https:\/\/boreait.com\/hu\/wp-json\/wp\/v2\/product"}],"about":[{"href":"https:\/\/boreait.com\/hu\/wp-json\/wp\/v2\/types\/product"}],"wp:featuredmedia":[{"embeddable":true,"href":"https:\/\/boreait.com\/hu\/wp-json\/wp\/v2\/media\/4020"}],"wp:attachment":[{"href":"https:\/\/boreait.com\/hu\/wp-json\/wp\/v2\/media?parent=3991"}],"wp:term":[{"taxonomy":"product_brand","embeddable":true,"href":"https:\/\/boreait.com\/hu\/wp-json\/wp\/v2\/product_brand?post=3991"},{"taxonomy":"product_cat","embeddable":true,"href":"https:\/\/boreait.com\/hu\/wp-json\/wp\/v2\/product_cat?post=3991"},{"taxonomy":"product_tag","embeddable":true,"href":"https:\/\/boreait.com\/hu\/wp-json\/wp\/v2\/product_tag?post=3991"}],"curies":[{"name":"wp","href":"https:\/\/api.w.org\/{rel}","templated":true}]}}