{"id":3990,"date":"2025-09-17T10:49:22","date_gmt":"2025-09-17T08:49:22","guid":{"rendered":"https:\/\/boreait.com\/hu\/?post_type=product&#038;p=3990"},"modified":"2026-01-10T14:43:23","modified_gmt":"2026-01-10T13:43:23","slug":"hp-625-csuklopantok-bal-es-jobb-605769-001","status":"publish","type":"product","link":"https:\/\/boreait.com\/hu\/termek\/hp-625-csuklopantok-bal-es-jobb-605769-001\/","title":{"rendered":"HP 625 csukl\u00f3p\u00e1ntok bal \u00e9s jobb 605769-001"},"content":{"rendered":"<p>N\u00f6velje HP 625 laptopja funkcionalit\u00e1s\u00e1t \u00e9s tart\u00f3ss\u00e1g\u00e1t a HP 625 jobb oldali csukl\u00f3p\u00e1ntok k\u00e9szlettel. HP SPS: 605769-001. A laptop kijelz\u0151j\u00e9nek nyit\u00e1s\u00e1nak \u00e9s z\u00e1r\u00e1s\u00e1nak optimaliz\u00e1l\u00e1s\u00e1ra tervezett eredeti HP zsan\u00e9rok z\u00f6kken\u0151mentes integr\u00e1ci\u00f3t \u00e9s hosszabb \u00e9lettartamot biztos\u00edtanak a jobb sz\u00e1m\u00edt\u00e1stechnikai \u00e9lm\u00e9ny \u00e9rdek\u00e9ben.<\/p>\n<p>A HP \u00e1ltal tervezett, megb\u00edzhat\u00f3 n\u00e9v a sz\u00e1m\u00edt\u00e1stechnik\u00e1ban, a HP 625 jobb oldali zsan\u00e9rk\u00e9szletet \u00fagy tervezt\u00e9k, hogy megb\u00edzhat\u00f3 zsan\u00e9rfunkci\u00f3kat biztos\u00edtson. A laptop zsan\u00e9rrendszer\u00e9nek alapvet\u0151 elemeik\u00e9nt ezek a zsan\u00e9rok kritikus szerepet j\u00e1tszanak a laptop szerkezeti integrit\u00e1s\u00e1nak meg\u0151rz\u00e9s\u00e9ben.<\/p>\n<p>Ak\u00e1r a s\u00e9r\u00fclt zsan\u00e9rokat kell kicser\u00e9lnie, ak\u00e1r egyszer\u0171en csak laptopja kijelz\u0151j\u00e9nek zavartalan m\u0171k\u00f6d\u00e9s\u00e9t szeretn\u00e9 biztos\u00edtani, ez a zsan\u00e9rk\u00e9szlet az \u00d6n \u00e1ltal elv\u00e1rt k\u00e9nyelmet \u00e9s megb\u00edzhat\u00f3s\u00e1got k\u00edn\u00e1lja. A sz\u00fcks\u00e9ges t\u00e1mogat\u00e1s biztos\u00edt\u00e1s\u00e1val ezek a zsan\u00e9rok n\u00f6velik HP 625 laptopja \u00e1ltal\u00e1nos haszn\u00e1lhat\u00f3s\u00e1g\u00e1t \u00e9s \u00e9lettartam\u00e1t.<\/p>\n<p>A telep\u00edt\u00e9s egyszer\u0171 az OEM-kialak\u00edt\u00e1snak k\u00f6sz\u00f6nhet\u0151en, amely illeszkedik a laptop eredeti csukl\u00f3p\u00e1nt-alkatr\u00e9szeihez. Az eredeti HP alkatr\u00e9szek kiv\u00e1laszt\u00e1s\u00e1val laptopja zsan\u00e9rrendszer\u00e9nek min\u0151s\u00e9g\u00e9be \u00e9s megb\u00edzhat\u00f3s\u00e1g\u00e1ba fektet be.<\/p>\n<p>Friss\u00edtse laptopja csukl\u00f3p\u00e1nt funkci\u00f3it a HP 625 jobb oldali zsan\u00e9rk\u00e9szlettel. \u00c9lvezze HP 625 laptopja z\u00f6kken\u0151mentes kijelz\u0151 mozg\u00e1s\u00e1t, megn\u00f6velt tart\u00f3ss\u00e1g\u00e1t \u00e9s fokozott szerkezeti integrit\u00e1s\u00e1t. N\u00f6velje sz\u00e1m\u00edt\u00e1stechnikai \u00e9lm\u00e9ny\u00e9t ezzel a megb\u00edzhat\u00f3 \u00e9s hat\u00e9kony zsan\u00e9rk\u00e9szlettel.<\/p>\n<p>V\u00e1s\u00e1rl\u00e1s el\u0151tt ellen\u0151rizze, hogy kompatibilis-e az adott laptopmodellj\u00e9vel.<\/p>\n","protected":false},"excerpt":{"rendered":"<p>N\u00f6velje HP 625 laptopja tart\u00f3ss\u00e1g\u00e1t \u00e9s funkcionalit\u00e1s\u00e1t a HP 625 jobb oldali zsan\u00e9rk\u00e9szlettel. \u00c9lvezze a kijelz\u0151 sim\u00e1bb mozg\u00e1s\u00e1t \u00e9s a jobb szerkezeti integrit\u00e1st.<\/p>\n","protected":false},"featured_media":4019,"template":"","meta":[],"product_brand":[],"product_cat":[19],"product_tag":[25],"class_list":{"0":"post-3990","1":"product","2":"type-product","3":"status-publish","4":"has-post-thumbnail","6":"product_cat-screen-hinge","7":"product_tag-hp","9":"first","10":"instock","11":"taxable","12":"shipping-taxable","13":"purchasable","14":"product-type-simple"},"_links":{"self":[{"href":"https:\/\/boreait.com\/hu\/wp-json\/wp\/v2\/product\/3990","targetHints":{"allow":["GET"]}}],"collection":[{"href":"https:\/\/boreait.com\/hu\/wp-json\/wp\/v2\/product"}],"about":[{"href":"https:\/\/boreait.com\/hu\/wp-json\/wp\/v2\/types\/product"}],"wp:featuredmedia":[{"embeddable":true,"href":"https:\/\/boreait.com\/hu\/wp-json\/wp\/v2\/media\/4019"}],"wp:attachment":[{"href":"https:\/\/boreait.com\/hu\/wp-json\/wp\/v2\/media?parent=3990"}],"wp:term":[{"taxonomy":"product_brand","embeddable":true,"href":"https:\/\/boreait.com\/hu\/wp-json\/wp\/v2\/product_brand?post=3990"},{"taxonomy":"product_cat","embeddable":true,"href":"https:\/\/boreait.com\/hu\/wp-json\/wp\/v2\/product_cat?post=3990"},{"taxonomy":"product_tag","embeddable":true,"href":"https:\/\/boreait.com\/hu\/wp-json\/wp\/v2\/product_tag?post=3990"}],"curies":[{"name":"wp","href":"https:\/\/api.w.org\/{rel}","templated":true}]}}