{"id":399,"date":"2025-09-17T09:26:32","date_gmt":"2025-09-17T07:26:32","guid":{"rendered":"https:\/\/boreait.com\/hu\/?post_type=product&#038;p=399"},"modified":"2025-09-17T09:27:13","modified_gmt":"2025-09-17T07:27:13","slug":"lenovo-3000-g430-pantpar-bal-es-jobb-zsanerok-am04e000100-am04e000200","status":"publish","type":"product","link":"https:\/\/boreait.com\/hu\/termek\/lenovo-3000-g430-pantpar-bal-es-jobb-zsanerok-am04e000100-am04e000200\/","title":{"rendered":"Lenovo 3000 G430 p\u00e1ntp\u00e1r bal \u00e9s jobb zsan\u00e9rok AM04E000100 AM04E000200"},"content":{"rendered":"<p>Ezek a zsan\u00e9rok alapvet\u0151 alkatr\u00e9szek, amelyek lehet\u0151v\u00e9 teszik a laptop kijelz\u0151j\u00e9nek z\u00f6kken\u0151mentes nyit\u00e1s\u00e1t \u00e9s z\u00e1r\u00e1s\u00e1t. Stabilit\u00e1st \u00e9s t\u00e1mogat\u00e1st biztos\u00edtanak a k\u00e9perny\u0151nek, lehet\u0151v\u00e9 t\u00e9ve, hogy k\u00fcl\u00f6nb\u00f6z\u0151 sz\u00f6gekben a hely\u00e9n maradjon. A zsan\u00e9rok jellemz\u0151en tart\u00f3s anyagokb\u00f3l, p\u00e9ld\u00e1ul f\u00e9mb\u0151l vagy meger\u0151s\u00edtett m\u0171anyagb\u00f3l k\u00e9sz\u00fclnek, hogy ellen\u00e1lljanak a rendszeres haszn\u00e1latnak \u00e9s biztos\u00edts\u00e1k a hossz\u00fa t\u00e1v\u00fa m\u0171k\u00f6d\u00e9st.<\/p>\n<p>A Lenovo 3000 G430 zsan\u00e9rp\u00e1r egyedi kialak\u00edt\u00e1sa a laptopmodell konkr\u00e9t m\u00e9reteihez \u00e9s r\u00f6gz\u00edt\u00e9si pontjaihoz lett igaz\u00edtva. \u00dagy tervezt\u00e9k, hogy pontosan illeszkedjenek a kijelz\u0151h\u00f6z \u00e9s a laptop test\u00e9hez, biztos\u00edtva a biztons\u00e1gos kapcsolatot \u00e9s a megfelel\u0151 m\u0171k\u00f6d\u00e9st.<\/p>\n<p>Egy t\u00f6r\u00f6tt zsan\u00e9r cser\u00e9jekor vagy jav\u00edt\u00e1sakor fontos, hogy a laptopmodellnek megfelel\u0151 zsan\u00e9rp\u00e1rt haszn\u00e1ljon. Az AM04E000100 \u00e9s AM04E0002004 zsan\u00e9rokat kifejezetten a Lenovo 3000 G430-hoz tervezt\u00e9k, \u00e9s kompatibilisnek kell lenni\u00fck, \u00e9s megb\u00edzhat\u00f3 megold\u00e1st kell ny\u00fajtaniuk a csukl\u00f3p\u00e1nttal kapcsolatos probl\u00e9m\u00e1k megold\u00e1s\u00e1ra.<\/p>\n","protected":false},"excerpt":{"rendered":"<p>A Lenovo 3000 G430 zsan\u00e9rp\u00e1r k\u00e9t zsan\u00e9rb\u00f3l \u00e1ll, amelyeket kifejezetten a laptop bal \u00e9s jobb oldal\u00e1ra terveztek. Ezen zsan\u00e9rok cikksz\u00e1mai: AM04E000100 a bal zsan\u00e9rhoz \u00e9s AM04E0002004 a jobb oldali zsan\u00e9rhoz.<\/p>\n","protected":false},"featured_media":462,"template":"","meta":[],"product_brand":[],"product_cat":[19],"product_tag":[26],"class_list":{"0":"post-399","1":"product","2":"type-product","3":"status-publish","4":"has-post-thumbnail","6":"product_cat-screen-hinge","7":"product_tag-lenovo","9":"first","10":"instock","11":"taxable","12":"shipping-taxable","13":"purchasable","14":"product-type-simple"},"_links":{"self":[{"href":"https:\/\/boreait.com\/hu\/wp-json\/wp\/v2\/product\/399","targetHints":{"allow":["GET"]}}],"collection":[{"href":"https:\/\/boreait.com\/hu\/wp-json\/wp\/v2\/product"}],"about":[{"href":"https:\/\/boreait.com\/hu\/wp-json\/wp\/v2\/types\/product"}],"wp:featuredmedia":[{"embeddable":true,"href":"https:\/\/boreait.com\/hu\/wp-json\/wp\/v2\/media\/462"}],"wp:attachment":[{"href":"https:\/\/boreait.com\/hu\/wp-json\/wp\/v2\/media?parent=399"}],"wp:term":[{"taxonomy":"product_brand","embeddable":true,"href":"https:\/\/boreait.com\/hu\/wp-json\/wp\/v2\/product_brand?post=399"},{"taxonomy":"product_cat","embeddable":true,"href":"https:\/\/boreait.com\/hu\/wp-json\/wp\/v2\/product_cat?post=399"},{"taxonomy":"product_tag","embeddable":true,"href":"https:\/\/boreait.com\/hu\/wp-json\/wp\/v2\/product_tag?post=399"}],"curies":[{"name":"wp","href":"https:\/\/api.w.org\/{rel}","templated":true}]}}