{"id":398,"date":"2025-09-17T09:26:32","date_gmt":"2025-09-17T07:26:32","guid":{"rendered":"https:\/\/boreait.com\/hu\/?post_type=product&#038;p=398"},"modified":"2025-09-17T09:27:12","modified_gmt":"2025-09-17T07:27:12","slug":"lenovo-thinkpad-t440p-ujjlenyomat-olvaso-kartya-0c45850-kabellel","status":"publish","type":"product","link":"https:\/\/boreait.com\/hu\/termek\/lenovo-thinkpad-t440p-ujjlenyomat-olvaso-kartya-0c45850-kabellel\/","title":{"rendered":"Lenovo ThinkPad T440p ujjlenyomat-olvas\u00f3 k\u00e1rtya 0C45850 k\u00e1bellel"},"content":{"rendered":"<p>Ez a bizonyos ujjlenyomat-olvas\u00f3 k\u00e1rtya egy k\u00e1bellel van felszerelve, amellyel az alaplapot csatlakoztathatja a laptop alaplapj\u00e1hoz. A k\u00e1bel lehet\u0151v\u00e9 teszi az adat- \u00e9s energia\u00e1tvitelt az ujjlenyomat-olvas\u00f3 k\u00e1rtya \u00e9s a laptop f\u0151 rendszere k\u00f6z\u00f6tt.<\/p>\n<p>Az ujjlenyomat-olvas\u00f3 k\u00e1rtya c\u00e9lja, hogy tov\u00e1bbi biztons\u00e1gi r\u00e9teget ny\u00fajtson a laptop sz\u00e1m\u00e1ra az ujjlenyomat-alap\u00fa hiteles\u00edt\u00e9s enged\u00e9lyez\u00e9s\u00e9vel. Lehet\u0151v\u00e9 teszi a felhaszn\u00e1l\u00f3k sz\u00e1m\u00e1ra, hogy bejelentkezzenek a rendszer\u00fckbe, vagy biztons\u00e1gos m\u0171veleteket hajtsanak v\u00e9gre \u00fagy, hogy egyszer\u0171en az ujjukat az ujjlenyomat-\u00e9rz\u00e9kel\u0151re helyezik. A t\u00e1bla r\u00f6gz\u00edti a felhaszn\u00e1l\u00f3 ujjlenyomat\u00e1nak egyedi mint\u00e1it, \u00e9s \u00f6sszeveti azt a t\u00e1rolt adatokkal a hozz\u00e1f\u00e9r\u00e9s enged\u00e9lyez\u00e9s\u00e9hez vagy megtagad\u00e1s\u00e1hoz.<\/p>\n<p>A Lenovo ThinkPad T440p ujjlenyomat-olvas\u00f3k\u00e1rtya k\u00e1bellel (0C45850) egy eredeti Lenovo alkatr\u00e9sz, amelyet kifejezetten a ThinkPad T440p laptopmodellhez terveztek. Ez egy opcion\u00e1lis tartoz\u00e9k, amely k\u00edv\u00e1ns\u00e1g szerint hozz\u00e1adhat\u00f3 a laptophoz, fokozott biztons\u00e1got \u00e9s k\u00e9nyelmet biztos\u00edtva a felhaszn\u00e1l\u00f3k sz\u00e1m\u00e1ra.<\/p>\n","protected":false},"excerpt":{"rendered":"<p>A Lenovo ThinkPad T440p ujjlenyomat-olvas\u00f3 k\u00e1rtya k\u00e1bellel (cikksz\u00e1m: 0C45850) a Lenovo ThinkPad T440p laptopmodellhez tervezett alkatr\u00e9sz. Az ujjlenyomat-olvas\u00f3 k\u00e1rtya egy kis \u00e1ramk\u00f6ri k\u00e1rtya, amely a laptop biometrikus azonos\u00edt\u00e1s\u00e1hoz haszn\u00e1lt ujjlenyomat-leolvas\u00f3 technol\u00f3gi\u00e1t tartalmazza.<\/p>\n","protected":false},"featured_media":460,"template":"","meta":[],"product_brand":[],"product_cat":[27],"product_tag":[26],"class_list":{"0":"post-398","1":"product","2":"type-product","3":"status-publish","4":"has-post-thumbnail","6":"product_cat-motherboards-board-parts","7":"product_tag-lenovo","9":"first","10":"instock","11":"taxable","12":"shipping-taxable","13":"purchasable","14":"product-type-simple"},"_links":{"self":[{"href":"https:\/\/boreait.com\/hu\/wp-json\/wp\/v2\/product\/398","targetHints":{"allow":["GET"]}}],"collection":[{"href":"https:\/\/boreait.com\/hu\/wp-json\/wp\/v2\/product"}],"about":[{"href":"https:\/\/boreait.com\/hu\/wp-json\/wp\/v2\/types\/product"}],"wp:featuredmedia":[{"embeddable":true,"href":"https:\/\/boreait.com\/hu\/wp-json\/wp\/v2\/media\/460"}],"wp:attachment":[{"href":"https:\/\/boreait.com\/hu\/wp-json\/wp\/v2\/media?parent=398"}],"wp:term":[{"taxonomy":"product_brand","embeddable":true,"href":"https:\/\/boreait.com\/hu\/wp-json\/wp\/v2\/product_brand?post=398"},{"taxonomy":"product_cat","embeddable":true,"href":"https:\/\/boreait.com\/hu\/wp-json\/wp\/v2\/product_cat?post=398"},{"taxonomy":"product_tag","embeddable":true,"href":"https:\/\/boreait.com\/hu\/wp-json\/wp\/v2\/product_tag?post=398"}],"curies":[{"name":"wp","href":"https:\/\/api.w.org\/{rel}","templated":true}]}}