{"id":3973,"date":"2025-09-17T10:48:58","date_gmt":"2025-09-17T08:48:58","guid":{"rendered":"https:\/\/boreait.com\/hu\/?post_type=product&#038;p=3973"},"modified":"2026-01-10T14:43:07","modified_gmt":"2026-01-10T13:43:07","slug":"hp-625-notebook-huto-hutoborda-611804-001","status":"publish","type":"product","link":"https:\/\/boreait.com\/hu\/termek\/hp-625-notebook-huto-hutoborda-611804-001\/","title":{"rendered":"HP 625 notebook h\u0171t\u0151 h\u0171t\u0151borda 611804-001"},"content":{"rendered":"<p>N\u00f6velje HP 625 noteszg\u00e9pe h\u0171t\u00e9si teljes\u00edtm\u00e9ny\u00e9t a HP 625 notebook h\u0171t\u0151bord\u00e1val 611804-001. Ezt az eredeti HP h\u0171t\u0151bord\u00e1t \u00fagy tervezt\u00e9k, hogy hat\u00e9konyan oszlassa el a h\u0151t, \u00edgy biztos\u00edtva, hogy laptopja optim\u00e1lis h\u0151m\u00e9rs\u00e9kleten m\u0171k\u00f6dj\u00f6n m\u00e9g intenz\u00edv feladatok sor\u00e1n is.<\/p>\n<p>A HP \u00e1ltal megalkotott, megb\u00edzhat\u00f3 n\u00e9v a sz\u00e1m\u00edt\u00e1stechnik\u00e1ban, a HP 625 Notebook Cooler Heatsink 611804-001 kompatibilit\u00e1sra \u00e9s z\u00f6kken\u0151mentes integr\u00e1ci\u00f3ra tervezt\u00e9k az \u00d6n HP 625 notebookj\u00e1val. A laptop h\u0171t\u0151rendszer\u00e9nek alapvet\u0151 elemek\u00e9nt ez a h\u0171t\u0151borda seg\u00edt megel\u0151zni a t\u00falmeleged\u00e9st, ami teljes\u00edtm\u00e9nybeli probl\u00e9m\u00e1khoz \u00e9s a bels\u0151 alkatr\u00e9szek esetleges k\u00e1rosod\u00e1s\u00e1hoz vezethet.<\/p>\n<p>Ak\u00e1r professzion\u00e1lis er\u0151forr\u00e1s-ig\u00e9nyes alkalmaz\u00e1sokat kezel, ak\u00e1r h\u00e9tk\u00f6znapi felhaszn\u00e1l\u00f3, aki h\u0171v\u00f6sebb \u00e9s csendesebb laptopot szeretne, ez a h\u0171t\u0151borda elengedhetetlen. Prec\u00edzi\u00f3s kialak\u00edt\u00e1sa hat\u00e9kony h\u0151elvezet\u00e9st biztos\u00edt, lehet\u0151v\u00e9 t\u00e9ve laptopja cs\u00facsteljes\u00edtm\u00e9ny\u00e9nek fenntart\u00e1s\u00e1t.<\/p>\n<p>A telep\u00edt\u00e9s egyszer\u0171 az OEM-kialak\u00edt\u00e1snak k\u00f6sz\u00f6nhet\u0151en, amely illeszkedik a laptop eredeti alkatr\u00e9szeihez. Ha eredeti HP alkatr\u00e9szeket v\u00e1laszt, \u00d6n laptopja hossz\u00fa \u00e9lettartam\u00e1ba \u00e9s megb\u00edzhat\u00f3s\u00e1g\u00e1ba fektet be.<\/p>\n<p>Friss\u00edtse laptopja h\u0171t\u00e9si k\u00e9pess\u00e9geit a HP 625 notebook Cooler h\u0171t\u0151bord\u00e1val 611804-001. Ezzel a megb\u00edzhat\u00f3 \u00e9s hat\u00e9kony h\u0171t\u0151bord\u00e1val tartsa hat\u00e9konyan a laptopj\u00e1t, akad\u00e1lyozza meg a t\u00falmeleged\u00e9st, \u00e9s \u00e9lvezze a csendesebb sz\u00e1m\u00edt\u00e1si \u00e9lm\u00e9nyt.<\/p>\n<p>V\u00e1s\u00e1rl\u00e1s el\u0151tt ellen\u0151rizze, hogy kompatibilis-e az adott laptopmodellj\u00e9vel.<\/p>\n","protected":false},"excerpt":{"rendered":"<p>N\u00f6velje HP 625 noteszg\u00e9pe h\u0171t\u00e9si teljes\u00edtm\u00e9ny\u00e9t a HP 625 notebook h\u0171t\u0151bord\u00e1val 611804-001. Akad\u00e1lyozza meg a t\u00falmeleged\u00e9st, biztos\u00edtsa a cs\u00facsteljes\u00edtm\u00e9nyt, \u00e9s \u00e9lvezze a csendesebb sz\u00e1m\u00edt\u00e1si \u00e9lm\u00e9nyt.<\/p>\n","protected":false},"featured_media":4018,"template":"","meta":[],"product_brand":[],"product_cat":[33],"product_tag":[25],"class_list":{"0":"post-3973","1":"product","2":"type-product","3":"status-publish","4":"has-post-thumbnail","6":"product_cat-cpu-fans-heatsinks","7":"product_tag-hp","9":"first","10":"instock","11":"taxable","12":"shipping-taxable","13":"purchasable","14":"product-type-simple"},"_links":{"self":[{"href":"https:\/\/boreait.com\/hu\/wp-json\/wp\/v2\/product\/3973","targetHints":{"allow":["GET"]}}],"collection":[{"href":"https:\/\/boreait.com\/hu\/wp-json\/wp\/v2\/product"}],"about":[{"href":"https:\/\/boreait.com\/hu\/wp-json\/wp\/v2\/types\/product"}],"wp:featuredmedia":[{"embeddable":true,"href":"https:\/\/boreait.com\/hu\/wp-json\/wp\/v2\/media\/4018"}],"wp:attachment":[{"href":"https:\/\/boreait.com\/hu\/wp-json\/wp\/v2\/media?parent=3973"}],"wp:term":[{"taxonomy":"product_brand","embeddable":true,"href":"https:\/\/boreait.com\/hu\/wp-json\/wp\/v2\/product_brand?post=3973"},{"taxonomy":"product_cat","embeddable":true,"href":"https:\/\/boreait.com\/hu\/wp-json\/wp\/v2\/product_cat?post=3973"},{"taxonomy":"product_tag","embeddable":true,"href":"https:\/\/boreait.com\/hu\/wp-json\/wp\/v2\/product_tag?post=3973"}],"curies":[{"name":"wp","href":"https:\/\/api.w.org\/{rel}","templated":true}]}}