{"id":3972,"date":"2025-09-17T10:48:58","date_gmt":"2025-09-17T08:48:58","guid":{"rendered":"https:\/\/boreait.com\/hu\/?post_type=product&#038;p=3972"},"modified":"2025-09-17T10:49:38","modified_gmt":"2025-09-17T08:49:38","slug":"eredeti-hp-pavilion-g7-1117cl-cd-dvd-rw-meghajto-elolappal-ts-l633-574285-fc1","status":"publish","type":"product","link":"https:\/\/boreait.com\/hu\/termek\/eredeti-hp-pavilion-g7-1117cl-cd-dvd-rw-meghajto-elolappal-ts-l633-574285-fc1\/","title":{"rendered":"Eredeti HP Pavilion G7-1117CL CD DVD-RW meghajt\u00f3 el\u0151lappal &#8211; TS-L633 574285-FC1"},"content":{"rendered":"<p>N\u00f6velje HP Pavilion G7-1117CL laptopja multim\u00e9di\u00e1s k\u00e9pess\u00e9geit az eredeti HP Pavilion G7-1117CL el\u0151lapos CD DVD-RW meghajt\u00f3val &#8211; TS-L633 574285-FC1. A laptop optikai lemezek olvas\u00e1si \u00e9s \u00edr\u00e1si funkci\u00f3inak optimaliz\u00e1l\u00e1s\u00e1ra tervezett eredeti, el\u0151lappal ell\u00e1tott CD DVD-RW meghajt\u00f3 z\u00f6kken\u0151mentes integr\u00e1ci\u00f3t \u00e9s fokozott haszn\u00e1lhat\u00f3s\u00e1got biztos\u00edt a gazdagabb sz\u00e1m\u00edt\u00e1stechnikai \u00e9lm\u00e9ny \u00e9rdek\u00e9ben.<\/p>\n<p>A HP \u00e1ltal gy\u00e1rtott, megb\u00edzhat\u00f3 n\u00e9v a sz\u00e1m\u00edt\u00e1stechnik\u00e1ban. Az Eredeti HP Pavilion G7-1117CL CD DVD-RW meghajt\u00f3 el\u0151lappal &#8211; TS-L633 574285-FC1 \u00fagy tervezt\u00e9k, hogy megb\u00edzhat\u00f3 \u00e9s hat\u00e9kony optikai lemezm\u0171veleteket biztos\u00edtson. A laptop bels\u0151 rendszereinek alapvet\u0151 elemek\u00e9nt ez a meghajt\u00f3 lehet\u0151v\u00e9 teszi CD-k \u00e9s DVD-k egyszer\u0171 olvas\u00e1s\u00e1t, \u00edr\u00e1s\u00e1t \u00e9s kezel\u00e9s\u00e9t.<\/p>\n<p>Ak\u00e1r szoftvert kell telep\u00edtenie lemezr\u0151l, ak\u00e1r multim\u00e9di\u00e1s tartalmat kell \u00edrnia, ak\u00e1r biztons\u00e1gi CD-t\/DVD-t kell k\u00e9sz\u00edtenie, ez az optikai meghajt\u00f3 a k\u00edv\u00e1nt k\u00e9nyelmet \u00e9s sokoldal\u00fas\u00e1got k\u00edn\u00e1lja. Prec\u00edzi\u00f3s tervez\u00e9se biztos\u00edtja a pontos lemezolvas\u00e1st \u00e9s -\u00edr\u00e1st, megb\u00edzhat\u00f3 hozz\u00e1f\u00e9r\u00e9st biztos\u00edtva optikai adathordoz\u00f3ihoz.<\/p>\n<p>A telep\u00edt\u00e9s egyszer\u0171 az OEM-kialak\u00edt\u00e1snak k\u00f6sz\u00f6nhet\u0151en, amely illeszkedik a laptop eredeti alkatr\u00e9szeihez. Az eredeti HP alkatr\u00e9szek kiv\u00e1laszt\u00e1s\u00e1val laptopja optikai lemez\u00e9nek min\u0151s\u00e9g\u00e9be \u00e9s megb\u00edzhat\u00f3s\u00e1g\u00e1ba fektet be.<\/p>\n<p>Friss\u00edtse laptopja optikai lemez k\u00e9pess\u00e9geit az eredeti HP Pavilion G7-1117CL el\u0151lapos CD DVD-RW meghajt\u00f3val &#8211; TS-L633 574285-FC1. \u00c9lvezze a hat\u00e9kony lemezolvas\u00e1st \u00e9s -\u00edr\u00e1st, a sokoldal\u00fa multim\u00e9di\u00e1s kezel\u00e9st \u00e9s a z\u00f6kken\u0151mentes haszn\u00e1lhat\u00f3s\u00e1got a HP Pavilion G7-1117CL k\u00e9sz\u00fcl\u00e9ken. N\u00f6velje sz\u00e1m\u00edt\u00e1stechnikai \u00e9lm\u00e9ny\u00e9t ezzel a megb\u00edzhat\u00f3 \u00e9s hat\u00e9kony CD DVD-RW meghajt\u00f3val \u00e9s el\u0151lappal.<\/p>\n<p>V\u00e1s\u00e1rl\u00e1s el\u0151tt ellen\u0151rizze, hogy kompatibilis-e az adott laptopmodellj\u00e9vel.<\/p>\n","protected":false},"excerpt":{"rendered":"<p>N\u00f6velje HP Pavilion G7-1117CL laptopja multim\u00e9di\u00e1s k\u00e9pess\u00e9geit az eredeti HP Pavilion G7-1117CL el\u0151lappal ell\u00e1tott CD DVD-RW meghajt\u00f3val &#8211; TS-L633 574285-FC1. \u00c9lvezze a hat\u00e9kony lemezolvas\u00e1st \u00e9s -\u00edr\u00e1st, a sokoldal\u00fa multim\u00e9di\u00e1s kezel\u00e9st \u00e9s a z\u00f6kken\u0151mentes haszn\u00e1lhat\u00f3s\u00e1got.<\/p>\n","protected":false},"featured_media":4017,"template":"","meta":[],"product_brand":[],"product_cat":[27],"product_tag":[25],"class_list":{"0":"post-3972","1":"product","2":"type-product","3":"status-publish","4":"has-post-thumbnail","6":"product_cat-motherboards-board-parts","7":"product_tag-hp","9":"first","10":"instock","11":"taxable","12":"shipping-taxable","13":"purchasable","14":"product-type-simple"},"_links":{"self":[{"href":"https:\/\/boreait.com\/hu\/wp-json\/wp\/v2\/product\/3972","targetHints":{"allow":["GET"]}}],"collection":[{"href":"https:\/\/boreait.com\/hu\/wp-json\/wp\/v2\/product"}],"about":[{"href":"https:\/\/boreait.com\/hu\/wp-json\/wp\/v2\/types\/product"}],"wp:featuredmedia":[{"embeddable":true,"href":"https:\/\/boreait.com\/hu\/wp-json\/wp\/v2\/media\/4017"}],"wp:attachment":[{"href":"https:\/\/boreait.com\/hu\/wp-json\/wp\/v2\/media?parent=3972"}],"wp:term":[{"taxonomy":"product_brand","embeddable":true,"href":"https:\/\/boreait.com\/hu\/wp-json\/wp\/v2\/product_brand?post=3972"},{"taxonomy":"product_cat","embeddable":true,"href":"https:\/\/boreait.com\/hu\/wp-json\/wp\/v2\/product_cat?post=3972"},{"taxonomy":"product_tag","embeddable":true,"href":"https:\/\/boreait.com\/hu\/wp-json\/wp\/v2\/product_tag?post=3972"}],"curies":[{"name":"wp","href":"https:\/\/api.w.org\/{rel}","templated":true}]}}