{"id":3971,"date":"2025-09-17T10:48:58","date_gmt":"2025-09-17T08:48:58","guid":{"rendered":"https:\/\/boreait.com\/hu\/?post_type=product&#038;p=3971"},"modified":"2026-01-10T14:42:49","modified_gmt":"2026-01-10T13:42:49","slug":"hp-625-erintopad-gombjai-bal-jobb-gombbal-borito","status":"publish","type":"product","link":"https:\/\/boreait.com\/hu\/termek\/hp-625-erintopad-gombjai-bal-jobb-gombbal-borito\/","title":{"rendered":"HP 625 \u00e9rint\u0151pad gombjai (bal jobb gombbal) Bor\u00edt\u00f3"},"content":{"rendered":"<p>N\u00f6velje HP 625 laptopja funkcionalit\u00e1s\u00e1t \u00e9s haszn\u00e1lhat\u00f3s\u00e1g\u00e1t a HP 625 \u00e9rint\u0151pad gombjaival (bal gombbal kattintson a jobb gombbal) fed\u00e9l. Ez az eredeti burkolat, amely a laptop \u00e9rint\u0151padj\u00e1nak \u00e9lm\u00e9ny\u00e9t fokozza, megb\u00edzhat\u00f3 \u00e9s hat\u00e9kony \u00e9rint\u0151pad teljes\u00edtm\u00e9nyt biztos\u00edt a jobb sz\u00e1m\u00edt\u00e1stechnikai \u00e9lm\u00e9ny \u00e9rdek\u00e9ben.<\/p>\n<p>A HP \u00e1ltal tervezett, megb\u00edzhat\u00f3 n\u00e9v a sz\u00e1m\u00edt\u00e1stechnik\u00e1ban. A HP 625 \u00e9rint\u0151pad billenty\u0171burkolat\u00e1t \u00fagy tervezt\u00e9k, hogy pontos vez\u00e9rl\u00e9st \u00e9s reakci\u00f3k\u00e9szs\u00e9get biztos\u00edtson. A laptop beviteli rendszer\u00e9nek n\u00e9lk\u00fcl\u00f6zhetetlen elemek\u00e9nt ez a burkolat d\u00f6nt\u0151 szerepet j\u00e1tszik a bal \u00e9s a jobb gombbal t\u00f6rt\u00e9n\u0151 kattint\u00e1s funkci\u00f3inak megk\u00f6nny\u00edt\u00e9s\u00e9ben, \u00edgy a navig\u00e1ci\u00f3 \u00e9s a laptopj\u00e1val val\u00f3 interakci\u00f3 intuit\u00edvabb.<\/p>\n<p>Ak\u00e1r dokumentumok k\u00f6z\u00f6tt b\u00f6ng\u00e9szik, ak\u00e1r az interneten b\u00f6ng\u00e9szik, ak\u00e1r projekteken dolgozik, ez az \u00e9rint\u0151pad bor\u00edt\u00f3ja az \u00d6n \u00e1ltal elv\u00e1rt k\u00e9nyelmet \u00e9s hat\u00e9konys\u00e1got biztos\u00edtja. Prec\u00edzi\u00f3s kialak\u00edt\u00e1sa pontos kattint\u00e1sokat tesz lehet\u0151v\u00e9 az \u00e9rint\u0151paddal, \u00edgy seg\u00edt a feladatok egyszer\u0171 elv\u00e9gz\u00e9s\u00e9ben.<\/p>\n<p>A telep\u00edt\u00e9s egyszer\u0171 az OEM-kialak\u00edt\u00e1snak k\u00f6sz\u00f6nhet\u0151en, amely t\u00f6k\u00e9letesen illeszkedik a laptop eredeti alkatr\u00e9szeihez. Az eredeti HP alkatr\u00e9szek kiv\u00e1laszt\u00e1s\u00e1val laptopja \u00e9rint\u0151padj\u00e1nak min\u0151s\u00e9g\u00e9be \u00e9s megb\u00edzhat\u00f3s\u00e1g\u00e1ba fektet be.<\/p>\n<p>Friss\u00edtse laptopja \u00e9rint\u0151padj\u00e1nak \u00e9lm\u00e9ny\u00e9t a HP 625 \u00e9rint\u0151pad gombjaival (bal gomb jobb gombbal) fed\u00e9l. \u00c9lvezze a prec\u00edz vez\u00e9rl\u00e9st, a jobb reakci\u00f3k\u00e9szs\u00e9get \u00e9s a k\u00f6nny\u0171 navig\u00e1ci\u00f3t a HP 625 k\u00e9sz\u00fcl\u00e9ken. N\u00f6velje sz\u00e1m\u00edt\u00e1stechnikai \u00e9lm\u00e9ny\u00e9t ezzel a megb\u00edzhat\u00f3 \u00e9s hat\u00e9kony \u00e9rint\u0151pad bor\u00edt\u00e1ssal.<\/p>\n<p>V\u00e1s\u00e1rl\u00e1s el\u0151tt ellen\u0151rizze, hogy kompatibilis-e az adott laptopmodellj\u00e9vel.<\/p>\n","protected":false},"excerpt":{"rendered":"<p>N\u00f6velje HP 625 laptopja \u00e9rint\u0151padj\u00e1nak teljes\u00edtm\u00e9ny\u00e9t a HP 625 \u00e9rint\u0151pad gombjaival (bal gomb jobb gombbal) fed\u00e9l. \u00c9lvezze a prec\u00edz vez\u00e9rl\u00e9st \u00e9s a jobb reakci\u00f3k\u00e9szs\u00e9get.<\/p>\n","protected":false},"featured_media":4015,"template":"","meta":[],"product_brand":[],"product_cat":[16],"product_tag":[25],"class_list":{"0":"post-3971","1":"product","2":"type-product","3":"status-publish","4":"has-post-thumbnail","6":"product_cat-laptop-housing","7":"product_tag-hp","9":"first","10":"instock","11":"taxable","12":"shipping-taxable","13":"purchasable","14":"product-type-simple"},"_links":{"self":[{"href":"https:\/\/boreait.com\/hu\/wp-json\/wp\/v2\/product\/3971","targetHints":{"allow":["GET"]}}],"collection":[{"href":"https:\/\/boreait.com\/hu\/wp-json\/wp\/v2\/product"}],"about":[{"href":"https:\/\/boreait.com\/hu\/wp-json\/wp\/v2\/types\/product"}],"wp:featuredmedia":[{"embeddable":true,"href":"https:\/\/boreait.com\/hu\/wp-json\/wp\/v2\/media\/4015"}],"wp:attachment":[{"href":"https:\/\/boreait.com\/hu\/wp-json\/wp\/v2\/media?parent=3971"}],"wp:term":[{"taxonomy":"product_brand","embeddable":true,"href":"https:\/\/boreait.com\/hu\/wp-json\/wp\/v2\/product_brand?post=3971"},{"taxonomy":"product_cat","embeddable":true,"href":"https:\/\/boreait.com\/hu\/wp-json\/wp\/v2\/product_cat?post=3971"},{"taxonomy":"product_tag","embeddable":true,"href":"https:\/\/boreait.com\/hu\/wp-json\/wp\/v2\/product_tag?post=3971"}],"curies":[{"name":"wp","href":"https:\/\/api.w.org\/{rel}","templated":true}]}}