{"id":3970,"date":"2025-09-17T10:48:58","date_gmt":"2025-09-17T08:48:58","guid":{"rendered":"https:\/\/boreait.com\/hu\/?post_type=product&#038;p=3970"},"modified":"2026-01-10T14:42:33","modified_gmt":"2026-01-10T13:42:33","slug":"hp-625-mikrofon","status":"publish","type":"product","link":"https:\/\/boreait.com\/hu\/termek\/hp-625-mikrofon\/","title":{"rendered":"HP 625 mikrofon"},"content":{"rendered":"<p>B\u0151v\u00edtse hangr\u00f6gz\u00edt\u00e9si \u00e9s kommunik\u00e1ci\u00f3s k\u00e9pess\u00e9geit a HP 625 mikrofonnal. A hang\u00e9lm\u00e9ny fokoz\u00e1s\u00e1ra tervezett eredeti HP mikrofon tiszta \u00e9s \u00e9les hangmin\u0151s\u00e9get biztos\u00edt sz\u00e1mos alkalmaz\u00e1shoz.<\/p>\n<p>A HP \u00e1ltal megalkotott, megb\u00edzhat\u00f3 n\u00e9v a sz\u00e1m\u00edt\u00e1stechnik\u00e1ban \u00e9s az audiotechnol\u00f3gi\u00e1ban, a HP 625 mikrofont \u00fagy tervezt\u00e9k, hogy z\u00f6kken\u0151mentesen integr\u00e1lhat\u00f3 legyen az \u00d6n eszk\u00f6zeivel. Ak\u00e1r online \u00e9rtekezleteket, podcastokat r\u00f6gz\u00edt, ak\u00e1r bar\u00e1taival j\u00e1tszik, ez a mikrofon biztos\u00edtja a sz\u00fcks\u00e9ges kiv\u00e1l\u00f3 min\u0151s\u00e9g\u0171 hangbemenetet.<\/p>\n<p>A mikrofon prec\u00edzi\u00f3s kialak\u00edt\u00e1sa pontosan r\u00f6gz\u00edti az \u00d6n hangj\u00e1t, mik\u00f6zben cs\u00f6kkenti a h\u00e1tt\u00e9rzajt, \u00edgy a felv\u00e9telei \u00e9s a besz\u00e9lget\u00e9sei krist\u00e1lytiszt\u00e1k. Sokoldal\u00fa funkcionalit\u00e1sa alkalmass\u00e1 teszi professzion\u00e1lis haszn\u00e1latra, valamint h\u00e9tk\u00f6znapi hangcseveg\u00e9sre \u00e9s tartalomk\u00e9sz\u00edt\u00e9sre.<\/p>\n<p>A legt\u00f6bb eszk\u00f6zzel m\u0171k\u00f6d\u0151 plug-and-play kialak\u00edt\u00e1snak k\u00f6sz\u00f6nhet\u0151en a telep\u00edt\u00e9s probl\u00e9mamentes. Egyszer\u0171en csatlakoztassa a HP 625 mikrofont sz\u00e1m\u00edt\u00f3g\u00e9pe, laptopja vagy kompatibilis eszk\u00f6ze USB-portj\u00e1hoz, \u00e9s m\u00e1ris megkezdheti a felv\u00e9telt vagy a cseveg\u00e9st.<\/p>\n<p>Jav\u00edtsa hangmin\u0151s\u00e9g\u00e9t a HP 625 mikrofonnal. Ak\u00e1r professzion\u00e1lis tartalomk\u00e9sz\u00edt\u0151, ak\u00e1r egyszer\u0171en csak jav\u00edtani szeretn\u00e9 az online kommunik\u00e1ci\u00f3t, ez a mikrofon megb\u00edzhat\u00f3 \u00e9s kiv\u00e9teles hangteljes\u00edtm\u00e9nyt ny\u00fajt.<\/p>\n<p>V\u00e1s\u00e1rl\u00e1s el\u0151tt ellen\u0151rizze az adott eszk\u00f6zzel val\u00f3 kompatibilit\u00e1st.<\/p>\n","protected":false},"excerpt":{"rendered":"<p>Friss\u00edtse hangfelv\u00e9tel\u00e9t \u00e9s kommunik\u00e1ci\u00f3j\u00e1t a HP 625 mikrofonnal. Ez az eredeti HP mikrofon tiszta \u00e9s \u00e9les hangmin\u0151s\u00e9get biztos\u00edt, ide\u00e1lis online \u00e9rtekezletekhez, podcastokhoz \u00e9s j\u00e1t\u00e9kokhoz. Plug-and-play egyszer\u0171s\u00e9g az egyszer\u0171 be\u00e1ll\u00edt\u00e1s\u00e9rt.<\/p>\n","protected":false},"featured_media":4014,"template":"","meta":[],"product_brand":[],"product_cat":[27],"product_tag":[25],"class_list":{"0":"post-3970","1":"product","2":"type-product","3":"status-publish","4":"has-post-thumbnail","6":"product_cat-motherboards-board-parts","7":"product_tag-hp","9":"first","10":"instock","11":"taxable","12":"shipping-taxable","13":"purchasable","14":"product-type-simple"},"_links":{"self":[{"href":"https:\/\/boreait.com\/hu\/wp-json\/wp\/v2\/product\/3970","targetHints":{"allow":["GET"]}}],"collection":[{"href":"https:\/\/boreait.com\/hu\/wp-json\/wp\/v2\/product"}],"about":[{"href":"https:\/\/boreait.com\/hu\/wp-json\/wp\/v2\/types\/product"}],"wp:featuredmedia":[{"embeddable":true,"href":"https:\/\/boreait.com\/hu\/wp-json\/wp\/v2\/media\/4014"}],"wp:attachment":[{"href":"https:\/\/boreait.com\/hu\/wp-json\/wp\/v2\/media?parent=3970"}],"wp:term":[{"taxonomy":"product_brand","embeddable":true,"href":"https:\/\/boreait.com\/hu\/wp-json\/wp\/v2\/product_brand?post=3970"},{"taxonomy":"product_cat","embeddable":true,"href":"https:\/\/boreait.com\/hu\/wp-json\/wp\/v2\/product_cat?post=3970"},{"taxonomy":"product_tag","embeddable":true,"href":"https:\/\/boreait.com\/hu\/wp-json\/wp\/v2\/product_tag?post=3970"}],"curies":[{"name":"wp","href":"https:\/\/api.w.org\/{rel}","templated":true}]}}