{"id":397,"date":"2025-09-17T09:26:31","date_gmt":"2025-09-17T07:26:31","guid":{"rendered":"https:\/\/boreait.com\/hu\/?post_type=product&#038;p=397"},"modified":"2025-09-17T09:27:11","modified_gmt":"2025-09-17T07:27:11","slug":"asus-audiokartya-j201sa-hoz","status":"publish","type":"product","link":"https:\/\/boreait.com\/hu\/termek\/asus-audiokartya-j201sa-hoz\/","title":{"rendered":"Asus audiok\u00e1rtya J201SA-hoz"},"content":{"rendered":"<p>Az Asus audiok\u00e1rtya fejlett hangfeldolgoz\u00e1si k\u00e9pess\u00e9gekkel b\u00fcszk\u00e9lkedhet, \u00edgy gazdag, mag\u00e1val ragad\u00f3 hangz\u00e1st biztos\u00edt kiv\u00e9teles tisztas\u00e1ggal \u00e9s m\u00e9lys\u00e9ggel. A legmodernebb audiotechnol\u00f3gi\u00e1kat alkalmazza a hang leny\u0171g\u00f6z\u0151 pontoss\u00e1g\u00fa reproduk\u00e1l\u00e1s\u00e1ra, \u00edgy t\u00f6k\u00e9letes multim\u00e9dia-fogyaszt\u00e1shoz \u00e9s professzion\u00e1lis audiofeladatokhoz.<\/p>\n<p>A kiv\u00e1l\u00f3 min\u0151s\u00e9g\u0171 digit\u00e1lis-anal\u00f3g konverterrel (DAC) felszerelt hangk\u00e1rtya gondoskodik arr\u00f3l, hogy a hang minden r\u00e9szlete h\u0171en reproduk\u00e1lva legyen, \u00edgy tiszta \u00e9s \u00e9leth\u0171 hangsz\u00ednt eredm\u00e9nyez. A DAC minim\u00e1lisra cs\u00f6kkenti a torz\u00edt\u00e1st \u00e9s a zajt, tiszta hangjelet biztos\u00edtva, amely kiemeli a zene, a filmek \u00e9s a j\u00e1t\u00e9kok finom \u00e1rnyalatait.<\/p>\n<p>Tov\u00e1bb\u00e1 az audiok\u00e1rtya pr\u00e9mium alkatr\u00e9szeket tartalmaz, bele\u00e9rtve a nagy h\u0171s\u00e9g\u0171 hangkondenz\u00e1torokat \u00e9s a fejlett hanger\u0151s\u00edt\u0151 \u00e1ramk\u00f6r\u00f6ket. Ezek az \u00f6sszetev\u0151k harmonikusan m\u0171k\u00f6dnek, \u00e9s er\u0151teljes \u00e9s dinamikus hangkimenetet biztos\u00edtanak, lehet\u0151v\u00e9 t\u00e9ve a felhaszn\u00e1l\u00f3k sz\u00e1m\u00e1ra, hogy teljesen elmer\u00fcljenek kedvenc tartalmaikban.<\/p>\n<p>A J201SA Asus audiok\u00e1rty\u00e1ja szint\u00e9n sz\u00e1mos csatlakoz\u00e1si lehet\u0151s\u00e9ggel rendelkezik. T\u00f6bb hangcsatlakoz\u00f3t is tartalmaz, p\u00e9ld\u00e1ul fejhallgat\u00f3- \u00e9s mikrofoncsatlakoz\u00f3kat, amelyek lehet\u0151v\u00e9 teszik a z\u00f6kken\u0151mentes integr\u00e1ci\u00f3t a k\u00fcl\u00f6nf\u00e9le audio-perif\u00e9ri\u00e1kkal. Ezen t\u00falmen\u0151en t\u00e1mogatja a nagy felbont\u00e1s\u00fa hangform\u00e1tumokat, biztos\u00edtva a kompatibilit\u00e1st az audiofil min\u0151s\u00e9g\u0171 fejhallgat\u00f3kkal \u00e9s hangsz\u00f3r\u00f3kkal.<\/p>\n<p>A diz\u00e1jn tekintet\u00e9ben az audiok\u00e1rtya apr\u00f3l\u00e9kosan megtervezett, hogy minimaliz\u00e1lja az interferenci\u00e1t \u00e9s maximaliz\u00e1lja a hangteljes\u00edtm\u00e9nyt. \u00c1rny\u00e9kolt az elektrom\u00e1gneses interferencia cs\u00f6kkent\u00e9se \u00e9rdek\u00e9ben, megakad\u00e1lyozva a nem k\u00edv\u00e1nt zajt \u00e9s torz\u00edt\u00e1st. A kompakt kialak\u00edt\u00e1s biztos\u00edtja a probl\u00e9mamentes telep\u00edt\u00e9si folyamatot, \u00e9s hat\u00e9kony helykihaszn\u00e1l\u00e1st tesz lehet\u0151v\u00e9 a laptopon bel\u00fcl.<\/p>\n<p>\u00d6sszess\u00e9g\u00e9ben a J201SA Asus audiok\u00e1rty\u00e1ja a m\u00e1rka elk\u00f6telezetts\u00e9g\u00e9t bizony\u00edtja a kiv\u00e9teles hangmin\u0151s\u00e9g biztos\u00edt\u00e1sa ir\u00e1nt. N\u00f6veli a laptop audiok\u00e9pess\u00e9geit, mag\u00e1val ragad\u00f3 \u00e9s mag\u00e1val ragad\u00f3 hang\u00e9lm\u00e9nyt biztos\u00edtva, amely fokozza a sz\u00f3rakoz\u00e1st, a termel\u00e9kenys\u00e9get \u00e9s a kreat\u00edv er\u0151fesz\u00edt\u00e9seket.<\/p>\n","protected":false},"excerpt":{"rendered":"<p>A kifejezetten a J201SA modellhez tervezett Asus audiok\u00e1rtya egy \u00e9lvonalbeli audiomegold\u00e1s, amely fokozza a laptop hang\u00e9lm\u00e9ny\u00e9t. Ez a karcs\u00fa \u00e9s kompakt hangk\u00e1rtya z\u00f6kken\u0151mentesen be\u00e9p\u00fcl a laptop alaplapj\u00e1ba, \u00edgy optim\u00e1lis teljes\u00edtm\u00e9nyt \u00e9s kompatibilit\u00e1st biztos\u00edt.<\/p>\n","protected":false},"featured_media":458,"template":"","meta":[],"product_brand":[],"product_cat":[27],"product_tag":[30],"class_list":{"0":"post-397","1":"product","2":"type-product","3":"status-publish","4":"has-post-thumbnail","6":"product_cat-motherboards-board-parts","7":"product_tag-asus","9":"first","10":"instock","11":"taxable","12":"shipping-taxable","13":"purchasable","14":"product-type-simple"},"_links":{"self":[{"href":"https:\/\/boreait.com\/hu\/wp-json\/wp\/v2\/product\/397","targetHints":{"allow":["GET"]}}],"collection":[{"href":"https:\/\/boreait.com\/hu\/wp-json\/wp\/v2\/product"}],"about":[{"href":"https:\/\/boreait.com\/hu\/wp-json\/wp\/v2\/types\/product"}],"wp:featuredmedia":[{"embeddable":true,"href":"https:\/\/boreait.com\/hu\/wp-json\/wp\/v2\/media\/458"}],"wp:attachment":[{"href":"https:\/\/boreait.com\/hu\/wp-json\/wp\/v2\/media?parent=397"}],"wp:term":[{"taxonomy":"product_brand","embeddable":true,"href":"https:\/\/boreait.com\/hu\/wp-json\/wp\/v2\/product_brand?post=397"},{"taxonomy":"product_cat","embeddable":true,"href":"https:\/\/boreait.com\/hu\/wp-json\/wp\/v2\/product_cat?post=397"},{"taxonomy":"product_tag","embeddable":true,"href":"https:\/\/boreait.com\/hu\/wp-json\/wp\/v2\/product_tag?post=397"}],"curies":[{"name":"wp","href":"https:\/\/api.w.org\/{rel}","templated":true}]}}