{"id":3968,"date":"2025-09-17T10:48:58","date_gmt":"2025-09-17T08:48:58","guid":{"rendered":"https:\/\/boreait.com\/hu\/?post_type=product&#038;p=3968"},"modified":"2026-01-09T14:22:51","modified_gmt":"2026-01-09T13:22:51","slug":"hp-625-usb-port-csatlakozok","status":"publish","type":"product","link":"https:\/\/boreait.com\/hu\/termek\/hp-625-usb-port-csatlakozok\/","title":{"rendered":"HP 625 USB port csatlakoz\u00f3k"},"content":{"rendered":"<p>B\u0151v\u00edtse HP 625 laptopja csatlakoz\u00e1si lehet\u0151s\u00e9geit a HP 625 USB port csatlakoz\u00f3kkal. A laptop USB-funkci\u00f3inak jav\u00edt\u00e1s\u00e1ra tervezett eredeti USB-port csatlakoz\u00f3k megb\u00edzhat\u00f3 csatlakoz\u00e1st \u00e9s z\u00f6kken\u0151mentes integr\u00e1ci\u00f3t biztos\u00edtanak a jobb sz\u00e1m\u00edt\u00e1stechnikai \u00e9lm\u00e9ny \u00e9rdek\u00e9ben.<\/p>\n<p>A HP \u00e1ltal megalkotott, megb\u00edzhat\u00f3 n\u00e9v a sz\u00e1m\u00edt\u00e1stechnik\u00e1ban, a HP 625 USB-port csatlakoz\u00f3it \u00fagy tervezt\u00e9k, hogy hat\u00e9kony USB-kapcsolatot biztos\u00edtsanak. A laptop bels\u0151 rendszereinek alapvet\u0151 elemeik\u00e9nt ezek a portcsatlakoz\u00f3k kulcsszerepet j\u00e1tszanak az USB-opci\u00f3k b\u0151v\u00edt\u00e9s\u00e9ben.<\/p>\n<p>Ak\u00e1r k\u00fcls\u0151 eszk\u00f6z\u00f6k csatlakoztat\u00e1s\u00e1ra, adat\u00e1tvitelre vagy perif\u00e9ri\u00e1k t\u00f6lt\u00e9s\u00e9re van sz\u00fcks\u00e9ge, ezek az USB-port csatlakoz\u00f3k az \u00d6n \u00e1ltal elv\u00e1rt k\u00e9nyelmet \u00e9s hat\u00e9konys\u00e1got k\u00edn\u00e1lj\u00e1k. A rendelkez\u00e9s\u00e9re \u00e1ll\u00f3 t\u00f6bb USB-porttal k\u00f6nnyed\u00e9n elhelyezhet k\u00fcl\u00f6nf\u00e9le eszk\u00f6z\u00f6ket an\u00e9lk\u00fcl, hogy tov\u00e1bbi adapterekre vagy hubokra lenne sz\u00fcks\u00e9ge.<\/p>\n<p>A telep\u00edt\u00e9s egyszer\u0171 az OEM-kialak\u00edt\u00e1snak k\u00f6sz\u00f6nhet\u0151en, amely illeszkedik a laptop eredeti alkatr\u00e9szeihez. Az eredeti HP alkatr\u00e9szek kiv\u00e1laszt\u00e1s\u00e1val laptopja csatlakoz\u00e1s\u00e1nak min\u0151s\u00e9g\u00e9be \u00e9s megb\u00edzhat\u00f3s\u00e1g\u00e1ba fektet be.<\/p>\n<p>Friss\u00edtse laptopja csatlakoztathat\u00f3s\u00e1g\u00e1t a HP 625 USB port csatlakoz\u00f3kkal. N\u00f6velje USB-k\u00e9pess\u00e9geit, egyszer\u0171s\u00edtse a munkafolyamatokat, \u00e9s csatlakoztassa a k\u00fcls\u0151 eszk\u00f6z\u00f6ket k\u00f6nnyed\u00e9n ezzel a megb\u00edzhat\u00f3 \u00e9s hat\u00e9kony portcsatlakoz\u00f3k\u00e9szlettel.<\/p>\n<p>V\u00e1s\u00e1rl\u00e1s el\u0151tt ellen\u0151rizze, hogy kompatibilis-e az adott laptopmodellj\u00e9vel.<\/p>\n","protected":false},"excerpt":{"rendered":"<p>N\u00f6velje HP 625 laptopja USB-kapcsolat\u00e1t a HP 625 USB-port csatlakoz\u00f3kkal. \u00c9lvezze a kib\u0151v\u00edtett USB lehet\u0151s\u00e9geket a z\u00f6kken\u0151mentes eszk\u00f6zcsatlakoztat\u00e1s \u00e9s adat\u00e1tvitel \u00e9rdek\u00e9ben.<\/p>\n","protected":false},"featured_media":4011,"template":"","meta":[],"product_brand":[],"product_cat":[27],"product_tag":[25],"class_list":{"0":"post-3968","1":"product","2":"type-product","3":"status-publish","4":"has-post-thumbnail","6":"product_cat-motherboards-board-parts","7":"product_tag-hp","9":"first","10":"instock","11":"taxable","12":"shipping-taxable","13":"purchasable","14":"product-type-simple"},"_links":{"self":[{"href":"https:\/\/boreait.com\/hu\/wp-json\/wp\/v2\/product\/3968","targetHints":{"allow":["GET"]}}],"collection":[{"href":"https:\/\/boreait.com\/hu\/wp-json\/wp\/v2\/product"}],"about":[{"href":"https:\/\/boreait.com\/hu\/wp-json\/wp\/v2\/types\/product"}],"wp:featuredmedia":[{"embeddable":true,"href":"https:\/\/boreait.com\/hu\/wp-json\/wp\/v2\/media\/4011"}],"wp:attachment":[{"href":"https:\/\/boreait.com\/hu\/wp-json\/wp\/v2\/media?parent=3968"}],"wp:term":[{"taxonomy":"product_brand","embeddable":true,"href":"https:\/\/boreait.com\/hu\/wp-json\/wp\/v2\/product_brand?post=3968"},{"taxonomy":"product_cat","embeddable":true,"href":"https:\/\/boreait.com\/hu\/wp-json\/wp\/v2\/product_cat?post=3968"},{"taxonomy":"product_tag","embeddable":true,"href":"https:\/\/boreait.com\/hu\/wp-json\/wp\/v2\/product_tag?post=3968"}],"curies":[{"name":"wp","href":"https:\/\/api.w.org\/{rel}","templated":true}]}}