{"id":3967,"date":"2025-09-17T10:48:58","date_gmt":"2025-09-17T08:48:58","guid":{"rendered":"https:\/\/boreait.com\/hu\/?post_type=product&#038;p=3967"},"modified":"2025-09-17T10:49:31","modified_gmt":"2025-09-17T08:49:31","slug":"laptop-hangszoro-hp-compaq-cq610-cq615-cq620-cq625-605792-001-570286-001-hp-625-keszulekhez","status":"publish","type":"product","link":"https:\/\/boreait.com\/hu\/termek\/laptop-hangszoro-hp-compaq-cq610-cq615-cq620-cq625-605792-001-570286-001-hp-625-keszulekhez\/","title":{"rendered":"laptop hangsz\u00f3r\u00f3 HP COMPAQ CQ610 CQ615 CQ620 CQ625 605792-001 570286-001 HP 625 k\u00e9sz\u00fcl\u00e9khez"},"content":{"rendered":"<p>N\u00f6velje hang\u00e9lm\u00e9ny\u00e9t a HP 625 hangsz\u00f3r\u00f3val. A hangmin\u0151s\u00e9g \u00e9s a tisztas\u00e1g jav\u00edt\u00e1s\u00e1ra tervezett eredeti HP hangsz\u00f3r\u00f3 t\u00f6k\u00e9letes kieg\u00e9sz\u00edt\u0151je laptopj\u00e1nak vagy asztali sz\u00e1m\u00edt\u00f3g\u00e9p\u00e9nek. A HP \u00e1ltal prec\u00edzen megalkotott, megb\u00edzhat\u00f3 n\u00e9v a sz\u00e1m\u00edt\u00e1stechnik\u00e1ban ez a hangsz\u00f3r\u00f3 z\u00f6kken\u0151mentes integr\u00e1ci\u00f3t garant\u00e1l az eszk\u00f6zzel a jobb hangteljes\u00edtm\u00e9ny \u00e9rdek\u00e9ben.<\/p>\n<p>Ak\u00e1r filmeket n\u00e9z, zen\u00e9t hallgat, ak\u00e1r videokonferenci\u00e1n vesz r\u00e9szt, a HP 625 hangsz\u00f3r\u00f3 kiv\u00e9teles hangmin\u0151s\u00e9get biztos\u00edt. Prec\u00edzi\u00f3s tervez\u00e9se biztos\u00edtja, hogy minden r\u00e9szletet krist\u00e1lytiszt\u00e1n halljon, \u00edgy a multim\u00e9di\u00e1s \u00e9s kommunik\u00e1ci\u00f3s \u00e9lm\u00e9nyek m\u00e9g mag\u00e1val ragad\u00f3bbak.<\/p>\n<p>A telep\u00edt\u00e9s gyerekj\u00e1t\u00e9k a felhaszn\u00e1l\u00f3bar\u00e1t kialak\u00edt\u00e1snak k\u00f6sz\u00f6nhet\u0151en, amely t\u00f6k\u00e9letesen illeszkedik laptopj\u00e1hoz vagy asztali sz\u00e1m\u00edt\u00f3g\u00e9p\u00e9hez. Az eredeti HP alkatr\u00e9szek kiv\u00e1laszt\u00e1s\u00e1val a hang\u00e9lm\u00e9ny min\u0151s\u00e9g\u00e9be \u00e9s megb\u00edzhat\u00f3s\u00e1g\u00e1ba fektet be.<\/p>\n<p>Friss\u00edtse laptopja vagy asztali sz\u00e1m\u00edt\u00f3g\u00e9pe audiok\u00e9pess\u00e9geit a HP 625 hangsz\u00f3r\u00f3val. \u00c9lvezze a jobb hangmin\u0151s\u00e9get, \u00e9s fokozza a hang\u00e9lm\u00e9nyt. Mer\u00fclj\u00f6n el a tiszta \u00e9s \u00e9l\u00e9nk hangz\u00e1s vil\u00e1g\u00e1ban ezzel a megb\u00edzhat\u00f3 \u00e9s hat\u00e9kony hangsz\u00f3r\u00f3val.<\/p>\n<p>V\u00e1s\u00e1rl\u00e1s el\u0151tt ellen\u0151rizze, hogy kompatibilis-e az adott laptop- vagy asztali sz\u00e1m\u00edt\u00f3g\u00e9p-modellel.<\/p>\n","protected":false},"excerpt":{"rendered":"<p>N\u00f6velje hang\u00e9lm\u00e9ny\u00e9t a HP 625 hangsz\u00f3r\u00f3val. \u00c9lvezze a jobb hangmin\u0151s\u00e9get \u00e9s tisztas\u00e1got filmek, zene \u00e9s videokonferenci\u00e1k lej\u00e1tsz\u00e1sakor.<\/p>\n","protected":false},"featured_media":4010,"template":"","meta":[],"product_brand":[],"product_cat":[18],"product_tag":[25],"class_list":{"0":"post-3967","1":"product","2":"type-product","3":"status-publish","4":"has-post-thumbnail","6":"product_cat-laptop-speakers","7":"product_tag-hp","9":"first","10":"instock","11":"taxable","12":"shipping-taxable","13":"purchasable","14":"product-type-simple"},"_links":{"self":[{"href":"https:\/\/boreait.com\/hu\/wp-json\/wp\/v2\/product\/3967","targetHints":{"allow":["GET"]}}],"collection":[{"href":"https:\/\/boreait.com\/hu\/wp-json\/wp\/v2\/product"}],"about":[{"href":"https:\/\/boreait.com\/hu\/wp-json\/wp\/v2\/types\/product"}],"wp:featuredmedia":[{"embeddable":true,"href":"https:\/\/boreait.com\/hu\/wp-json\/wp\/v2\/media\/4010"}],"wp:attachment":[{"href":"https:\/\/boreait.com\/hu\/wp-json\/wp\/v2\/media?parent=3967"}],"wp:term":[{"taxonomy":"product_brand","embeddable":true,"href":"https:\/\/boreait.com\/hu\/wp-json\/wp\/v2\/product_brand?post=3967"},{"taxonomy":"product_cat","embeddable":true,"href":"https:\/\/boreait.com\/hu\/wp-json\/wp\/v2\/product_cat?post=3967"},{"taxonomy":"product_tag","embeddable":true,"href":"https:\/\/boreait.com\/hu\/wp-json\/wp\/v2\/product_tag?post=3967"}],"curies":[{"name":"wp","href":"https:\/\/api.w.org\/{rel}","templated":true}]}}