{"id":3966,"date":"2025-09-17T10:48:57","date_gmt":"2025-09-17T08:48:57","guid":{"rendered":"https:\/\/boreait.com\/hu\/?post_type=product&#038;p=3966"},"modified":"2026-01-09T14:22:29","modified_gmt":"2026-01-09T13:22:29","slug":"628824-001-eredeti-eredeti-hp-modem-kartya-probook-6450b","status":"publish","type":"product","link":"https:\/\/boreait.com\/hu\/termek\/628824-001-eredeti-eredeti-hp-modem-kartya-probook-6450b\/","title":{"rendered":"628824-001 EREDETI EREDETI HP MODEM K\u00c1RTYA PROBOOK 6450B"},"content":{"rendered":"<p>Fokozza HP ProBook 6450B laptopja csatlakoztathat\u00f3s\u00e1g\u00e1t a 628824-001 eredeti HP modemk\u00e1rty\u00e1val. Ezt az autentikus modemk\u00e1rty\u00e1t \u00fagy tervezt\u00e9k, hogy megb\u00edzhat\u00f3 \u00e9s hat\u00e9kony csatlakoz\u00e1si lehet\u0151s\u00e9geket biztos\u00edtson, biztos\u00edtva a z\u00f6kken\u0151mentes integr\u00e1ci\u00f3t a jobb sz\u00e1m\u00edt\u00e1stechnikai \u00e9lm\u00e9ny \u00e9rdek\u00e9ben.<\/p>\n<p>A HP, a sz\u00e1m\u00edt\u00e1stechnika megb\u00edzhat\u00f3 vezet\u0151 gy\u00e1rt\u00f3ja \u00e1ltal k\u00e9sz\u00edtett 628824-001 modemk\u00e1rtya kompatibilit\u00e1st \u00e9s megb\u00edzhat\u00f3s\u00e1got k\u00edn\u00e1l. A laptop bels\u0151 rendszereinek alapvet\u0151 elemek\u00e9nt ez a modemk\u00e1rtya kulcsszerepet j\u00e1tszik a csatlakoz\u00e1si lehet\u0151s\u00e9gek b\u0151v\u00edt\u00e9s\u00e9ben.<\/p>\n<p>Ak\u00e1r biztons\u00e1gos internetkapcsolatot kell l\u00e9trehoznia, t\u00e1voli h\u00e1l\u00f3zatokat kell el\u00e9rnie, ak\u00e1r \u00fatk\u00f6zben is kapcsolatban kell maradnia, ez a modemk\u00e1rtya az \u00d6n \u00e1ltal elv\u00e1rt k\u00e9nyelmet \u00e9s hat\u00e9konys\u00e1got biztos\u00edtja. Maradjon kapcsolatban, \u00e9rje el a kritikus inform\u00e1ci\u00f3kat, \u00e9s tartsa fenn a termel\u00e9kenys\u00e9get ezzel az eredeti HP-komponenssel.<\/p>\n<p>A telep\u00edt\u00e9s egyszer\u0171 az OEM-kialak\u00edt\u00e1snak k\u00f6sz\u00f6nhet\u0151en, amely illeszkedik a laptop eredeti alkatr\u00e9szeihez.\u00a0 Az eredeti HP alkatr\u00e9szek kiv\u00e1laszt\u00e1s\u00e1val laptopja csatlakoz\u00e1s\u00e1nak min\u0151s\u00e9g\u00e9be \u00e9s megb\u00edzhat\u00f3s\u00e1g\u00e1ba fektet be.<\/p>\n<p>B\u0151v\u00edtse laptopja csatlakoztathat\u00f3s\u00e1g\u00e1t a 628824-001 eredeti HP modemk\u00e1rty\u00e1val. \u00c9lvezze a z\u00f6kken\u0151mentes internet-hozz\u00e1f\u00e9r\u00e9st, a megb\u00edzhat\u00f3 h\u00e1l\u00f3zati kapcsolatokat \u00e9s a hat\u00e9kony adat\u00e1tvitelt HP ProBook 6450B k\u00e9sz\u00fcl\u00e9k\u00e9n. N\u00f6velje sz\u00e1m\u00edt\u00e1stechnikai \u00e9lm\u00e9ny\u00e9t ezzel a megb\u00edzhat\u00f3 \u00e9s hat\u00e9kony modemk\u00e1rty\u00e1val.<\/p>\n<p>V\u00e1s\u00e1rl\u00e1s el\u0151tt ellen\u0151rizze, hogy kompatibilis-e az adott laptopmodellj\u00e9vel.<\/p>\n","protected":false},"excerpt":{"rendered":"<p>N\u00f6velje HP ProBook 6450B csatlakoztathat\u00f3s\u00e1g\u00e1t a 628824-001 eredeti HP modemk\u00e1rty\u00e1val. \u00c9lvezze a megb\u00edzhat\u00f3 internet-hozz\u00e1f\u00e9r\u00e9st \u00e9s a hat\u00e9kony adat\u00e1tvitelt ezzel az autentikus HP-komponenssel.<\/p>\n","protected":false},"featured_media":4008,"template":"","meta":[],"product_brand":[],"product_cat":[27],"product_tag":[25],"class_list":{"0":"post-3966","1":"product","2":"type-product","3":"status-publish","4":"has-post-thumbnail","6":"product_cat-motherboards-board-parts","7":"product_tag-hp","9":"first","10":"instock","11":"taxable","12":"shipping-taxable","13":"purchasable","14":"product-type-simple"},"_links":{"self":[{"href":"https:\/\/boreait.com\/hu\/wp-json\/wp\/v2\/product\/3966","targetHints":{"allow":["GET"]}}],"collection":[{"href":"https:\/\/boreait.com\/hu\/wp-json\/wp\/v2\/product"}],"about":[{"href":"https:\/\/boreait.com\/hu\/wp-json\/wp\/v2\/types\/product"}],"wp:featuredmedia":[{"embeddable":true,"href":"https:\/\/boreait.com\/hu\/wp-json\/wp\/v2\/media\/4008"}],"wp:attachment":[{"href":"https:\/\/boreait.com\/hu\/wp-json\/wp\/v2\/media?parent=3966"}],"wp:term":[{"taxonomy":"product_brand","embeddable":true,"href":"https:\/\/boreait.com\/hu\/wp-json\/wp\/v2\/product_brand?post=3966"},{"taxonomy":"product_cat","embeddable":true,"href":"https:\/\/boreait.com\/hu\/wp-json\/wp\/v2\/product_cat?post=3966"},{"taxonomy":"product_tag","embeddable":true,"href":"https:\/\/boreait.com\/hu\/wp-json\/wp\/v2\/product_tag?post=3966"}],"curies":[{"name":"wp","href":"https:\/\/api.w.org\/{rel}","templated":true}]}}