{"id":3965,"date":"2025-09-17T10:48:57","date_gmt":"2025-09-17T08:48:57","guid":{"rendered":"https:\/\/boreait.com\/hu\/?post_type=product&#038;p=3965"},"modified":"2026-01-09T14:22:05","modified_gmt":"2026-01-09T13:22:05","slug":"hp-pavilion-dv7-6000-dv6-6000-802-11n-wifi-bluetooth-3-0-600370-001-wlan-kartya","status":"publish","type":"product","link":"https:\/\/boreait.com\/hu\/termek\/hp-pavilion-dv7-6000-dv6-6000-802-11n-wifi-bluetooth-3-0-600370-001-wlan-kartya\/","title":{"rendered":"HP Pavilion dv7-6000 dv6-6000 802.11n WiFi + Bluetooth 3.0 600370-001 WLAN k\u00e1rtya"},"content":{"rendered":"<p>N\u00f6velje HP Pavilion dv7-6000 vagy dv6-6000 laptopja vezet\u00e9k n\u00e9lk\u00fcli kapcsolat\u00e1t a 802.11n WiFi + Bluetooth 3.0 600370-001 WLAN k\u00e1rty\u00e1val. Ez az eredeti HP WLAN-k\u00e1rtya, amelyet megb\u00edzhat\u00f3 vezet\u00e9k n\u00e9lk\u00fcli h\u00e1l\u00f3zati \u00e9s Bluetooth-k\u00e9pess\u00e9gek biztos\u00edt\u00e1s\u00e1ra terveztek, z\u00f6kken\u0151mentes integr\u00e1ci\u00f3t \u00e9s tov\u00e1bbfejlesztett kapcsolatot biztos\u00edt az optimaliz\u00e1lt sz\u00e1m\u00edt\u00e1stechnikai \u00e9lm\u00e9ny \u00e9rdek\u00e9ben.<\/p>\n<p>A HP \u00e1ltal megalkotott, megb\u00edzhat\u00f3 n\u00e9v a sz\u00e1m\u00edt\u00e1stechnik\u00e1ban, a 600370-001 WLAN-k\u00e1rty\u00e1t \u00fagy tervezt\u00e9k, hogy robusztus WiFi \u00e9s Bluetooth teljes\u00edtm\u00e9nyt ny\u00fajtson. A laptop bels\u0151 rendszereinek kulcsfontoss\u00e1g\u00fa elemek\u00e9nt ez a k\u00e1rtya kulcsfontoss\u00e1g\u00fa szerepet j\u00e1tszik a csatlakoz\u00e1si lehet\u0151s\u00e9gek b\u0151v\u00edt\u00e9s\u00e9ben.<\/p>\n<p>A 802.11n WiFi t\u00e1mogat\u00e1s\u00e1val gyors \u00e9s stabil vezet\u00e9k n\u00e9lk\u00fcli internetkapcsolatot \u00e9lvezhet b\u00f6ng\u00e9sz\u00e9shez, streamel\u00e9shez \u00e9s online j\u00e1t\u00e9kokhoz. Ezenk\u00edv\u00fcl az integr\u00e1lt Bluetooth 3.0 funkci\u00f3 lehet\u0151v\u00e9 teszi a f\u00e1jlok csatlakoztat\u00e1s\u00e1t \u00e9s megoszt\u00e1s\u00e1t Bluetooth-kompatibilis eszk\u00f6z\u00f6kkel, p\u00e9ld\u00e1ul fejhallgat\u00f3val, egerekkel \u00e9s okostelefonokkal.<\/p>\n<p>A telep\u00edt\u00e9s egyszer\u0171 az OEM-kialak\u00edt\u00e1snak k\u00f6sz\u00f6nhet\u0151en, amely illeszkedik a laptop eredeti alkatr\u00e9szeihez. Az eredeti HP alkatr\u00e9szek kiv\u00e1laszt\u00e1s\u00e1val laptopja vezet\u00e9k n\u00e9lk\u00fcli \u00e9s Bluetooth k\u00e9pess\u00e9geinek min\u0151s\u00e9g\u00e9be \u00e9s megb\u00edzhat\u00f3s\u00e1g\u00e1ba fektet be.<\/p>\n<p>Friss\u00edtse laptopja csatlakoztathat\u00f3s\u00e1g\u00e1t a 802.11n WiFi + Bluetooth 3.0 600370-001 WLAN k\u00e1rty\u00e1val. \u00c9lvezze a gyors \u00e9s stabil WiFi-kapcsolatokat, a z\u00f6kken\u0151mentes Bluetooth-kommunik\u00e1ci\u00f3t \u00e9s a b\u0151v\u00edtett csatlakoz\u00e1si lehet\u0151s\u00e9geket HP Pavilion dv7-6000 vagy dv6-6000 k\u00e9sz\u00fcl\u00e9k\u00e9n. N\u00f6velje sz\u00e1m\u00edt\u00e1stechnikai \u00e9lm\u00e9ny\u00e9t ezzel a megb\u00edzhat\u00f3 \u00e9s hat\u00e9kony WLAN-k\u00e1rty\u00e1val.<\/p>\n<p>V\u00e1s\u00e1rl\u00e1s el\u0151tt ellen\u0151rizze, hogy kompatibilis-e az adott laptopmodellj\u00e9vel.<\/p>\n","protected":false},"excerpt":{"rendered":"<p>N\u00f6velje HP Pavilion dv7-6000 vagy dv6-6000 laptopja csatlakoztathat\u00f3s\u00e1g\u00e1t a 802.11n WiFi + Bluetooth 3.0 600370-001 WLAN k\u00e1rty\u00e1val. \u00c9lvezze a gyors WiFi-t \u00e9s a z\u00f6kken\u0151mentes Bluetooth-kapcsolatokat.<\/p>\n","protected":false},"featured_media":4006,"template":"","meta":[],"product_brand":[],"product_cat":[27],"product_tag":[25],"class_list":{"0":"post-3965","1":"product","2":"type-product","3":"status-publish","4":"has-post-thumbnail","6":"product_cat-motherboards-board-parts","7":"product_tag-hp","9":"first","10":"instock","11":"taxable","12":"shipping-taxable","13":"purchasable","14":"product-type-simple"},"_links":{"self":[{"href":"https:\/\/boreait.com\/hu\/wp-json\/wp\/v2\/product\/3965","targetHints":{"allow":["GET"]}}],"collection":[{"href":"https:\/\/boreait.com\/hu\/wp-json\/wp\/v2\/product"}],"about":[{"href":"https:\/\/boreait.com\/hu\/wp-json\/wp\/v2\/types\/product"}],"wp:featuredmedia":[{"embeddable":true,"href":"https:\/\/boreait.com\/hu\/wp-json\/wp\/v2\/media\/4006"}],"wp:attachment":[{"href":"https:\/\/boreait.com\/hu\/wp-json\/wp\/v2\/media?parent=3965"}],"wp:term":[{"taxonomy":"product_brand","embeddable":true,"href":"https:\/\/boreait.com\/hu\/wp-json\/wp\/v2\/product_brand?post=3965"},{"taxonomy":"product_cat","embeddable":true,"href":"https:\/\/boreait.com\/hu\/wp-json\/wp\/v2\/product_cat?post=3965"},{"taxonomy":"product_tag","embeddable":true,"href":"https:\/\/boreait.com\/hu\/wp-json\/wp\/v2\/product_tag?post=3965"}],"curies":[{"name":"wp","href":"https:\/\/api.w.org\/{rel}","templated":true}]}}