{"id":3964,"date":"2025-09-17T10:48:57","date_gmt":"2025-09-17T08:48:57","guid":{"rendered":"https:\/\/boreait.com\/hu\/?post_type=product&#038;p=3964"},"modified":"2026-01-09T14:21:40","modified_gmt":"2026-01-09T13:21:40","slug":"hp-620-bekapcsologomb-kartya-wcable-6050a2343201","status":"publish","type":"product","link":"https:\/\/boreait.com\/hu\/termek\/hp-620-bekapcsologomb-kartya-wcable-6050a2343201\/","title":{"rendered":"HP 620 bekapcsol\u00f3gomb-k\u00e1rtya wCable 6050A2343201"},"content":{"rendered":"<p>Fokozza HP 620 laptopja funkcionalit\u00e1s\u00e1t a HP 620 Power Button Board 6050A2343201 k\u00e1bellel. A laptop bekapcsol\u00f3gombj\u00e1nak \u00e9s haszn\u00e1lhat\u00f3s\u00e1g\u00e1nak optimaliz\u00e1l\u00e1s\u00e1ra tervezt\u00e9k, ez az eredeti bekapcsol\u00f3gomb panel \u00e9s k\u00e1belk\u00e9szlet megb\u00edzhat\u00f3 teljes\u00edtm\u00e9nyt \u00e9s z\u00f6kken\u0151mentes integr\u00e1ci\u00f3t biztos\u00edt a jobb sz\u00e1m\u00edt\u00e1stechnikai \u00e9lm\u00e9ny \u00e9rdek\u00e9ben.<\/p>\n<p>A HP \u00e1ltal megalkotott, megb\u00edzhat\u00f3 n\u00e9v a sz\u00e1m\u00edt\u00e1stechnik\u00e1ban, a HP 620 Power Button Board 6050A2343201 k\u00e1bellel \u00fagy tervezt\u00e9k, hogy hat\u00e9konyan vez\u00e9relje laptopja t\u00e1pell\u00e1t\u00e1si funkci\u00f3it. A laptop felhaszn\u00e1l\u00f3i fel\u00fclet\u00e9nek alapvet\u0151 elemek\u00e9nt ez az alaplap \u00e9s k\u00e1belk\u00e9szlet kulcsfontoss\u00e1g\u00fa szerepet j\u00e1tszik az \u00e9rz\u00e9keny energiagazd\u00e1lkod\u00e1s biztos\u00edt\u00e1s\u00e1ban.<\/p>\n<p>Ak\u00e1r elind\u00edtja laptopj\u00e1t, le\u00e1ll\u00edtja vagy \u00fajraind\u00edtja, ez a bekapcsol\u00f3gomb-panel \u00e9s k\u00e1bel biztos\u00edtja a sz\u00fcks\u00e9ges k\u00e9nyelmet \u00e9s megb\u00edzhat\u00f3s\u00e1got. Lehet\u0151v\u00e9 teszik a felhaszn\u00e1l\u00f3bar\u00e1t energiaszab\u00e1lyoz\u00e1st, megk\u00f6nny\u00edtve a HP 620 laptop kezel\u00e9s\u00e9t.<\/p>\n<p>A telep\u00edt\u00e9s egyszer\u0171 az OEM-kialak\u00edt\u00e1snak k\u00f6sz\u00f6nhet\u0151en, amely illeszkedik a laptop eredeti alkatr\u00e9szeihez. Az eredeti HP alkatr\u00e9szek kiv\u00e1laszt\u00e1s\u00e1val laptopja t\u00e1pell\u00e1t\u00e1si funkci\u00f3inak min\u0151s\u00e9g\u00e9be \u00e9s megb\u00edzhat\u00f3s\u00e1g\u00e1ba fektet be.<\/p>\n<p>Friss\u00edtse laptopja teljes\u00edtm\u00e9nyszab\u00e1lyoz\u00e1s\u00e1t a HP 620 bekapcsol\u00f3gomb-lappal, 6050A2343201 k\u00e1bellel. \u00c9lvezze a jobb haszn\u00e1lhat\u00f3s\u00e1got, az \u00e9rz\u00e9keny energiagazd\u00e1lkod\u00e1st \u00e9s a felhaszn\u00e1l\u00f3bar\u00e1t energiaszab\u00e1lyoz\u00e1st a HP 620 k\u00e9sz\u00fcl\u00e9ken. N\u00f6velje sz\u00e1m\u00edt\u00e1stechnikai \u00e9lm\u00e9ny\u00e9t ezzel a megb\u00edzhat\u00f3 \u00e9s hat\u00e9kony k\u00e1rtya- \u00e9s k\u00e1belk\u00e9szlettel.<\/p>\n<p>V\u00e1s\u00e1rl\u00e1s el\u0151tt ellen\u0151rizze, hogy kompatibilis-e az adott laptopmodellj\u00e9vel.<\/p>\n","protected":false},"excerpt":{"rendered":"<p>N\u00f6velje HP 620 laptopja teljes\u00edtm\u00e9nyszab\u00e1lyoz\u00e1s\u00e1t a 6050A2343201 k\u00e1bellel rendelkez\u0151 HP 620 bekapcsol\u00f3gomb k\u00e1rty\u00e1val. \u00c9lvezze az \u00e9rz\u00e9keny energiagazd\u00e1lkod\u00e1st \u00e9s a felhaszn\u00e1l\u00f3bar\u00e1t vez\u00e9rl\u00e9st.<\/p>\n","protected":false},"featured_media":4005,"template":"","meta":[],"product_brand":[],"product_cat":[27],"product_tag":[25],"class_list":{"0":"post-3964","1":"product","2":"type-product","3":"status-publish","4":"has-post-thumbnail","6":"product_cat-motherboards-board-parts","7":"product_tag-hp","9":"first","10":"instock","11":"taxable","12":"shipping-taxable","13":"purchasable","14":"product-type-simple"},"_links":{"self":[{"href":"https:\/\/boreait.com\/hu\/wp-json\/wp\/v2\/product\/3964","targetHints":{"allow":["GET"]}}],"collection":[{"href":"https:\/\/boreait.com\/hu\/wp-json\/wp\/v2\/product"}],"about":[{"href":"https:\/\/boreait.com\/hu\/wp-json\/wp\/v2\/types\/product"}],"wp:featuredmedia":[{"embeddable":true,"href":"https:\/\/boreait.com\/hu\/wp-json\/wp\/v2\/media\/4005"}],"wp:attachment":[{"href":"https:\/\/boreait.com\/hu\/wp-json\/wp\/v2\/media?parent=3964"}],"wp:term":[{"taxonomy":"product_brand","embeddable":true,"href":"https:\/\/boreait.com\/hu\/wp-json\/wp\/v2\/product_brand?post=3964"},{"taxonomy":"product_cat","embeddable":true,"href":"https:\/\/boreait.com\/hu\/wp-json\/wp\/v2\/product_cat?post=3964"},{"taxonomy":"product_tag","embeddable":true,"href":"https:\/\/boreait.com\/hu\/wp-json\/wp\/v2\/product_tag?post=3964"}],"curies":[{"name":"wp","href":"https:\/\/api.w.org\/{rel}","templated":true}]}}