{"id":3947,"date":"2025-09-17T10:48:35","date_gmt":"2025-09-17T08:48:35","guid":{"rendered":"https:\/\/boreait.com\/hu\/?post_type=product&#038;p=3947"},"modified":"2026-01-09T14:20:50","modified_gmt":"2026-01-09T13:20:50","slug":"hp-probook-4720s-954-16-webkamera-pnt0170200-1-6047b0016102","status":"publish","type":"product","link":"https:\/\/boreait.com\/hu\/termek\/hp-probook-4720s-954-16-webkamera-pnt0170200-1-6047b0016102\/","title":{"rendered":"HP ProBook 4720s 954-16 webkamera PNT0170200-1 6047b0016102"},"content":{"rendered":"<p>B\u0151v\u00edtse HP ProBook 4720s laptopja multim\u00e9di\u00e1s k\u00e9pess\u00e9geit a HP ProBook 4720s 954-16 webkamer\u00e1val PNT0170200-1 &#8211; 6047b0016102 &#8211; h201pb3n05tm. A laptop webkamera funkci\u00f3inak jav\u00edt\u00e1s\u00e1ra kialak\u00edtott eredeti webkamera modul \u00e9les \u00e9s tiszta videokommunik\u00e1ci\u00f3t \u00e9s r\u00f6gz\u00edt\u00e9st biztos\u00edt a jobb sz\u00e1m\u00edt\u00e1stechnikai \u00e9lm\u00e9ny \u00e9rdek\u00e9ben.<\/p>\n<p>A HP \u00e1ltal gy\u00e1rtott, megb\u00edzhat\u00f3 n\u00e9v a sz\u00e1m\u00edt\u00e1stechnik\u00e1ban, a HP ProBook 4720s 954-16 PNT0170200-1 webkamer\u00e1t \u00fagy tervezt\u00e9k, hogy megb\u00edzhat\u00f3 vide\u00f3r\u00f6gz\u00edt\u00e9si \u00e9s streamel\u00e9si k\u00e9pess\u00e9geket biztos\u00edtson. A laptop multim\u00e9di\u00e1s rendszer\u00e9nek alapvet\u0151 elemek\u00e9nt ez a webkamera-modul kulcsfontoss\u00e1g\u00fa szerepet j\u00e1tszik a videoh\u00edv\u00e1sok, konferenci\u00e1k \u00e9s tartalomk\u00e9sz\u00edt\u00e9s kiv\u00e1l\u00f3 min\u0151s\u00e9g\u0171 vizu\u00e1lis megjelen\u00edt\u00e9s\u00e9ben.<\/p>\n<p>Ak\u00e1r professzion\u00e1lis videokonferenci\u00e1kban kell r\u00e9szt vennie, ak\u00e1r YouTube-tartalmat kell l\u00e9trehoznia, ak\u00e1r bar\u00e1tokkal \u00e9s csal\u00e1dtagokkal kell kapcsolatot l\u00e9tes\u00edtenie videocseveg\u00e9sen kereszt\u00fcl, ez a webkamera-modul az \u00d6n \u00e1ltal elv\u00e1rt tisztas\u00e1got \u00e9s teljes\u00edtm\u00e9nyt k\u00edn\u00e1lja. Prec\u00edzi\u00f3s tervez\u00e9se pontos k\u00e9pr\u00f6gz\u00edt\u00e9st tesz lehet\u0151v\u00e9, kiv\u00e9teles vide\u00f3min\u0151s\u00e9get biztos\u00edtva m\u00e9g gyenge f\u00e9nyviszonyok k\u00f6z\u00f6tt is.<\/p>\n<p>A telep\u00edt\u00e9s egyszer\u0171 az OEM-kialak\u00edt\u00e1snak k\u00f6sz\u00f6nhet\u0151en, amely illeszkedik a laptop eredeti alkatr\u00e9szeihez.\u00a0 Az eredeti HP alkatr\u00e9szek kiv\u00e1laszt\u00e1s\u00e1val laptopja webkamer\u00e1j\u00e1nak min\u0151s\u00e9g\u00e9be \u00e9s megb\u00edzhat\u00f3s\u00e1g\u00e1ba fektet be.<\/p>\n<p>Friss\u00edtse laptopja multim\u00e9di\u00e1s k\u00e9pess\u00e9geit a HP ProBook 4720s 954-16 PNT0170200-1 webkamer\u00e1val. \u00c9lvezze az \u00e9les \u00e9s tiszta videokommunik\u00e1ci\u00f3t, a kiv\u00e1l\u00f3 min\u0151s\u00e9g\u0171 tartalomk\u00e9sz\u00edt\u00e9st \u00e9s a megb\u00edzhat\u00f3 videor\u00f6gz\u00edt\u00e9st ProBook 4720-as k\u00e9sz\u00fcl\u00e9k\u00e9n. N\u00f6velje sz\u00e1m\u00edt\u00e1stechnikai \u00e9lm\u00e9ny\u00e9t ezzel a megb\u00edzhat\u00f3 \u00e9s hat\u00e9kony webkamera modullal.<\/p>\n<p>V\u00e1s\u00e1rl\u00e1s el\u0151tt ellen\u0151rizze, hogy kompatibilis-e az adott laptopmodellj\u00e9vel.<\/p>\n","protected":false},"excerpt":{"rendered":"<p>Fokozza HP ProBook 4720s laptopja multim\u00e9di\u00e1s k\u00e9pess\u00e9geit a HP ProBook 4720s 954-16 PNT0170200-1 webkamer\u00e1val. \u00c9lvezze az \u00e9les \u00e9s tiszta videokommunik\u00e1ci\u00f3t, a tartalomk\u00e9sz\u00edt\u00e9st \u00e9s a megb\u00edzhat\u00f3 r\u00f6gz\u00edt\u00e9st.<\/p>\n","protected":false},"featured_media":4001,"template":"","meta":[],"product_brand":[],"product_cat":[23],"product_tag":[25],"class_list":{"0":"post-3947","1":"product","2":"type-product","3":"status-publish","4":"has-post-thumbnail","6":"product_cat-laptop-camera","7":"product_tag-hp","9":"first","10":"instock","11":"taxable","12":"shipping-taxable","13":"purchasable","14":"product-type-simple"},"_links":{"self":[{"href":"https:\/\/boreait.com\/hu\/wp-json\/wp\/v2\/product\/3947","targetHints":{"allow":["GET"]}}],"collection":[{"href":"https:\/\/boreait.com\/hu\/wp-json\/wp\/v2\/product"}],"about":[{"href":"https:\/\/boreait.com\/hu\/wp-json\/wp\/v2\/types\/product"}],"wp:featuredmedia":[{"embeddable":true,"href":"https:\/\/boreait.com\/hu\/wp-json\/wp\/v2\/media\/4001"}],"wp:attachment":[{"href":"https:\/\/boreait.com\/hu\/wp-json\/wp\/v2\/media?parent=3947"}],"wp:term":[{"taxonomy":"product_brand","embeddable":true,"href":"https:\/\/boreait.com\/hu\/wp-json\/wp\/v2\/product_brand?post=3947"},{"taxonomy":"product_cat","embeddable":true,"href":"https:\/\/boreait.com\/hu\/wp-json\/wp\/v2\/product_cat?post=3947"},{"taxonomy":"product_tag","embeddable":true,"href":"https:\/\/boreait.com\/hu\/wp-json\/wp\/v2\/product_tag?post=3947"}],"curies":[{"name":"wp","href":"https:\/\/api.w.org\/{rel}","templated":true}]}}