{"id":3945,"date":"2025-09-17T10:48:35","date_gmt":"2025-09-17T08:48:35","guid":{"rendered":"https:\/\/boreait.com\/hu\/?post_type=product&#038;p=3945"},"modified":"2025-09-17T10:49:17","modified_gmt":"2025-09-17T08:49:17","slug":"hp-620-hatlap-605764-001","status":"publish","type":"product","link":"https:\/\/boreait.com\/hu\/termek\/hp-620-hatlap-605764-001\/","title":{"rendered":"HP 620 h\u00e1tlap 605764-001"},"content":{"rendered":"<p>Friss\u00edtse HP 620 laptopja megjelen\u00e9s\u00e9t \u00e9s v\u00e9delm\u00e9t a HP 620 h\u00e1tlappal \u2013 SPS: 605764-001. A laptophoz t\u00f6k\u00e9letesen illeszked\u0151 eredeti h\u00e1tlap nemcsak eszt\u00e9tikai megjelen\u00e9s\u00e9t er\u0151s\u00edti, hanem alapvet\u0151 v\u00e9delmet is ny\u00fajt a bels\u0151 alkatr\u00e9szeknek.<\/p>\n<p>A HP \u00e1ltal tervezett, megb\u00edzhat\u00f3 n\u00e9v a sz\u00e1m\u00edt\u00e1stechnik\u00e1ban, a HP 620 h\u00e1tlapot \u00fagy tervezt\u00e9k, hogy pontosan illeszkedjen \u00e9s kidolgozzon. Biztos\u00edtja, hogy laptopja biztons\u00e1gban maradjon a port\u00f3l, t\u00f6rmel\u00e9kt\u0151l \u00e9s az esetleges s\u00e9r\u00fcl\u00e9sekt\u0151l, mik\u00f6zben eleg\u00e1ns \u00e9s professzion\u00e1lis megjelen\u00e9st k\u00f6lcs\u00f6n\u00f6z neki.<\/p>\n<p>Ez a h\u00e1tlap ide\u00e1lis csere a s\u00e9r\u00fclt vagy elhaszn\u00e1l\u00f3dott bor\u00edt\u00f3hoz. Akkor is t\u00f6k\u00e9letes, ha szeretn\u00e9 megv\u00e1ltoztatni laptopja sz\u00edn\u00e9t vagy st\u00edlus\u00e1t. A telep\u00edt\u00e9s egyszer\u0171, k\u00f6sz\u00f6nhet\u0151en az OEM-kialak\u00edt\u00e1snak, amely illeszkedik a HP 620 eredeti alkatr\u00e9szeihez.<\/p>\n<p>A HP 620 h\u00e1tlappal emelheti ki a megjelen\u00e9s\u00e9t, \u00e9s \u00f3vhatja laptopja belsej\u00e9t. N\u00f6velje \u00e1ltal\u00e1nos tart\u00f3ss\u00e1g\u00e1t, eszt\u00e9tik\u00e1j\u00e1t \u00e9s v\u00e9delm\u00e9t. Ezzel a megb\u00edzhat\u00f3 \u00e9s hat\u00e9kony h\u00e1tlappal gondoskodjon arr\u00f3l, hogy laptopja tov\u00e1bbra is kin\u00e9zzen \u00e9s a legjobb teljes\u00edtm\u00e9nyt ny\u00fajtsa.<\/p>\n<p>V\u00e1s\u00e1rl\u00e1s el\u0151tt ellen\u0151rizze, hogy kompatibilis-e az adott laptopmodellj\u00e9vel.<\/p>\n","protected":false},"excerpt":{"rendered":"<p>Fokozza HP 620 laptopja megjelen\u00e9s\u00e9t \u00e9s v\u00e9delm\u00e9t a HP 620 605764-001 h\u00e1tlappal. Pontosan a t\u00f6k\u00e9letes illeszked\u00e9sre tervezve, eleg\u00e1ns megjelen\u00e9st biztos\u00edt, \u00e9s meg\u00f3vja a bels\u0151 alkatr\u00e9szeket.<\/p>\n","protected":false},"featured_media":3986,"template":"","meta":[],"product_brand":[],"product_cat":[16],"product_tag":[25],"class_list":{"0":"post-3945","1":"product","2":"type-product","3":"status-publish","4":"has-post-thumbnail","6":"product_cat-laptop-housing","7":"product_tag-hp","9":"first","10":"instock","11":"taxable","12":"shipping-taxable","13":"purchasable","14":"product-type-simple"},"_links":{"self":[{"href":"https:\/\/boreait.com\/hu\/wp-json\/wp\/v2\/product\/3945","targetHints":{"allow":["GET"]}}],"collection":[{"href":"https:\/\/boreait.com\/hu\/wp-json\/wp\/v2\/product"}],"about":[{"href":"https:\/\/boreait.com\/hu\/wp-json\/wp\/v2\/types\/product"}],"wp:featuredmedia":[{"embeddable":true,"href":"https:\/\/boreait.com\/hu\/wp-json\/wp\/v2\/media\/3986"}],"wp:attachment":[{"href":"https:\/\/boreait.com\/hu\/wp-json\/wp\/v2\/media?parent=3945"}],"wp:term":[{"taxonomy":"product_brand","embeddable":true,"href":"https:\/\/boreait.com\/hu\/wp-json\/wp\/v2\/product_brand?post=3945"},{"taxonomy":"product_cat","embeddable":true,"href":"https:\/\/boreait.com\/hu\/wp-json\/wp\/v2\/product_cat?post=3945"},{"taxonomy":"product_tag","embeddable":true,"href":"https:\/\/boreait.com\/hu\/wp-json\/wp\/v2\/product_tag?post=3945"}],"curies":[{"name":"wp","href":"https:\/\/api.w.org\/{rel}","templated":true}]}}