{"id":3944,"date":"2025-09-17T10:48:35","date_gmt":"2025-09-17T08:48:35","guid":{"rendered":"https:\/\/boreait.com\/hu\/?post_type=product&#038;p=3944"},"modified":"2026-01-09T14:19:56","modified_gmt":"2026-01-09T13:19:56","slug":"lenovo-zsanerkeszlet-lr-thinkpad-t440p-04x5426-04x5425-hoz","status":"publish","type":"product","link":"https:\/\/boreait.com\/hu\/termek\/lenovo-zsanerkeszlet-lr-thinkpad-t440p-04x5426-04x5425-hoz\/","title":{"rendered":"Lenovo zsan\u00e9rk\u00e9szlet L&#038;R ThinkPad T440P 04X5426 04X5425-h\u00f6z"},"content":{"rendered":"<p>N\u00f6velje <span role=\"heading\" aria-level=\"3\">Lenovo Hinge Set L&#038;R for ThinkPad T440P 04X5426 04X5425 tart\u00f3ss\u00e1g\u00e1t \u00e9s funkcionalit\u00e1s\u00e1t.<\/span><\/p>\n<p>Ezt az eredeti zsan\u00e9rk\u00e9szletet \u00fagy tervezt\u00e9k, hogy megb\u00edzhat\u00f3 t\u00e1mogat\u00e1st ny\u00fajtson laptopja kijelz\u0151j\u00e9nek, biztos\u00edtva a z\u00f6kken\u0151mentes nyit\u00e1st \u00e9s z\u00e1r\u00e1st, mik\u00f6zben megtartja az optim\u00e1lis be\u00e1ll\u00edt\u00e1st.<\/p>\n<p>A Lenovo, a sz\u00e1m\u00edt\u00e1stechnika megb\u00edzhat\u00f3 vezet\u0151je \u00e1ltal k\u00e9sz\u00edtett ThinkPad bal \u00e9s jobb oldali csukl\u00f3p\u00e1ntokat \u00fagy tervezt\u00e9k, hogy z\u00f6kken\u0151mentesen integr\u00e1lhat\u00f3k legyenek a laptoppal. Ezek a zsan\u00e9rok kulcsfontoss\u00e1g\u00fa szerepet j\u00e1tszanak a laptop szerkezeti integrit\u00e1s\u00e1nak meg\u0151rz\u00e9s\u00e9ben, megakad\u00e1lyozz\u00e1k a kijelz\u0151 ingadoz\u00e1s\u00e1t, \u00e9s biztos\u00edtj\u00e1k a biztons\u00e1gos kapcsolatot a kijelz\u0151 \u00e9s az alap k\u00f6z\u00f6tt.<\/p>\n<p>Ak\u00e1r egy profi, aki a laptopj\u00e1t haszn\u00e1lja munk\u00e1ja sor\u00e1n, vagy egy di\u00e1k, aki tanulm\u00e1nyokhoz haszn\u00e1lja, ezek a zsan\u00e9rok biztos\u00edtj\u00e1k a mindennapi haszn\u00e1lathoz sz\u00fcks\u00e9ges stabilit\u00e1st \u00e9s szil\u00e1rds\u00e1got. Kifejezetten \u00fagy tervezt\u00e9k, hogy illeszkedjenek a ThinkPad laptop eredeti alkatr\u00e9szeihez, \u00edgy a telep\u00edt\u00e9s egyszer\u0171.<\/p>\n<p>Friss\u00edtse laptopja zsan\u00e9rjait az eredeti Lenovo ThinkPad jobb \u00e9s bal oldali csukl\u00f3p\u00e1ntokkal, \u00e9s \u00e9lvezze a massz\u00edvabb \u00e9s megb\u00edzhat\u00f3bb kijelz\u0151kapcsolatot. Ezekkel a megb\u00edzhat\u00f3 zsan\u00e9rokkal tartsa laptopja kin\u00e9zet\u00e9t \u00e9s m\u0171k\u00f6d\u00e9s\u00e9t a legjobban.<\/p>\n<p>V\u00e1s\u00e1rl\u00e1s el\u0151tt ellen\u0151rizze, hogy kompatibilis-e az adott laptopmodellj\u00e9vel.<\/p>\n","protected":false},"excerpt":{"rendered":"<p>N\u00f6velje Lenovo ThinkPad laptopja tart\u00f3ss\u00e1g\u00e1t \u00e9s funkcionalit\u00e1s\u00e1t a <span role=\"heading\" aria-level=\"3\">Lenovo Hinge Set L&#038;R for ThinkPad T440P 04X5426 04X5425<\/span> seg\u00edts\u00e9g\u00e9vel. Ezek az eredeti zsan\u00e9rok biztons\u00e1gos kijelz\u0151csatlakoz\u00e1st biztos\u00edtanak a z\u00f6kken\u0151mentes nyit\u00e1shoz \u00e9s z\u00e1r\u00e1shoz.<\/p>\n","protected":false},"featured_media":3985,"template":"","meta":[],"product_brand":[],"product_cat":[19],"product_tag":[26],"class_list":{"0":"post-3944","1":"product","2":"type-product","3":"status-publish","4":"has-post-thumbnail","6":"product_cat-screen-hinge","7":"product_tag-lenovo","9":"first","10":"instock","11":"taxable","12":"shipping-taxable","13":"purchasable","14":"product-type-simple"},"_links":{"self":[{"href":"https:\/\/boreait.com\/hu\/wp-json\/wp\/v2\/product\/3944","targetHints":{"allow":["GET"]}}],"collection":[{"href":"https:\/\/boreait.com\/hu\/wp-json\/wp\/v2\/product"}],"about":[{"href":"https:\/\/boreait.com\/hu\/wp-json\/wp\/v2\/types\/product"}],"wp:featuredmedia":[{"embeddable":true,"href":"https:\/\/boreait.com\/hu\/wp-json\/wp\/v2\/media\/3985"}],"wp:attachment":[{"href":"https:\/\/boreait.com\/hu\/wp-json\/wp\/v2\/media?parent=3944"}],"wp:term":[{"taxonomy":"product_brand","embeddable":true,"href":"https:\/\/boreait.com\/hu\/wp-json\/wp\/v2\/product_brand?post=3944"},{"taxonomy":"product_cat","embeddable":true,"href":"https:\/\/boreait.com\/hu\/wp-json\/wp\/v2\/product_cat?post=3944"},{"taxonomy":"product_tag","embeddable":true,"href":"https:\/\/boreait.com\/hu\/wp-json\/wp\/v2\/product_tag?post=3944"}],"curies":[{"name":"wp","href":"https:\/\/api.w.org\/{rel}","templated":true}]}}