{"id":3943,"date":"2025-09-17T10:48:35","date_gmt":"2025-09-17T08:48:35","guid":{"rendered":"https:\/\/boreait.com\/hu\/?post_type=product&#038;p=3943"},"modified":"2025-09-17T10:49:12","modified_gmt":"2025-09-17T08:49:12","slug":"lenovo-thinkpad-l540-lcd-kepernyo-terhatasu-elolap-60-4lh06-001-04x4858","status":"publish","type":"product","link":"https:\/\/boreait.com\/hu\/termek\/lenovo-thinkpad-l540-lcd-kepernyo-terhatasu-elolap-60-4lh06-001-04x4858\/","title":{"rendered":"Lenovo Thinkpad L540 LCD k\u00e9perny\u0151 t\u00e9rhat\u00e1s\u00fa el\u0151lap 60.4LH06.001 04X4858"},"content":{"rendered":"<p>N\u00f6velje Lenovo ThinkPad L540 laptopja megjelen\u00e9s\u00e9t \u00e9s tart\u00f3ss\u00e1g\u00e1t a Lenovo ThinkPad L540 LCD-k\u00e9perny\u0151 60.4LH06.001 04X4858 k\u00f6r\u00fcli kerettel. Ez az eredeti el\u0151lapcsere c\u00e9lja, hogy optimaliz\u00e1lja laptopja vizu\u00e1lis eszt\u00e9tik\u00e1j\u00e1t, \u00e9s megv\u00e9dje az LCD-k\u00e9perny\u0151 sz\u00e9leit a jobb sz\u00e1m\u00edt\u00e1si \u00e9lm\u00e9ny \u00e9rdek\u00e9ben.<\/p>\n<p>A sz\u00e1m\u00edt\u00e1stechnik\u00e1ban egy j\u00f3 h\u00edr\u0171 Lenovo \u00e1ltal gy\u00e1rtott Lenovo ThinkPad L540 LCD-k\u00e9perny\u0151s 60.4LH06.001 04X4858 LCD-k\u00e9perny\u0151, amely megb\u00edzhat\u00f3 integr\u00e1ci\u00f3t biztos\u00edt L540 laptopj\u00e1val. L\u00e9tfontoss\u00e1g\u00fa elemk\u00e9nt ez az el\u0151lap nem csak jav\u00edtja a laptop megjelen\u00e9s\u00e9t, hanem szerkezeti t\u00e1mogat\u00e1st \u00e9s v\u00e9delmet is ny\u00fajt az LCD-k\u00e9perny\u0151 sz\u00e9lei sz\u00e1m\u00e1ra.<\/p>\n<p>Ak\u00e1r professzion\u00e1lis, akinek eleg\u00e1ns laptop-kin\u00e9zetre van sz\u00fcks\u00e9ge a bemutat\u00f3khoz, ak\u00e1r olyan felhaszn\u00e1l\u00f3, aki \u00e9rt\u00e9keli eszk\u00f6ze tart\u00f3ss\u00e1g\u00e1t \u00e9s eszt\u00e9tik\u00e1j\u00e1t, ez az el\u0151lap az \u00d6n \u00e1ltal keresett vizu\u00e1lis \u00e9s v\u00e9delmi el\u0151ny\u00f6ket k\u00edn\u00e1lja. Kieg\u00e9sz\u00edti a laptop diz\u00e1jnj\u00e1t, z\u00f6kken\u0151mentes \u00e9s csiszolt megjelen\u00e9st biztos\u00edtva.<\/p>\n<p>A telep\u00edt\u00e9s egyszer\u0171 az OEM-kialak\u00edt\u00e1snak k\u00f6sz\u00f6nhet\u0151en, amely t\u00f6k\u00e9letesen illeszkedik a laptop eredeti alkatr\u00e9szeihez. Az eredeti Lenovo alkatr\u00e9szek kiv\u00e1laszt\u00e1s\u00e1val laptopja vizu\u00e1lis eszt\u00e9tik\u00e1j\u00e1nak \u00e9s szerkezeti integrit\u00e1s\u00e1nak min\u0151s\u00e9g\u00e9be \u00e9s megb\u00edzhat\u00f3s\u00e1g\u00e1ba fektet be.<\/p>\n<p>Friss\u00edtse laptopja megjelen\u00e9s\u00e9t \u00e9s az LCD-k\u00e9perny\u0151 v\u00e9delm\u00e9t a Lenovo ThinkPad L540 LCD k\u00e9perny\u0151 t\u00e9rhat\u00e1s\u00fa kerettel 60.4LH06.001 04X4858. \u00c9lvezze a tov\u00e1bbfejlesztett vizu\u00e1lis eszt\u00e9tik\u00e1t, a csiszolt megjelen\u00e9st \u00e9s a megn\u00f6velt tart\u00f3ss\u00e1got ThinkPad L540 k\u00e9sz\u00fcl\u00e9k\u00e9n. N\u00f6velje sz\u00e1m\u00edt\u00e1stechnikai \u00e9lm\u00e9ny\u00e9t ezzel a megb\u00edzhat\u00f3 \u00e9s hat\u00e9kony csereel\u0151lappal.<\/p>\n<p>V\u00e1s\u00e1rl\u00e1s el\u0151tt ellen\u0151rizze, hogy kompatibilis-e az adott laptopmodellj\u00e9vel.<\/p>\n","protected":false},"excerpt":{"rendered":"<p>N\u00f6velje Lenovo ThinkPad L540 laptopja megjelen\u00e9s\u00e9t \u00e9s k\u00e9perny\u0151v\u00e9delm\u00e9t a Lenovo ThinkPad L540 LCD k\u00e9perny\u0151 t\u00e9rhat\u00e1s\u00fa el\u0151lappal 60.4LH06.001 04X4858. N\u00f6velje az eszt\u00e9tik\u00e1t \u00e9s a tart\u00f3ss\u00e1got k\u00f6nnyed\u00e9n.<\/p>\n","protected":false},"featured_media":3983,"template":"","meta":[],"product_brand":[],"product_cat":[27],"product_tag":[26],"class_list":{"0":"post-3943","1":"product","2":"type-product","3":"status-publish","4":"has-post-thumbnail","6":"product_cat-motherboards-board-parts","7":"product_tag-lenovo","9":"first","10":"instock","11":"taxable","12":"shipping-taxable","13":"purchasable","14":"product-type-simple"},"_links":{"self":[{"href":"https:\/\/boreait.com\/hu\/wp-json\/wp\/v2\/product\/3943","targetHints":{"allow":["GET"]}}],"collection":[{"href":"https:\/\/boreait.com\/hu\/wp-json\/wp\/v2\/product"}],"about":[{"href":"https:\/\/boreait.com\/hu\/wp-json\/wp\/v2\/types\/product"}],"wp:featuredmedia":[{"embeddable":true,"href":"https:\/\/boreait.com\/hu\/wp-json\/wp\/v2\/media\/3983"}],"wp:attachment":[{"href":"https:\/\/boreait.com\/hu\/wp-json\/wp\/v2\/media?parent=3943"}],"wp:term":[{"taxonomy":"product_brand","embeddable":true,"href":"https:\/\/boreait.com\/hu\/wp-json\/wp\/v2\/product_brand?post=3943"},{"taxonomy":"product_cat","embeddable":true,"href":"https:\/\/boreait.com\/hu\/wp-json\/wp\/v2\/product_cat?post=3943"},{"taxonomy":"product_tag","embeddable":true,"href":"https:\/\/boreait.com\/hu\/wp-json\/wp\/v2\/product_tag?post=3943"}],"curies":[{"name":"wp","href":"https:\/\/api.w.org\/{rel}","templated":true}]}}