{"id":3942,"date":"2025-09-17T10:48:35","date_gmt":"2025-09-17T08:48:35","guid":{"rendered":"https:\/\/boreait.com\/hu\/?post_type=product&#038;p=3942"},"modified":"2025-09-17T10:49:09","modified_gmt":"2025-09-17T08:49:09","slug":"lenovo-thinkpad-l540-bekapcsologomb-kartya-48-4lh11-011-pn-0c62593-fru-04x4862-94v-0","status":"publish","type":"product","link":"https:\/\/boreait.com\/hu\/termek\/lenovo-thinkpad-l540-bekapcsologomb-kartya-48-4lh11-011-pn-0c62593-fru-04x4862-94v-0\/","title":{"rendered":"Lenovo Thinkpad L540 bekapcsol\u00f3gomb k\u00e1rtya 48.4lh11.011 PN: 0C62593 FRU: 04X4862 94V-0"},"content":{"rendered":"<p>Fokozza Lenovo ThinkPad L540 laptopja funkcionalit\u00e1s\u00e1t a Lenovo ThinkPad L540 bekapcsol\u00f3gomb k\u00e1rty\u00e1val. \u00dagy tervezt\u00e9k, hogy optimaliz\u00e1lja a bekapcsol\u00f3gomb teljes\u00edtm\u00e9ny\u00e9t, ez az eredeti bekapcsol\u00f3gomb panel megb\u00edzhat\u00f3 \u00e9s \u00e9rz\u00e9keny t\u00e1pell\u00e1t\u00e1st biztos\u00edt laptopja sz\u00e1m\u00e1ra. Egy\u00e9b jelek: 48.4lh11.011 PN: 0C62593 FRU: 04X4862 94V-0<\/p>\n<p>A Lenovo \u00e1ltal megalkotott, megb\u00edzhat\u00f3 n\u00e9v a sz\u00e1m\u00edt\u00e1stechnik\u00e1ban, a ThinkPad L540 Power Button Board k\u00e1rty\u00e1t \u00fagy tervezt\u00e9k, hogy z\u00f6kken\u0151mentesen integr\u00e1l\u00f3djon a laptopj\u00e1ba. A laptop felhaszn\u00e1l\u00f3i fel\u00fclet\u00e9nek alapvet\u0151 elemek\u00e9nt ez az alaplap d\u00f6nt\u0151 szerepet j\u00e1tszik abban, hogy laptopja t\u00e1pell\u00e1t\u00e1si funkci\u00f3i z\u00f6kken\u0151mentesen \u00e9s hat\u00e9konyan m\u0171k\u00f6djenek.<\/p>\n<p>Ak\u00e1r be kell kapcsolnia laptopj\u00e1t, hogy eredm\u00e9nyes munkanapot kezdjen, vagy le kell \u00e1ll\u00edtania egy hossz\u00fa munkanap ut\u00e1n, ez a bekapcsol\u00f3gomb-panel biztos\u00edtja az \u00d6n \u00e1ltal elv\u00e1rt tapinthat\u00f3 visszajelz\u00e9st \u00e9s reakci\u00f3k\u00e9szs\u00e9get. \u00dagy tervezt\u00e9k, hogy megfeleljen a Lenovo magas min\u0151s\u00e9gi szabv\u00e1nyainak, \u00edgy biztos\u00edtva a tart\u00f3s \u00e9s megb\u00edzhat\u00f3 teljes\u00edtm\u00e9nyt.<\/p>\n<p>A telep\u00edt\u00e9s egyszer\u0171 az OEM-kialak\u00edt\u00e1snak k\u00f6sz\u00f6nhet\u0151en, amely t\u00f6k\u00e9letesen illeszkedik a laptop eredeti alkatr\u00e9szeihez. Az eredeti Lenovo alkatr\u00e9szek kiv\u00e1laszt\u00e1s\u00e1val laptopja alapvet\u0151 funkci\u00f3inak min\u0151s\u00e9g\u00e9be \u00e9s megb\u00edzhat\u00f3s\u00e1g\u00e1ba fektet be.<\/p>\n<p>Friss\u00edtse laptopja t\u00e1pell\u00e1t\u00e1s\u00e1t a Lenovo ThinkPad L540 bekapcsol\u00f3gomb-k\u00e1rty\u00e1val. \u00c9lvezze az \u00e9rz\u00e9keny \u00e9s megb\u00edzhat\u00f3 t\u00e1pell\u00e1t\u00e1st a ThinkPad L540 k\u00e9sz\u00fcl\u00e9ken, ak\u00e1r bekapcsolja, ak\u00e1r le\u00e1ll\u00edtja. N\u00f6velje felhaszn\u00e1l\u00f3i \u00e9lm\u00e9ny\u00e9t ezzel a megb\u00edzhat\u00f3 \u00e9s hat\u00e9kony bekapcsol\u00f3gomb panellel.<\/p>\n<p>V\u00e1s\u00e1rl\u00e1s el\u0151tt ellen\u0151rizze, hogy kompatibilis-e az adott laptopmodellj\u00e9vel.<\/p>\n","protected":false},"excerpt":{"rendered":"<p>A Lenovo ThinkPad L540 bekapcsol\u00f3gomb k\u00e1rty\u00e1j\u00e1val jav\u00edthatja a Lenovo ThinkPad L540 energiaell\u00e1t\u00e1s\u00e1t. \u00c9lvezze az \u00e9rz\u00e9keny \u00e9s megb\u00edzhat\u00f3 energiaell\u00e1t\u00e1st. Jelz\u00e9sek: 48.4lh11.011 PN: 0C62593 FRU: 04X4862 94V-0<\/p>\n","protected":false},"featured_media":3981,"template":"","meta":[],"product_brand":[],"product_cat":[27],"product_tag":[26],"class_list":{"0":"post-3942","1":"product","2":"type-product","3":"status-publish","4":"has-post-thumbnail","6":"product_cat-motherboards-board-parts","7":"product_tag-lenovo","9":"first","10":"instock","11":"taxable","12":"shipping-taxable","13":"purchasable","14":"product-type-simple"},"_links":{"self":[{"href":"https:\/\/boreait.com\/hu\/wp-json\/wp\/v2\/product\/3942","targetHints":{"allow":["GET"]}}],"collection":[{"href":"https:\/\/boreait.com\/hu\/wp-json\/wp\/v2\/product"}],"about":[{"href":"https:\/\/boreait.com\/hu\/wp-json\/wp\/v2\/types\/product"}],"wp:featuredmedia":[{"embeddable":true,"href":"https:\/\/boreait.com\/hu\/wp-json\/wp\/v2\/media\/3981"}],"wp:attachment":[{"href":"https:\/\/boreait.com\/hu\/wp-json\/wp\/v2\/media?parent=3942"}],"wp:term":[{"taxonomy":"product_brand","embeddable":true,"href":"https:\/\/boreait.com\/hu\/wp-json\/wp\/v2\/product_brand?post=3942"},{"taxonomy":"product_cat","embeddable":true,"href":"https:\/\/boreait.com\/hu\/wp-json\/wp\/v2\/product_cat?post=3942"},{"taxonomy":"product_tag","embeddable":true,"href":"https:\/\/boreait.com\/hu\/wp-json\/wp\/v2\/product_tag?post=3942"}],"curies":[{"name":"wp","href":"https:\/\/api.w.org\/{rel}","templated":true}]}}