{"id":3941,"date":"2025-09-17T10:48:35","date_gmt":"2025-09-17T08:48:35","guid":{"rendered":"https:\/\/boreait.com\/hu\/?post_type=product&#038;p=3941"},"modified":"2026-01-09T14:19:33","modified_gmt":"2026-01-09T13:19:33","slug":"lenovo-thinkpad-intel-dual-band-wireless-ac-bluetooth-4-card-7260ngw","status":"publish","type":"product","link":"https:\/\/boreait.com\/hu\/termek\/lenovo-thinkpad-intel-dual-band-wireless-ac-bluetooth-4-card-7260ngw\/","title":{"rendered":"Lenovo Thinkpad Intel Dual Band Wireless AC Bluetooth 4 Card 7260NGW"},"content":{"rendered":"<p>N\u00f6velje laptopja vezet\u00e9k n\u00e9lk\u00fcli kapcsolat\u00e1t a Lenovo ThinkPad \/ Intel Dual Band Wireless AC Bluetooth 4 Card 7260NGW k\u00e1rty\u00e1val. Ez az eredeti Lenovo vezet\u00e9k n\u00e9lk\u00fcli k\u00e1rtya a sz\u00e1m\u00edt\u00e1si \u00e9lm\u00e9ny optimaliz\u00e1l\u00e1s\u00e1ra k\u00e9sz\u00fclt, nagy sebess\u00e9g\u0171 Wi-Fi \u00e9s Bluetooth 4.0 k\u00e9pess\u00e9geket biztos\u00edt, z\u00f6kken\u0151mentes integr\u00e1ci\u00f3t \u00e9s tov\u00e1bbfejlesztett kapcsolatot biztos\u00edtva laptopja sz\u00e1m\u00e1ra.<\/p>\n<p>A Lenovo, a sz\u00e1m\u00edt\u00e1stechnika egyik neves neve \u00e1ltal tervezett 7260NGW vezet\u00e9k n\u00e9lk\u00fcli k\u00e1rtya k\u00e9ts\u00e1vos vezet\u00e9k n\u00e9lk\u00fcli v\u00e1ltakoz\u00f3 \u00e1ram\u00fa technol\u00f3gi\u00e1t hoz eszk\u00f6z\u00e9re. Ez a fejlett technol\u00f3gia nemcsak gyorsabb Wi-Fi-sebess\u00e9get biztos\u00edt, hanem jobb lefedetts\u00e9get \u00e9s cs\u00f6kkentett interferenci\u00e1t is, lehet\u0151v\u00e9 t\u00e9ve, hogy \u00e9lvezze a stabilabb \u00e9s hat\u00e9konyabb vezet\u00e9k n\u00e9lk\u00fcli kapcsolatot.<\/p>\n<p>A Bluetooth 4.0 seg\u00edts\u00e9g\u00e9vel k\u00f6nnyed\u00e9n csatlakoztathatja laptopj\u00e1t sz\u00e1mos Bluetooth-kompatibilis eszk\u00f6zh\u00f6z, p\u00e9ld\u00e1ul fejhallgat\u00f3hoz, hangsz\u00f3r\u00f3hoz, okostelefonhoz \u00e9s sok m\u00e1shoz. Ak\u00e1r f\u00e1jlokat oszt meg, ak\u00e1r hangot streamel, ak\u00e1r perif\u00e9ri\u00e1kat csatlakoztat, ez a k\u00e1rtya az \u00d6n \u00e1ltal elv\u00e1rt k\u00e9nyelmet \u00e9s hat\u00e9konys\u00e1got biztos\u00edtja.<\/p>\n<p>A telep\u00edt\u00e9s egyszer\u0171, k\u00f6sz\u00f6nhet\u0151en a k\u00e1rtya sz\u00e1mos Lenovo laptoppal val\u00f3 kompatibilit\u00e1s\u00e1nak. Az eredeti Lenovo alkatr\u00e9szek kiv\u00e1laszt\u00e1s\u00e1val laptopja vezet\u00e9k n\u00e9lk\u00fcli \u00e9s Bluetooth-kapcsolat\u00e1nak min\u0151s\u00e9g\u00e9be \u00e9s megb\u00edzhat\u00f3s\u00e1g\u00e1ba fektet be.<\/p>\n<p>Friss\u00edtse laptopja vezet\u00e9k n\u00e9lk\u00fcli \u00e9s Bluetooth k\u00e9pess\u00e9geit a Lenovo ThinkPad Intel Dual Band Wireless AC Bluetooth 4 Card 7260NGW k\u00e1rty\u00e1val. \u00c9lvezze a gyorsabb Wi-Fi-sebess\u00e9get, a kiterjesztett lefedetts\u00e9get \u00e9s a z\u00f6kken\u0151mentes Bluetooth-kapcsolatot a tov\u00e1bbfejlesztett sz\u00e1m\u00edt\u00e1stechnikai \u00e9lm\u00e9ny \u00e9rdek\u00e9ben.<\/p>\n<p>V\u00e1s\u00e1rl\u00e1s el\u0151tt ellen\u0151rizze, hogy kompatibilis-e az adott laptopmodellj\u00e9vel.<\/p>\n","protected":false},"excerpt":{"rendered":"<p>Fokozza laptopja csatlakoztathat\u00f3s\u00e1g\u00e1t a Lenovo ThinkPad Intel Dual Band Wireless AC Bluetooth 4 Card 7260NGW k\u00e1rty\u00e1val. \u00c9lvezze a gyorsabb Wi-Fi-t \u00e9s a z\u00f6kken\u0151mentes Bluetooth-kapcsolatot a jobb sz\u00e1m\u00edt\u00e1stechnikai \u00e9lm\u00e9ny \u00e9rdek\u00e9ben.<\/p>\n","protected":false},"featured_media":3980,"template":"","meta":[],"product_brand":[],"product_cat":[27],"product_tag":[26],"class_list":{"0":"post-3941","1":"product","2":"type-product","3":"status-publish","4":"has-post-thumbnail","6":"product_cat-motherboards-board-parts","7":"product_tag-lenovo","9":"first","10":"instock","11":"taxable","12":"shipping-taxable","13":"purchasable","14":"product-type-simple"},"_links":{"self":[{"href":"https:\/\/boreait.com\/hu\/wp-json\/wp\/v2\/product\/3941","targetHints":{"allow":["GET"]}}],"collection":[{"href":"https:\/\/boreait.com\/hu\/wp-json\/wp\/v2\/product"}],"about":[{"href":"https:\/\/boreait.com\/hu\/wp-json\/wp\/v2\/types\/product"}],"wp:featuredmedia":[{"embeddable":true,"href":"https:\/\/boreait.com\/hu\/wp-json\/wp\/v2\/media\/3980"}],"wp:attachment":[{"href":"https:\/\/boreait.com\/hu\/wp-json\/wp\/v2\/media?parent=3941"}],"wp:term":[{"taxonomy":"product_brand","embeddable":true,"href":"https:\/\/boreait.com\/hu\/wp-json\/wp\/v2\/product_brand?post=3941"},{"taxonomy":"product_cat","embeddable":true,"href":"https:\/\/boreait.com\/hu\/wp-json\/wp\/v2\/product_cat?post=3941"},{"taxonomy":"product_tag","embeddable":true,"href":"https:\/\/boreait.com\/hu\/wp-json\/wp\/v2\/product_tag?post=3941"}],"curies":[{"name":"wp","href":"https:\/\/api.w.org\/{rel}","templated":true}]}}