{"id":3923,"date":"2025-09-17T10:48:12","date_gmt":"2025-09-17T08:48:12","guid":{"rendered":"https:\/\/boreait.com\/hu\/?post_type=product&#038;p=3923"},"modified":"2025-09-17T10:49:07","modified_gmt":"2025-09-17T08:49:07","slug":"lenovo-thinkpad-l540-ethernet-porthoz-lan-usb-kartya-04x4864-0c62514","status":"publish","type":"product","link":"https:\/\/boreait.com\/hu\/termek\/lenovo-thinkpad-l540-ethernet-porthoz-lan-usb-kartya-04x4864-0c62514\/","title":{"rendered":"Lenovo ThinkPad L540 Ethernet porthoz LAN USB k\u00e1rtya 04X4864 0C62514"},"content":{"rendered":"<p>N\u00f6velje Lenovo ThinkPad L540 laptopja csatlakoztathat\u00f3s\u00e1g\u00e1t \u00e9s haszn\u00e1lhat\u00f3s\u00e1g\u00e1t a Lenovo ThinkPad L540 Ethernet port LAN USB k\u00e1rtya 04X4864 0C62514 seg\u00edts\u00e9g\u00e9vel. Ezt az eredeti cserek\u00e1rty\u00e1t \u00fagy tervezt\u00e9k, hogy optimaliz\u00e1lja laptopja h\u00e1l\u00f3zati \u00e9s USB-funkci\u00f3it, biztos\u00edtva a z\u00f6kken\u0151mentes integr\u00e1ci\u00f3t \u00e9s a jobb haszn\u00e1lhat\u00f3s\u00e1got a jobb sz\u00e1m\u00edt\u00e1stechnikai \u00e9lm\u00e9ny \u00e9rdek\u00e9ben.<\/p>\n<p>A Lenovo \u00e1ltal megalkotott, megb\u00edzhat\u00f3 n\u00e9v a sz\u00e1m\u00edt\u00e1stechnik\u00e1ban, a Lenovo ThinkPad L540 Ethernet port LAN USB k\u00e1rtya 04X4864 0C62514 megb\u00edzhat\u00f3 Ethernet \u00e9s USB csatlakoz\u00e1st biztos\u00edt. A laptop bels\u0151 rendszereinek alapvet\u0151 elemek\u00e9nt ez az alaplap kulcsfontoss\u00e1g\u00fa szerepet j\u00e1tszik a h\u00e1l\u00f3zati \u00e9s USB-opci\u00f3k b\u0151v\u00edt\u00e9s\u00e9ben.<\/p>\n<p>Ak\u00e1r vezet\u00e9kes h\u00e1l\u00f3zatokhoz kell csatlakoznia, adatokat kell tov\u00e1bb\u00edtania Ethernet-kapcsolaton kereszt\u00fcl, ak\u00e1r USB-perif\u00e9ri\u00e1kat kell haszn\u00e1lnia, ez a cserek\u00e1rtya az \u00d6n \u00e1ltal elv\u00e1rt k\u00e9nyelmet \u00e9s hat\u00e9konys\u00e1got biztos\u00edtja. \u00c9lvezze a megszak\u00edt\u00e1s n\u00e9lk\u00fcli internet-hozz\u00e1f\u00e9r\u00e9st, a gyors adat\u00e1tvitelt \u00e9s a probl\u00e9mamentes USB-csatlakoz\u00e1st ThinkPad L540 k\u00e9sz\u00fcl\u00e9k\u00e9n.<\/p>\n<p>A telep\u00edt\u00e9s egyszer\u0171 a laptop eredeti alkatr\u00e9szeihez igazod\u00f3 kialak\u00edt\u00e1snak k\u00f6sz\u00f6nhet\u0151en. Az eredeti Lenovo alkatr\u00e9szek kiv\u00e1laszt\u00e1s\u00e1val laptopja csatlakoz\u00e1s\u00e1nak min\u0151s\u00e9g\u00e9be \u00e9s megb\u00edzhat\u00f3s\u00e1g\u00e1ba fektet be.<\/p>\n<p>Friss\u00edtse laptopja csatlakoztathat\u00f3s\u00e1g\u00e1t a Lenovo ThinkPad L540 Ethernet port LAN USB k\u00e1rtya 04X4864 0C62514 seg\u00edts\u00e9g\u00e9vel. \u00c9lvezze a kiterjesztett h\u00e1l\u00f3zati \u00e9s USB-k\u00e9pess\u00e9geket, az egyszer\u0171s\u00edtett adat\u00e1tvitelt \u00e9s a hat\u00e9kony csatlakoz\u00e1si lehet\u0151s\u00e9geket ThinkPad L540-en. N\u00f6velje sz\u00e1m\u00edt\u00e1stechnikai \u00e9lm\u00e9ny\u00e9t ezzel a megb\u00edzhat\u00f3 \u00e9s hat\u00e9kony cserek\u00e1rty\u00e1val.<\/p>\n<p>V\u00e1s\u00e1rl\u00e1s el\u0151tt ellen\u0151rizze, hogy kompatibilis-e az adott laptopmodellj\u00e9vel.<\/p>\n","protected":false},"excerpt":{"rendered":"<p>N\u00f6velje a Lenovo ThinkPad L540 csatlakoztathat\u00f3s\u00e1g\u00e1t a Lenovo ThinkPad L540 Ethernet port LAN USB k\u00e1rtya 04X4864 0C62514 seg\u00edts\u00e9g\u00e9vel. \u00c9lvezze a kib\u0151v\u00edtett h\u00e1l\u00f3zati \u00e9s USB-k\u00e9pess\u00e9geket a jobb haszn\u00e1lhat\u00f3s\u00e1g \u00e9rdek\u00e9ben.<\/p>\n","protected":false},"featured_media":3979,"template":"","meta":[],"product_brand":[],"product_cat":[27],"product_tag":[26],"class_list":{"0":"post-3923","1":"product","2":"type-product","3":"status-publish","4":"has-post-thumbnail","6":"product_cat-motherboards-board-parts","7":"product_tag-lenovo","9":"first","10":"instock","11":"taxable","12":"shipping-taxable","13":"purchasable","14":"product-type-simple"},"_links":{"self":[{"href":"https:\/\/boreait.com\/hu\/wp-json\/wp\/v2\/product\/3923","targetHints":{"allow":["GET"]}}],"collection":[{"href":"https:\/\/boreait.com\/hu\/wp-json\/wp\/v2\/product"}],"about":[{"href":"https:\/\/boreait.com\/hu\/wp-json\/wp\/v2\/types\/product"}],"wp:featuredmedia":[{"embeddable":true,"href":"https:\/\/boreait.com\/hu\/wp-json\/wp\/v2\/media\/3979"}],"wp:attachment":[{"href":"https:\/\/boreait.com\/hu\/wp-json\/wp\/v2\/media?parent=3923"}],"wp:term":[{"taxonomy":"product_brand","embeddable":true,"href":"https:\/\/boreait.com\/hu\/wp-json\/wp\/v2\/product_brand?post=3923"},{"taxonomy":"product_cat","embeddable":true,"href":"https:\/\/boreait.com\/hu\/wp-json\/wp\/v2\/product_cat?post=3923"},{"taxonomy":"product_tag","embeddable":true,"href":"https:\/\/boreait.com\/hu\/wp-json\/wp\/v2\/product_tag?post=3923"}],"curies":[{"name":"wp","href":"https:\/\/api.w.org\/{rel}","templated":true}]}}