{"id":3921,"date":"2025-09-17T10:48:11","date_gmt":"2025-09-17T08:48:11","guid":{"rendered":"https:\/\/boreait.com\/hu\/?post_type=product&#038;p=3921"},"modified":"2026-01-09T14:19:09","modified_gmt":"2026-01-09T13:19:09","slug":"dvd-haz-lenovo-thinkpad-l440-42-4lg09-001-eredeti","status":"publish","type":"product","link":"https:\/\/boreait.com\/hu\/termek\/dvd-haz-lenovo-thinkpad-l440-42-4lg09-001-eredeti\/","title":{"rendered":"DVD-h\u00e1z Lenovo THINKPAD L440 42.4LG09.001 Eredeti"},"content":{"rendered":"<p>N\u00f6velje Lenovo ThinkPad L440 laptopja funkcionalit\u00e1s\u00e1t a Lenovo THINKPAD L440 42.4LG09.001 eredeti h\u00e1zas DVD-vel. A laptop t\u00e1rol\u00e1si \u00e9s optikai meghajt\u00f3 k\u00e9pess\u00e9geinek optimaliz\u00e1l\u00e1s\u00e1ra tervezett eredeti h\u00e1z z\u00f6kken\u0151mentes illeszked\u00e9st \u00e9s tov\u00e1bbfejlesztett funkcionalit\u00e1st biztos\u00edt a jobb sz\u00e1m\u00edt\u00e1stechnikai \u00e9lm\u00e9ny \u00e9rdek\u00e9ben.<\/p>\n<p>A Lenovo \u00e1ltal megalkotott, megb\u00edzhat\u00f3 n\u00e9v a sz\u00e1m\u00edt\u00e1stechnik\u00e1ban, a 42.4LG09.001 eredeti h\u00e1zas DVD-t \u00fagy tervezt\u00e9k, hogy megb\u00edzhat\u00f3an integr\u00e1lhat\u00f3 legyen a ThinkPad L440 k\u00e9sz\u00fcl\u00e9kkel. A laptop architekt\u00far\u00e1j\u00e1nak kulcsfontoss\u00e1g\u00fa elemek\u00e9nt ez a h\u00e1z befogadja a laptop optikai meghajt\u00f3j\u00e1t, \u00edgy biztons\u00e1gos \u00e9s hat\u00e9kony hozz\u00e1f\u00e9r\u00e9st biztos\u00edt a CD-khez \u00e9s DVD-khez.<\/p>\n<p>Ak\u00e1r szoftvert kell telep\u00edtenie, filmeket n\u00e9znie, ak\u00e1r biztons\u00e1gi m\u00e1solatokat kell k\u00e9sz\u00edtenie, ez a h\u00e1z fokozza laptopja sokoldal\u00fas\u00e1g\u00e1t. Azt a k\u00e9nyelmet k\u00edn\u00e1lja, hogy optikai meghajt\u00f3val rendelkezik a ThinkPad L440, an\u00e9lk\u00fcl, hogy a hordozhat\u00f3s\u00e1g vagy a funkcionalit\u00e1s vesz\u00e9lyeztetn\u00e9.<\/p>\n<p>A telep\u00edt\u00e9s egyszer\u0171 az OEM-kialak\u00edt\u00e1snak k\u00f6sz\u00f6nhet\u0151en, amely illeszkedik a laptop eredeti alkatr\u00e9szeihez. Az eredeti Lenovo alkatr\u00e9szek kiv\u00e1laszt\u00e1s\u00e1val laptopja t\u00e1rol\u00e1si \u00e9s optikai meghajt\u00f3 k\u00e9pess\u00e9geinek min\u0151s\u00e9g\u00e9be \u00e9s megb\u00edzhat\u00f3s\u00e1g\u00e1ba fektet be.<\/p>\n<p>Friss\u00edtse laptopja funkci\u00f3it a Lenovo THINKPAD L440 42.4LG09.001 eredeti h\u00e1zas DVD-vel. \u00c9lvezze a b\u0151v\u00edtett t\u00e1rol\u00e1si lehet\u0151s\u00e9geket, az optikai meghajt\u00f3 funkci\u00f3kat \u00e9s a tov\u00e1bbfejlesztett sokoldal\u00fas\u00e1got a ThinkPad L440-en. N\u00f6velje sz\u00e1m\u00edt\u00e1stechnikai \u00e9lm\u00e9ny\u00e9t ezzel a megb\u00edzhat\u00f3 \u00e9s hat\u00e9kony h\u00e1zzal.<\/p>\n<p>V\u00e1s\u00e1rl\u00e1s el\u0151tt ellen\u0151rizze, hogy kompatibilis-e az adott laptopmodellj\u00e9vel.<\/p>\n","protected":false},"excerpt":{"rendered":"<p>Fokozza Lenovo ThinkPad L440 laptopja funkcionalit\u00e1s\u00e1t a Lenovo THINKPAD L440 42.4LG09.001 eredeti h\u00e1zas DVD-vel. \u00c9lvezze a b\u0151v\u00edtett t\u00e1rol\u00e1si lehet\u0151s\u00e9geket \u00e9s az optikai meghajt\u00f3 funkci\u00f3kat.<\/p>\n","protected":false},"featured_media":3977,"template":"","meta":[],"product_brand":[],"product_cat":[16],"product_tag":[26],"class_list":{"0":"post-3921","1":"product","2":"type-product","3":"status-publish","4":"has-post-thumbnail","6":"product_cat-laptop-housing","7":"product_tag-lenovo","9":"first","10":"instock","11":"taxable","12":"shipping-taxable","13":"purchasable","14":"product-type-simple"},"_links":{"self":[{"href":"https:\/\/boreait.com\/hu\/wp-json\/wp\/v2\/product\/3921","targetHints":{"allow":["GET"]}}],"collection":[{"href":"https:\/\/boreait.com\/hu\/wp-json\/wp\/v2\/product"}],"about":[{"href":"https:\/\/boreait.com\/hu\/wp-json\/wp\/v2\/types\/product"}],"wp:featuredmedia":[{"embeddable":true,"href":"https:\/\/boreait.com\/hu\/wp-json\/wp\/v2\/media\/3977"}],"wp:attachment":[{"href":"https:\/\/boreait.com\/hu\/wp-json\/wp\/v2\/media?parent=3921"}],"wp:term":[{"taxonomy":"product_brand","embeddable":true,"href":"https:\/\/boreait.com\/hu\/wp-json\/wp\/v2\/product_brand?post=3921"},{"taxonomy":"product_cat","embeddable":true,"href":"https:\/\/boreait.com\/hu\/wp-json\/wp\/v2\/product_cat?post=3921"},{"taxonomy":"product_tag","embeddable":true,"href":"https:\/\/boreait.com\/hu\/wp-json\/wp\/v2\/product_tag?post=3921"}],"curies":[{"name":"wp","href":"https:\/\/api.w.org\/{rel}","templated":true}]}}