{"id":3919,"date":"2025-09-17T10:48:11","date_gmt":"2025-09-17T08:48:11","guid":{"rendered":"https:\/\/boreait.com\/hu\/?post_type=product&#038;p=3919"},"modified":"2026-01-09T14:09:18","modified_gmt":"2026-01-09T13:09:18","slug":"qwerty-uk-toshiba-a200-a210-m200-m206-billentyuzet-kfrsba124a-pk130180340-szurke-slo-gravirozas","status":"publish","type":"product","link":"https:\/\/boreait.com\/hu\/termek\/qwerty-uk-toshiba-a200-a210-m200-m206-billentyuzet-kfrsba124a-pk130180340-szurke-slo-gravirozas\/","title":{"rendered":"QWERTY UK TOSHIBA A200 A210 M200 M206 BILLENTY\u0170ZET, KFRSBA124A, PK130180340 SZ\u00dcRKE (SLO grav\u00edroz\u00e1s)"},"content":{"rendered":"<p>Friss\u00edtse Toshiba A200, A210, M200 vagy M206 laptopja billenty\u0171zet\u00e9t a QWERTY UK (szlov\u00e9n grav\u00edroz\u00e1ssal) Toshiba A200 A210 M200 M206 billenty\u0171zettel (cikksz\u00e1m: KFRSBA124A, modell: PK130180 st\u00edlusos sz\u00fcrke kivitelben). Ezt az eredeti cserebillenty\u0171zetet \u00fagy tervezt\u00e9k, hogy z\u00f6kken\u0151mentes g\u00e9pel\u00e9si \u00e9lm\u00e9nyt ny\u00fajtson, \u00edgy ide\u00e1lis mind a munkahelyi, mind a szabadid\u0151s feladatokhoz.<\/p>\n<p>A Toshiba \u2013 a sz\u00e1m\u00edt\u00e1stechnika egyik megb\u00edzhat\u00f3 neve \u2013 \u00e1ltal pontosan tervezett QWERTY UK billenty\u0171zet t\u00f6k\u00e9letes illeszked\u00e9st \u00e9s megb\u00edzhat\u00f3 teljes\u00edtm\u00e9nyt biztos\u00edt a kompatibilis laptopmodellekhez. K\u00e9nyelmes gombelrendez\u00e9se \u00e9s tapinthat\u00f3 visszacsatol\u00e1sa megk\u00f6nny\u00edti a g\u00e9pel\u00e9st, legyen sz\u00f3 dokumentumok \u00edr\u00e1s\u00e1r\u00f3l, e-mailek k\u00fcld\u00e9s\u00e9r\u0151l vagy bar\u00e1taival val\u00f3 cseveg\u00e9sr\u0151l.<\/p>\n<p>A sz\u00fcrke fel\u00fclet kifinomultabb\u00e1 teszi laptopj\u00e1t, mik\u00f6zben meg\u0151rzi a tiszta \u00e9s professzion\u00e1lis megjelen\u00e9st. R\u00e1ad\u00e1sul a QWERTY UK elrendez\u00e9s t\u00f6k\u00e9letes azoknak a felhaszn\u00e1l\u00f3knak, akik hozz\u00e1szoktak ehhez a szabv\u00e1nyhoz, biztos\u00edtva az \u00faj billenty\u0171zetre val\u00f3 z\u00f6kken\u0151mentes \u00e1t\u00e1ll\u00e1st.<\/p>\n<p>A telep\u00edt\u00e9s egyszer\u0171, k\u00f6sz\u00f6nhet\u0151en az OEM-kialak\u00edt\u00e1snak, amely illeszkedik Toshiba laptopja eredeti alkatr\u00e9szeihez. Az eredeti Toshiba alkatr\u00e9szek kiv\u00e1laszt\u00e1s\u00e1val laptopja billenty\u0171zet\u00e9nek min\u0151s\u00e9g\u00e9be, tart\u00f3ss\u00e1g\u00e1ba \u00e9s megb\u00edzhat\u00f3s\u00e1g\u00e1ba fektet be.<\/p>\n<p>Friss\u00edtse g\u00e9pel\u00e9si \u00e9lm\u00e9ny\u00e9t a st\u00edlusos sz\u00fcrke kivitel\u0171 QWERTY UK Toshiba A200 A210 M200 M206 billenty\u0171zettel. \u00c9lvezze a k\u00e9nyelmes \u00e9s hat\u00e9kony g\u00e9pel\u00e9st minden sz\u00e1m\u00edt\u00e1stechnikai ig\u00e9ny\u00e9nek kiel\u00e9g\u00edt\u00e9s\u00e9re, ak\u00e1r munkahely\u00e9n, ak\u00e1r j\u00e1t\u00e9k k\u00f6zben. N\u00f6velje laptopja eszt\u00e9tik\u00e1j\u00e1t \u00e9s funkcionalit\u00e1s\u00e1t ezzel a megb\u00edzhat\u00f3 \u00e9s hat\u00e9kony cserebillenty\u0171zettel.<\/p>\n","protected":false},"excerpt":{"rendered":"<p>Friss\u00edtse Toshiba A200, A210, M200 vagy M206 laptopja billenty\u0171zet\u00e9t a st\u00edlusos sz\u00fcrke QWERTY UK Toshiba A200 A210 M200 M206 billenty\u0171zettel (cikksz\u00e1m: KFRSBA124A, modell: PK130180340). \u00c9lvezze a k\u00e9nyelmes g\u00e9pel\u00e9st munkahelyi \u00e9s szabadid\u0151s feladatokhoz.<\/p>\n","protected":false},"featured_media":3974,"template":"","meta":[],"product_brand":[],"product_cat":[35],"product_tag":[34],"class_list":{"0":"post-3919","1":"product","2":"type-product","3":"status-publish","4":"has-post-thumbnail","6":"product_cat-laptop-keyboard","7":"product_tag-toshiba","9":"first","10":"instock","11":"taxable","12":"shipping-taxable","13":"purchasable","14":"product-type-simple"},"_links":{"self":[{"href":"https:\/\/boreait.com\/hu\/wp-json\/wp\/v2\/product\/3919","targetHints":{"allow":["GET"]}}],"collection":[{"href":"https:\/\/boreait.com\/hu\/wp-json\/wp\/v2\/product"}],"about":[{"href":"https:\/\/boreait.com\/hu\/wp-json\/wp\/v2\/types\/product"}],"wp:featuredmedia":[{"embeddable":true,"href":"https:\/\/boreait.com\/hu\/wp-json\/wp\/v2\/media\/3974"}],"wp:attachment":[{"href":"https:\/\/boreait.com\/hu\/wp-json\/wp\/v2\/media?parent=3919"}],"wp:term":[{"taxonomy":"product_brand","embeddable":true,"href":"https:\/\/boreait.com\/hu\/wp-json\/wp\/v2\/product_brand?post=3919"},{"taxonomy":"product_cat","embeddable":true,"href":"https:\/\/boreait.com\/hu\/wp-json\/wp\/v2\/product_cat?post=3919"},{"taxonomy":"product_tag","embeddable":true,"href":"https:\/\/boreait.com\/hu\/wp-json\/wp\/v2\/product_tag?post=3919"}],"curies":[{"name":"wp","href":"https:\/\/api.w.org\/{rel}","templated":true}]}}