{"id":3918,"date":"2025-09-17T10:48:11","date_gmt":"2025-09-17T08:48:11","guid":{"rendered":"https:\/\/boreait.com\/hu\/?post_type=product&#038;p=3918"},"modified":"2026-01-15T07:43:13","modified_gmt":"2026-01-15T06:43:13","slug":"uj-nvme-ssd-lexar-nm610-250gb-m-2-pcie","status":"publish","type":"product","link":"https:\/\/boreait.com\/hu\/termek\/uj-nvme-ssd-lexar-nm610-250gb-m-2-pcie\/","title":{"rendered":"\u00daJ NVME SSD Lexar NM610 250GB M.2 PCIE"},"content":{"rendered":"<p>A k\u00f6vetkez\u0151 nagy dolgot keresi a laptop alkatr\u00e9szek ter\u00e9n? A Lexar NM610 M.2 NVME SSD 250 GB tal\u00e1n csak a v\u00e1lasz. \u00dagy tervezt\u00e9k, hogy ne csak l\u00e9p\u00e9st tartson a digit\u00e1lis korszakkal, hanem az\u00e9rt is, hogy megel\u0151zze azt. Ennek az SSD-nek a k\u00f6vetkez\u0151k\u00e9ppen kell lennie a radaron:<\/p>\n<ul>\n<li><strong>Kiemelked\u0151 teljes\u00edtm\u00e9ny<\/strong>: t\u00f6bb\u00e9 nem kell dobogtatnia az ujjaival a f\u00e1jlok \u00e1tvitel\u00e9re vagy az alkalmaz\u00e1sok bet\u00f6lt\u00e9s\u00e9re v\u00e1rva. Az ak\u00e1r 2100 MB\/s-os szekvenci\u00e1lis olvas\u00e1si sebess\u00e9gnek k\u00f6sz\u00f6nhet\u0151en nagy sebess\u00e9ggel navig\u00e1lhat a feladatok k\u00f6z\u00f6tt.<\/li>\n<li><strong>N\u00f6velje az \u00e9lm\u00e9nyt<\/strong>: A PCIe Gen3x4 NVMe 1.3 technol\u00f3gi\u00e1val \u00e9s 3D NAND vakuval integr\u00e1lt SSD z\u00f6kken\u0151mentes \u00e9s hat\u00e9kony sz\u00e1m\u00edt\u00e1stechnikai utaz\u00e1st biztos\u00edt a bekapcsol\u00e1s pillanat\u00e1t\u00f3l a v\u00e9gs\u0151 le\u00e1ll\u00edt\u00e1sig.<\/li>\n<li><strong>Hagyja h\u00e1tra a SATA-t<\/strong>: Friss\u00edtsen Lexar NM610-re, \u00e9s tapasztalja meg a norm\u00e1l SATA-alap\u00fa SSD-k sebess\u00e9g\u00e9nek ak\u00e1r 3,5-szeres\u00e9t. \u00c9rezze a v\u00e1ltoz\u00e1st a sz\u00e1m\u00edt\u00e1stechnika minden ter\u00fclet\u00e9n, a gyorsabb rendszerind\u00edt\u00e1st\u00f3l a gyorsabb szoftverbet\u00f6lt\u00e9si id\u0151ig.<\/li>\n<li><strong>Tudnival\u00f3ra \u00e9p\u00edtve<\/strong>: Ker\u00fclje el a hagyom\u00e1nyos merevlemezek miatti aggodalmakat. A mozg\u00f3 alkatr\u00e9szeket nem tartalmaz\u00f3 NM610 SSD nemcsak kev\u00e9sb\u00e9 hajlamos a meghib\u00e1sod\u00e1sokra, hanem \u00fct\u00e9s- \u00e9s rezg\u00e9s\u00e1ll\u00f3 is, \u00edgy robusztuss\u00e1got k\u00edn\u00e1l kompakt form\u00e1ban.<\/li>\n<li><strong>Energiahat\u00e9kony<\/strong>: \u00c9lvezze a meghosszabb\u00edtott akkumul\u00e1tor-\u00e9lettartamot a cs\u00f6kkentett energiafogyaszt\u00e1snak \u00e9s a h\u0171v\u00f6sebb m\u0171k\u00f6d\u00e9snek k\u00f6sz\u00f6nhet\u0151en, \u00edgy egy l\u00e9p\u00e9ssel a HDD-k el\u0151tt j\u00e1r.<\/li>\n<li><strong>M\u0171szaki adatok \u00e1ttekint\u00e9se<\/strong>:\n<ul>\n<li>Alakt\u00e9nyez\u0151: M.2 2280<\/li>\n<li>Interf\u00e9sz: PCIe Gen3x4<\/li>\n<li>M\u0171k\u00f6d\u00e9si h\u0151m\u00e9rs\u00e9klet: 0\u00b0C \u00e9s 70\u00b0C k\u00f6z\u00f6tt<\/li>\n<li>M\u00e9ret: 80 mm x 22 mm x 2,25 mm<\/li>\n<li>S\u00faly: mind\u00f6ssze 9 g<\/li>\n<li>Rugalmass\u00e1g: \u00fct\u00e9s\u00e1ll\u00f3 1500 G-ig \u00e9s rezg\u00e9s\u00e1ll\u00f3 10-2000 Hz k\u00f6z\u00f6tt<\/li>\n<li>NAND Flash: Speci\u00e1lis 3D NAND<\/li>\n<li>Hossz\u00fa \u00e9lettartam: 1 500 000 \u00f3r\u00e1s MTBF-j\u00e9vel hossz\u00fa t\u00e1vra k\u00e9sz\u00fclt.<\/li>\n<\/ul>\n<\/li>\n<\/ul>\n<p>Ha laptop alkatr\u00e9szekr\u0151l van sz\u00f3, a Lexar NM610 M.2 NVME SSD 250 GB a sebess\u00e9g, a megb\u00edzhat\u00f3s\u00e1g \u00e9s a hat\u00e9konys\u00e1g t\u00f6k\u00e9letes \u00f6tv\u00f6zetek\u00e9nt t\u0171nik ki. Ez nem csak t\u00e1rol\u00e1si megold\u00e1s; ez egy olyan friss\u00edt\u00e9s, amely \u00e1talak\u00edtja a teljes sz\u00e1m\u00edt\u00e1stechnikai \u00e9lm\u00e9nyt.<\/p>\n","protected":false},"excerpt":{"rendered":"<p>Emelje fel laptop-alkatr\u00e9szek j\u00e1t\u00e9k\u00e1t a Lexar NM610 M.2 NVMe SSD-vel! Tapasztalja meg a vill\u00e1mgyors bet\u00f6lt\u00e9si id\u0151ket, a hat\u00e9kony rendszerind\u00edt\u00e1st \u00e9s a gyors \u00e1tvitelt ak\u00e1r 2100 MB\/s olvas\u00e1si sebess\u00e9ggel. A legmodernebb 3D NAND technol\u00f3gi\u00e1val k\u00e9sz\u00fclt, \u00e9s ez egy szil\u00e1rd friss\u00edt\u00e9s b\u00e1rmely laptophoz vagy PC-hez!<\/p>\n","protected":false},"featured_media":3963,"template":"","meta":[],"product_brand":[],"product_cat":[32,31],"product_tag":[],"class_list":{"0":"post-3918","1":"product","2":"type-product","3":"status-publish","4":"has-post-thumbnail","6":"product_cat-nvme","7":"product_cat-ssd-hdd-drives","9":"first","10":"instock","11":"taxable","12":"shipping-taxable","13":"purchasable","14":"product-type-simple"},"_links":{"self":[{"href":"https:\/\/boreait.com\/hu\/wp-json\/wp\/v2\/product\/3918","targetHints":{"allow":["GET"]}}],"collection":[{"href":"https:\/\/boreait.com\/hu\/wp-json\/wp\/v2\/product"}],"about":[{"href":"https:\/\/boreait.com\/hu\/wp-json\/wp\/v2\/types\/product"}],"wp:featuredmedia":[{"embeddable":true,"href":"https:\/\/boreait.com\/hu\/wp-json\/wp\/v2\/media\/3963"}],"wp:attachment":[{"href":"https:\/\/boreait.com\/hu\/wp-json\/wp\/v2\/media?parent=3918"}],"wp:term":[{"taxonomy":"product_brand","embeddable":true,"href":"https:\/\/boreait.com\/hu\/wp-json\/wp\/v2\/product_brand?post=3918"},{"taxonomy":"product_cat","embeddable":true,"href":"https:\/\/boreait.com\/hu\/wp-json\/wp\/v2\/product_cat?post=3918"},{"taxonomy":"product_tag","embeddable":true,"href":"https:\/\/boreait.com\/hu\/wp-json\/wp\/v2\/product_tag?post=3918"}],"curies":[{"name":"wp","href":"https:\/\/api.w.org\/{rel}","templated":true}]}}