{"id":3917,"date":"2025-09-17T10:48:11","date_gmt":"2025-09-17T08:48:11","guid":{"rendered":"https:\/\/boreait.com\/hu\/?post_type=product&#038;p=3917"},"modified":"2025-09-17T10:48:53","modified_gmt":"2025-09-17T08:48:53","slug":"hp-pavilion-g6-2010nr-156-huvelykes-40-tus-hd-lcd-panel-lp156wh4-tl-d2","status":"publish","type":"product","link":"https:\/\/boreait.com\/hu\/termek\/hp-pavilion-g6-2010nr-156-huvelykes-40-tus-hd-lcd-panel-lp156wh4-tl-d2\/","title":{"rendered":"HP Pavilion G6-2010NR \u2013 15,6 h\u00fcvelykes, 40 t\u0171s HD LCD panel \u2013 LP156WH4 \u2013 TL D2"},"content":{"rendered":"<p>N\u00f6velje HP Pavilion G6-2010NR laptopja vizu\u00e1lis \u00e9lm\u00e9ny\u00e9t a 15,6 h\u00fcvelykes, 40 t\u0171s HD LCD panellel &#8211; LP156WH4 TL D2. A laptop kijelz\u0151j\u00e9nek jav\u00edt\u00e1s\u00e1ra tervezett eredeti LCD-panel jobb l\u00e1tv\u00e1nyt, \u00e9l\u00e9nk sz\u00edneket \u00e9s \u00e9les k\u00e9pmin\u0151s\u00e9get k\u00edn\u00e1l a jobb sz\u00e1m\u00edt\u00e1stechnikai \u00e9lm\u00e9ny \u00e9rdek\u00e9ben.<\/p>\n<p>A HP \u00e1ltal megalkotott, megb\u00edzhat\u00f3 n\u00e9v a sz\u00e1m\u00edt\u00e1stechnik\u00e1ban, a 15,6 h\u00fcvelykes LP156WH4 LCD-panel z\u00f6kken\u0151mentes integr\u00e1ci\u00f3t biztos\u00edt a Pavilion G6-2010NR laptopj\u00e1val. A laptop vizu\u00e1lis rendszer\u00e9nek kulcsfontoss\u00e1g\u00fa elemek\u00e9nt ez a panel kulcsfontoss\u00e1g\u00fa szerepet j\u00e1tszik a tiszta \u00e9s r\u00e9szletes k\u00e9pek k\u00e9sz\u00edt\u00e9s\u00e9ben, ak\u00e1r dolgozik, ak\u00e1r multim\u00e9di\u00e1s tartalmak k\u00f6zvet\u00edt\u00e9se k\u00f6zben.<\/p>\n<p>A nagy felbont\u00e1s\u00fa panel jav\u00edtja a vizu\u00e1lis tartalmat, \u00e9les sz\u00f6veget \u00e9s \u00e9l\u00e9nk sz\u00edneket biztos\u00edt. Legyen sz\u00f3 a dokumentumokon dolgoz\u00f3 professzion\u00e1lisr\u00f3l vagy a mag\u00e1val ragad\u00f3 multim\u00e9di\u00e1s \u00e9lm\u00e9nyt \u00e9rt\u00e9kel\u0151 felhaszn\u00e1l\u00f3r\u00f3l, ez az LCD-panel az \u00d6n \u00e1ltal elv\u00e1rt tisztas\u00e1got \u00e9s min\u0151s\u00e9get k\u00edn\u00e1lja.<\/p>\n<p>A telep\u00edt\u00e9s egyszer\u0171 az OEM-kialak\u00edt\u00e1snak k\u00f6sz\u00f6nhet\u0151en, amely illeszkedik a laptop eredeti alkatr\u00e9szeihez. Az eredeti HP alkatr\u00e9szek kiv\u00e1laszt\u00e1s\u00e1val laptopja kijelz\u0151j\u00e9nek min\u0151s\u00e9g\u00e9be \u00e9s megb\u00edzhat\u00f3s\u00e1g\u00e1ba fektet be.<\/p>\n<p>Friss\u00edtse laptopja kijelz\u0151j\u00e9t a 15,6 h\u00fcvelykes, 40 t\u0171s HD LCD panellel \u2013 LP156WH4 (TL) (D2). \u00c9lvezze a tov\u00e1bbfejlesztett l\u00e1tv\u00e1nyt, az \u00e9l\u00e9nk sz\u00edneket \u00e9s az \u00e9les k\u00e9pmin\u0151s\u00e9get a HP Pavilion G6-2010NR k\u00e9sz\u00fcl\u00e9ken. N\u00f6velje sz\u00e1m\u00edt\u00e1stechnikai \u00e9lm\u00e9ny\u00e9t ezzel a megb\u00edzhat\u00f3 \u00e9s hat\u00e9kony LCD-panellel.<\/p>\n<p>V\u00e1s\u00e1rl\u00e1s el\u0151tt ellen\u0151rizze, hogy kompatibilis-e az adott laptopmodellj\u00e9vel.<\/p>\n","protected":false},"excerpt":{"rendered":"<p>Jav\u00edtsa ki HP Pavilion G6-2010NR laptopja kijelz\u0151j\u00e9t a 15,6 h\u00fcvelykes, 40 t\u0171s HD LCD panellel \u2013 LP156WH4. \u00c9lvezze a tov\u00e1bbfejlesztett l\u00e1tv\u00e1nyt, az \u00e9l\u00e9nk sz\u00edneket \u00e9s az \u00e9les k\u00e9pmin\u0151s\u00e9get.<\/p>\n","protected":false},"featured_media":3962,"template":"","meta":[],"product_brand":[],"product_cat":[22,21],"product_tag":[],"class_list":{"0":"post-3917","1":"product","2":"type-product","3":"status-publish","4":"has-post-thumbnail","6":"product_cat-15-6","7":"product_cat-laptop-screens-lcd-panels","9":"first","10":"instock","11":"taxable","12":"shipping-taxable","13":"purchasable","14":"product-type-simple"},"_links":{"self":[{"href":"https:\/\/boreait.com\/hu\/wp-json\/wp\/v2\/product\/3917","targetHints":{"allow":["GET"]}}],"collection":[{"href":"https:\/\/boreait.com\/hu\/wp-json\/wp\/v2\/product"}],"about":[{"href":"https:\/\/boreait.com\/hu\/wp-json\/wp\/v2\/types\/product"}],"wp:featuredmedia":[{"embeddable":true,"href":"https:\/\/boreait.com\/hu\/wp-json\/wp\/v2\/media\/3962"}],"wp:attachment":[{"href":"https:\/\/boreait.com\/hu\/wp-json\/wp\/v2\/media?parent=3917"}],"wp:term":[{"taxonomy":"product_brand","embeddable":true,"href":"https:\/\/boreait.com\/hu\/wp-json\/wp\/v2\/product_brand?post=3917"},{"taxonomy":"product_cat","embeddable":true,"href":"https:\/\/boreait.com\/hu\/wp-json\/wp\/v2\/product_cat?post=3917"},{"taxonomy":"product_tag","embeddable":true,"href":"https:\/\/boreait.com\/hu\/wp-json\/wp\/v2\/product_tag?post=3917"}],"curies":[{"name":"wp","href":"https:\/\/api.w.org\/{rel}","templated":true}]}}