{"id":3915,"date":"2025-09-17T10:48:11","date_gmt":"2025-09-17T08:48:11","guid":{"rendered":"https:\/\/boreait.com\/hu\/?post_type=product&#038;p=3915"},"modified":"2026-01-09T14:08:40","modified_gmt":"2026-01-09T13:08:40","slug":"toshiba-satellite-a-20-1yx-pantok-vga-csatlakozoval","status":"publish","type":"product","link":"https:\/\/boreait.com\/hu\/termek\/toshiba-satellite-a-20-1yx-pantok-vga-csatlakozoval\/","title":{"rendered":"Toshiba Satellite A 20-1YX P\u00c1NTOK VGA CSATLAKOZ\u00d3VAL"},"content":{"rendered":"<p>B\u0151v\u00edtse a zsan\u00e9rokat VGA-csatlakoz\u00f3val a Toshiba Satellite A 20-1YX laptopj\u00e1n ezzel az eredeti cserealkatr\u00e9szrel. A laptop kijelz\u0151j\u00e9nek \u00e9s csatlakoztathat\u00f3s\u00e1g\u00e1nak optimaliz\u00e1l\u00e1s\u00e1ra kialak\u00edtott zsan\u00e9rok megb\u00edzhat\u00f3 teljes\u00edtm\u00e9nyt \u00e9s z\u00f6kken\u0151mentes integr\u00e1ci\u00f3t biztos\u00edtanak a tov\u00e1bbfejlesztett sz\u00e1m\u00edt\u00e1stechnikai \u00e9lm\u00e9ny \u00e9rdek\u00e9ben.<\/p>\n<p>A Toshiba magas szint\u0171 sz\u00e1m\u00edt\u00e1stechnikai k\u00f6vetelm\u00e9nyeinek megfelel\u0151en kialak\u00edtott VGA-csatlakoz\u00f3s zsan\u00e9rok t\u00f6k\u00e9letesen illeszkednek Satellite A 20-1YX laptopj\u00e1hoz. Kett\u0151s c\u00e9lt szolg\u00e1lnak: t\u00e1mogatj\u00e1k a kijelz\u0151t, mik\u00f6zben VGA csatlakoz\u00e1si lehet\u0151s\u00e9get is biztos\u00edtanak, \u00edgy k\u00f6nnyen csatlakoztathat k\u00fcls\u0151 monitort, kivet\u00edt\u0151t vagy m\u00e1s VGA-kompatibilis eszk\u00f6z\u00f6ket.<\/p>\n<p>Ak\u00e1r munk\u00e1j\u00e1t szeretn\u00e9 bemutatni, ak\u00e1r ki kell b\u0151v\u00edtenie a kijelz\u0151t, vagy egyszer\u0171en csak jav\u00edtania kell laptopja kijelz\u0151t\u00e1mogat\u00e1s\u00e1n, ezek a VGA-csatlakoz\u00f3val ell\u00e1tott zsan\u00e9rok a k\u00edv\u00e1nt k\u00e9nyelmet \u00e9s funkcionalit\u00e1st k\u00edn\u00e1lj\u00e1k. A VGA-csatlakoz\u00e1s lehet\u0151v\u00e9 teszi a munkater\u00fclet kiterjeszt\u00e9s\u00e9t, \u00edgy ide\u00e1lis szakemberek, di\u00e1kok \u00e9s b\u00e1rki sz\u00e1m\u00e1ra, aki \u00e9rt\u00e9keli a sokoldal\u00fa sz\u00e1m\u00edt\u00e1stechnik\u00e1t.<\/p>\n<p>A telep\u00edt\u00e9s egyszer\u0171 a prec\u00edz kialak\u00edt\u00e1snak k\u00f6sz\u00f6nhet\u0151en, amely illeszkedik a laptop eredeti alkatr\u00e9szeihez. Az eredeti Toshiba alkatr\u00e9szek kiv\u00e1laszt\u00e1s\u00e1val laptopja kijelz\u0151j\u00e9nek \u00e9s csatlakoztathat\u00f3s\u00e1g\u00e1nak min\u0151s\u00e9g\u00e9be \u00e9s megb\u00edzhat\u00f3s\u00e1g\u00e1ba fektet be.<\/p>\n<p>Friss\u00edtse laptopja kijelz\u0151j\u00e9t \u00e9s csatlakoztathat\u00f3s\u00e1g\u00e1t a Toshiba Satellite A 20-1YX VGA-csatlakoz\u00f3val ell\u00e1tott zsan\u00e9rokkal. \u00c9lvezze a tov\u00e1bbfejlesztett kijelz\u0151 t\u00e1mogat\u00e1st \u00e9s a kiterjesztett VGA csatlakoz\u00e1si lehet\u0151s\u00e9geket laptopj\u00e1n. N\u00f6velje sz\u00e1m\u00edt\u00e1stechnikai \u00e9lm\u00e9ny\u00e9t ezzel a megb\u00edzhat\u00f3 \u00e9s hat\u00e9kony cserealkatr\u00e9szrel.<\/p>\n<p>V\u00e1s\u00e1rl\u00e1s el\u0151tt ellen\u0151rizze, hogy kompatibilis-e az adott laptopmodellj\u00e9vel.<\/p>\n","protected":false},"excerpt":{"rendered":"<p>N\u00f6velje Toshiba Satellite A 20-1YX laptopja kijelz\u0151j\u00e9t \u00e9s csatlakoztathat\u00f3s\u00e1g\u00e1t a VGA-csatlakoz\u00f3val ell\u00e1tott zsan\u00e9rokkal. K\u00f6nnyen csatlakoztathat k\u00fcls\u0151 monitorokat vagy kivet\u00edt\u0151ket a sokoldal\u00fa sz\u00e1m\u00edt\u00e1stechnika \u00e9rdek\u00e9ben.<\/p>\n","protected":false},"featured_media":3960,"template":"","meta":[],"product_brand":[],"product_cat":[19],"product_tag":[34],"class_list":{"0":"post-3915","1":"product","2":"type-product","3":"status-publish","4":"has-post-thumbnail","6":"product_cat-screen-hinge","7":"product_tag-toshiba","9":"first","10":"instock","11":"taxable","12":"shipping-taxable","13":"purchasable","14":"product-type-simple"},"_links":{"self":[{"href":"https:\/\/boreait.com\/hu\/wp-json\/wp\/v2\/product\/3915","targetHints":{"allow":["GET"]}}],"collection":[{"href":"https:\/\/boreait.com\/hu\/wp-json\/wp\/v2\/product"}],"about":[{"href":"https:\/\/boreait.com\/hu\/wp-json\/wp\/v2\/types\/product"}],"wp:featuredmedia":[{"embeddable":true,"href":"https:\/\/boreait.com\/hu\/wp-json\/wp\/v2\/media\/3960"}],"wp:attachment":[{"href":"https:\/\/boreait.com\/hu\/wp-json\/wp\/v2\/media?parent=3915"}],"wp:term":[{"taxonomy":"product_brand","embeddable":true,"href":"https:\/\/boreait.com\/hu\/wp-json\/wp\/v2\/product_brand?post=3915"},{"taxonomy":"product_cat","embeddable":true,"href":"https:\/\/boreait.com\/hu\/wp-json\/wp\/v2\/product_cat?post=3915"},{"taxonomy":"product_tag","embeddable":true,"href":"https:\/\/boreait.com\/hu\/wp-json\/wp\/v2\/product_tag?post=3915"}],"curies":[{"name":"wp","href":"https:\/\/api.w.org\/{rel}","templated":true}]}}