{"id":3914,"date":"2025-09-17T10:48:11","date_gmt":"2025-09-17T08:48:11","guid":{"rendered":"https:\/\/boreait.com\/hu\/?post_type=product&#038;p=3914"},"modified":"2026-01-09T14:08:22","modified_gmt":"2026-01-09T13:08:22","slug":"pk010000o00-eredeti-eredeti-toshiba-modem-kartya-satellite-p205-sorozat","status":"publish","type":"product","link":"https:\/\/boreait.com\/hu\/termek\/pk010000o00-eredeti-eredeti-toshiba-modem-kartya-satellite-p205-sorozat\/","title":{"rendered":"PK010000O00 EREDETI EREDETI TOSHIBA MODEM K\u00c1RTYA SATELLITE P205 SOROZAT"},"content":{"rendered":"<p>N\u00f6velje Toshiba Satellite P205 sorozat\u00fa laptopja csatlakoztathat\u00f3s\u00e1g\u00e1t az eredeti PK010000O00 eredeti Toshiba modemk\u00e1rty\u00e1val. Ezt az autentikus modemk\u00e1rty\u00e1t \u00fagy tervezt\u00e9k, hogy optimaliz\u00e1lja laptopja kommunik\u00e1ci\u00f3s k\u00e9pess\u00e9geit, megb\u00edzhat\u00f3 internetkapcsolatot \u00e9s z\u00f6kken\u0151mentes integr\u00e1ci\u00f3t biztos\u00edtva a tov\u00e1bbfejlesztett sz\u00e1m\u00edt\u00e1stechnikai \u00e9lm\u00e9ny \u00e9rdek\u00e9ben.<\/p>\n<p>A Toshiba \u2013 a sz\u00e1m\u00edt\u00e1stechnika egyik neves neve \u2013 \u00e1ltal gy\u00e1rtott PK010000O00 modemk\u00e1rtya robusztus modemfunkci\u00f3kat k\u00edn\u00e1l. A laptop bels\u0151 rendszereinek alapvet\u0151 elemek\u00e9nt ez a k\u00e1rtya kulcsfontoss\u00e1g\u00fa szerepet j\u00e1tszik a stabil \u00e9s hat\u00e9kony internetkapcsolat kialak\u00edt\u00e1s\u00e1ban.<\/p>\n<p>Ak\u00e1r az interneten szeretne b\u00f6ng\u00e9szni, e-maileket k\u00fcldeni, ak\u00e1r online forr\u00e1sokat szeretne el\u00e9rni, ez a modemk\u00e1rtya az \u00d6n \u00e1ltal elv\u00e1rt k\u00e9nyelmet \u00e9s hat\u00e9konys\u00e1got biztos\u00edtja. Biztos\u00edtja, hogy kapcsolatban maradjon, legyen sz\u00f3 munk\u00e1r\u00f3l, sz\u00f3rakoz\u00e1sr\u00f3l vagy a bar\u00e1tokkal \u00e9s csal\u00e1ddal val\u00f3 kapcsolattart\u00e1sr\u00f3l.<\/p>\n<p>A telep\u00edt\u00e9s egyszer\u0171 az OEM-kialak\u00edt\u00e1snak k\u00f6sz\u00f6nhet\u0151en, amely illeszkedik a laptop eredeti alkatr\u00e9szeihez. Az eredeti Toshiba alkatr\u00e9szek kiv\u00e1laszt\u00e1s\u00e1val laptopja csatlakoz\u00e1s\u00e1nak min\u0151s\u00e9g\u00e9be \u00e9s megb\u00edzhat\u00f3s\u00e1g\u00e1ba fektet be.<\/p>\n<p>Friss\u00edtse laptopja csatlakoztathat\u00f3s\u00e1g\u00e1t az eredeti PK010000O00 eredeti Toshiba modemk\u00e1rty\u00e1val. \u00c9lvezze a stabil internetkapcsolatot, a hat\u00e9kony kommunik\u00e1ci\u00f3t \u00e9s a megb\u00edzhat\u00f3 online \u00e9lm\u00e9nyt Toshiba Satellite P205 sorozat\u00fa laptopj\u00e1n. N\u00f6velje sz\u00e1m\u00edt\u00e1stechnikai \u00e9lm\u00e9ny\u00e9t ezzel a megb\u00edzhat\u00f3 \u00e9s hat\u00e9kony modemk\u00e1rty\u00e1val.<\/p>\n<p>V\u00e1s\u00e1rl\u00e1s el\u0151tt ellen\u0151rizze, hogy kompatibilis-e az adott laptopmodellj\u00e9vel.<\/p>\n","protected":false},"excerpt":{"rendered":"<p>N\u00f6velje Toshiba Satellite P205 sorozat\u00fa laptopja csatlakoztathat\u00f3s\u00e1g\u00e1t az eredeti PK010000O00 eredeti Toshiba modemk\u00e1rty\u00e1val. \u00c9lvezze a megb\u00edzhat\u00f3 internet-hozz\u00e1f\u00e9r\u00e9st \u00e9s a hat\u00e9kony kommunik\u00e1ci\u00f3t.<\/p>\n","protected":false},"featured_media":3958,"template":"","meta":[],"product_brand":[],"product_cat":[27],"product_tag":[34],"class_list":{"0":"post-3914","1":"product","2":"type-product","3":"status-publish","4":"has-post-thumbnail","6":"product_cat-motherboards-board-parts","7":"product_tag-toshiba","9":"first","10":"instock","11":"taxable","12":"shipping-taxable","13":"purchasable","14":"product-type-simple"},"_links":{"self":[{"href":"https:\/\/boreait.com\/hu\/wp-json\/wp\/v2\/product\/3914","targetHints":{"allow":["GET"]}}],"collection":[{"href":"https:\/\/boreait.com\/hu\/wp-json\/wp\/v2\/product"}],"about":[{"href":"https:\/\/boreait.com\/hu\/wp-json\/wp\/v2\/types\/product"}],"wp:featuredmedia":[{"embeddable":true,"href":"https:\/\/boreait.com\/hu\/wp-json\/wp\/v2\/media\/3958"}],"wp:attachment":[{"href":"https:\/\/boreait.com\/hu\/wp-json\/wp\/v2\/media?parent=3914"}],"wp:term":[{"taxonomy":"product_brand","embeddable":true,"href":"https:\/\/boreait.com\/hu\/wp-json\/wp\/v2\/product_brand?post=3914"},{"taxonomy":"product_cat","embeddable":true,"href":"https:\/\/boreait.com\/hu\/wp-json\/wp\/v2\/product_cat?post=3914"},{"taxonomy":"product_tag","embeddable":true,"href":"https:\/\/boreait.com\/hu\/wp-json\/wp\/v2\/product_tag?post=3914"}],"curies":[{"name":"wp","href":"https:\/\/api.w.org\/{rel}","templated":true}]}}