{"id":3898,"date":"2025-09-17T10:47:48","date_gmt":"2025-09-17T08:47:48","guid":{"rendered":"https:\/\/boreait.com\/hu\/?post_type=product&#038;p=3898"},"modified":"2025-09-17T10:48:39","modified_gmt":"2025-09-17T08:48:39","slug":"teljes-2-x-memoria-ram-samsung-m470t2953ez3-ce6-1gb-ddr2-667mhz-pc2-5300-sodimm-laptop","status":"publish","type":"product","link":"https:\/\/boreait.com\/hu\/termek\/teljes-2-x-memoria-ram-samsung-m470t2953ez3-ce6-1gb-ddr2-667mhz-pc2-5300-sodimm-laptop\/","title":{"rendered":"TELJES 2 x MEM\u00d3RIA RAM Samsung M470T2953EZ3-CE6 1GB DDR2 667Mhz PC2-5300 SODIMM Laptop"},"content":{"rendered":"<p>2 db-os csomag!<\/p>\n<p>Az M470T2953EZ3-CE6 1 GB-os mem\u00f3riamodul \u2013 ahol a teljes\u00edtm\u00e9ny \u00e9s a hat\u00e9konys\u00e1g p\u00e1rosul:<\/p>\n<p>A sz\u00e1m\u00edt\u00e1stechnika ter\u00fclet\u00e9n a z\u00f6kken\u0151mentes teljes\u00edtm\u00e9ny az \u00f6sszetev\u0151k min\u0151s\u00e9g\u00e9t\u0151l f\u00fcgg, \u00e9s a RAM kulcsszerepet j\u00e1tszik. Bemutatjuk az M470T2953EZ3-CE6 1 GB-os mem\u00f3riamodult, amelyet \u00fagy terveztek, hogy n\u00f6velje eszk\u00f6ze k\u00e9pess\u00e9geit, gyors v\u00e1laszid\u0151t \u00e9s hat\u00e9kony t\u00f6bbfeladatos munkav\u00e9gz\u00e9st biztos\u00edtva.<\/p>\n<p><strong>F\u0151bb jellemz\u0151k<\/strong>:<\/p>\n<ol>\n<li><strong>Megb\u00edzhat\u00f3 kapacit\u00e1s<\/strong>: Az 1 GB-os mem\u00f3ri\u00e1val ez a modul b\u0151s\u00e9ges helyet k\u00edn\u00e1l t\u00f6bb alkalmaz\u00e1s egyidej\u0171 kezel\u00e9s\u00e9hez, cs\u00f6kkentve a k\u00e9s\u00e9st \u00e9s sim\u00e1bb m\u0171k\u00f6d\u00e9st biztos\u00edtva.<\/li>\n<li><strong>Sokoldal\u00fas\u00e1g a jav\u00e1b\u00f3l<\/strong>: Ak\u00e1r egy r\u00e9gi laptopot friss\u00edt, ak\u00e1r egy robusztus munka\u00e1llom\u00e1st fejleszt, az M470T2953EZ3-CE6 z\u00f6kken\u0151mentesen illeszkedik, \u00e9s sz\u00e1mos eszk\u00f6zzel kompatibilis.<\/li>\n<li><strong>Min\u0151s\u00e9g \u00e9s tart\u00f3ss\u00e1g<\/strong>: ez a prec\u00edzen megalkotott \u00e9s tart\u00f3sra \u00e9p\u00edtett mem\u00f3riamodul nemcsak a gyors teljes\u00edtm\u00e9nyt, hanem a megb\u00edzhat\u00f3s\u00e1got is biztos\u00edtja, amely ki\u00e1llja az id\u0151 pr\u00f3b\u00e1j\u00e1t.<\/li>\n<li><strong>K\u00f6nny\u0171 telep\u00edt\u00e9s<\/strong>: Nincs t\u00f6bb unalmas be\u00e1ll\u00edt\u00e1s. Ezt a modult a gyors \u00e9s probl\u00e9mamentes telep\u00edt\u00e9shez tervezt\u00e9k, \u00edgy pillanatok alatt visszat\u00e9rhet ahhoz, amit a legjobban tud.<\/li>\n<\/ol>\n<p>A digit\u00e1lis evol\u00faci\u00f3 felgyorsult vil\u00e1g\u00e1ban az \u00e9len tart\u00e1s a legfontosabb. Az M470T2953EZ3-CE6 1 GB-os mem\u00f3riamodul t\u00f6bb, mint egy alkatr\u00e9sz; ez a fokozott termel\u00e9kenys\u00e9g \u00e9s a g\u00f6rd\u00fcl\u00e9kenyebb sz\u00e1m\u00edt\u00e1stechnikai \u00e9lm\u00e9ny ir\u00e1nti elk\u00f6telezetts\u00e9g. Fektessen be a min\u0151s\u00e9gbe, a sebess\u00e9gbe \u00e9s a hat\u00e9konys\u00e1gba. Friss\u00edtsen most!<\/p>\n","protected":false},"excerpt":{"rendered":"<p>2 x M470T2953EZ3-CE6: N\u00f6velje eszk\u00f6ze teljes\u00edtm\u00e9ny\u00e9t ezzel az 1 GB-os mem\u00f3riamodullal, sim\u00e1bb t\u00f6bbfeladatos munkav\u00e9gz\u00e9st \u00e9s megn\u00f6velt sz\u00e1m\u00edt\u00e1si teljes\u00edtm\u00e9nyt biztos\u00edtva.<\/p>\n","protected":false},"featured_media":3952,"template":"","meta":[],"product_brand":[],"product_cat":[36],"product_tag":[],"class_list":{"0":"post-3898","1":"product","2":"type-product","3":"status-publish","4":"has-post-thumbnail","6":"product_cat-ram-memory","8":"first","9":"instock","10":"taxable","11":"shipping-taxable","12":"purchasable","13":"product-type-simple"},"_links":{"self":[{"href":"https:\/\/boreait.com\/hu\/wp-json\/wp\/v2\/product\/3898","targetHints":{"allow":["GET"]}}],"collection":[{"href":"https:\/\/boreait.com\/hu\/wp-json\/wp\/v2\/product"}],"about":[{"href":"https:\/\/boreait.com\/hu\/wp-json\/wp\/v2\/types\/product"}],"wp:featuredmedia":[{"embeddable":true,"href":"https:\/\/boreait.com\/hu\/wp-json\/wp\/v2\/media\/3952"}],"wp:attachment":[{"href":"https:\/\/boreait.com\/hu\/wp-json\/wp\/v2\/media?parent=3898"}],"wp:term":[{"taxonomy":"product_brand","embeddable":true,"href":"https:\/\/boreait.com\/hu\/wp-json\/wp\/v2\/product_brand?post=3898"},{"taxonomy":"product_cat","embeddable":true,"href":"https:\/\/boreait.com\/hu\/wp-json\/wp\/v2\/product_cat?post=3898"},{"taxonomy":"product_tag","embeddable":true,"href":"https:\/\/boreait.com\/hu\/wp-json\/wp\/v2\/product_tag?post=3898"}],"curies":[{"name":"wp","href":"https:\/\/api.w.org\/{rel}","templated":true}]}}