{"id":3896,"date":"2025-09-17T10:47:48","date_gmt":"2025-09-17T08:47:48","guid":{"rendered":"https:\/\/boreait.com\/hu\/?post_type=product&#038;p=3896"},"modified":"2026-01-09T14:07:10","modified_gmt":"2026-01-09T13:07:10","slug":"toshiba-satellite-a-20-1yx-kamera-cam","status":"publish","type":"product","link":"https:\/\/boreait.com\/hu\/termek\/toshiba-satellite-a-20-1yx-kamera-cam\/","title":{"rendered":"Toshiba Satellite A 20-1YX kamera &#8211; Cam"},"content":{"rendered":"<p>Fejlessze Toshiba Satellite A20-1YX laptopj\u00e1t a Toshiba Satellite A20-1YX kamer\u00e1val. Krist\u00e1lytiszta vide\u00f3t \u00e9s \u00e9les k\u00e9palkot\u00e1st biztos\u00edt\u00f3 eredeti kameramodul t\u00f6k\u00e9letes kieg\u00e9sz\u00edt\u0151 azok sz\u00e1m\u00e1ra, akik videoh\u00edv\u00e1sokon kereszt\u00fcl szeretn\u00e9nek kapcsolatban maradni, eml\u00e9keket r\u00f6gz\u00edteni vagy laptopjuk funkcionalit\u00e1s\u00e1t jav\u00edtani.<\/p>\n<p>A Toshiba, a sz\u00e1m\u00edt\u00e1stechnika egyik neves neve \u00e1ltal gy\u00e1rtott Toshiba Satellite A20-1YX f\u00e9nyk\u00e9pez\u0151g\u00e9p z\u00f6kken\u0151mentes integr\u00e1ci\u00f3t biztos\u00edt laptopj\u00e1val. A laptop multim\u00e9di\u00e1s k\u00e9pess\u00e9geinek kulcsfontoss\u00e1g\u00fa \u00f6sszetev\u0151jek\u00e9nt ez a kameramodul kulcsfontoss\u00e1g\u00fa szerepet j\u00e1tszik a videokonferenci\u00e1k, online streaming \u00e9s fot\u00f3z\u00e1si ig\u00e9nyeinek kiv\u00e1l\u00f3 min\u0151s\u00e9g\u0171 vizu\u00e1lis megjelen\u00edt\u00e9s\u00e9ben.<\/p>\n<p>Prec\u00edzi\u00f3s tervez\u00e9s\u00e9nek k\u00f6sz\u00f6nhet\u0151en ez a kameramodul r\u00e9szletes k\u00e9peket k\u00e9sz\u00edt, \u00e9s t\u00e1mogatja a tiszta videor\u00f6gz\u00edt\u00e9st, \u00edgy ide\u00e1lis a virtu\u00e1lis tal\u00e1lkoz\u00f3khoz, tartalomk\u00e9sz\u00edt\u00e9shez \u00e9s a szeretteivel val\u00f3 kapcsolattart\u00e1shoz. \u00c9rt\u00e9kes kieg\u00e9sz\u00edt\u0151 a szakemberek, a di\u00e1kok \u00e9s mindazok sz\u00e1m\u00e1ra, akik szeretn\u00e9k tov\u00e1bbfejleszteni laptopjuk multim\u00e9di\u00e1s \u00e9lm\u00e9ny\u00e9t.<\/p>\n<p>A telep\u00edt\u00e9s egyszer\u0171 az OEM-kialak\u00edt\u00e1snak k\u00f6sz\u00f6nhet\u0151en, amely illeszkedik a laptop eredeti alkatr\u00e9szeihez.\u00a0 Az eredeti Toshiba alkatr\u00e9szek kiv\u00e1laszt\u00e1s\u00e1val laptopja kamer\u00e1j\u00e1nak min\u0151s\u00e9g\u00e9be \u00e9s megb\u00edzhat\u00f3s\u00e1g\u00e1ba fektet be.<\/p>\n<p>Friss\u00edtse laptopja multim\u00e9di\u00e1s k\u00e9pess\u00e9geit a Toshiba Satellite A20-1YX kamer\u00e1val. \u00c9lvezze az \u00e9les k\u00e9palkot\u00e1st, a tiszta videoh\u00edv\u00e1sokat \u00e9s a tov\u00e1bbfejlesztett f\u00e9nyk\u00e9pez\u00e9st Toshiba Satellite A20-1YX k\u00e9sz\u00fcl\u00e9k\u00e9n. N\u00f6velje multim\u00e9di\u00e1s \u00e9lm\u00e9ny\u00e9t ezzel a megb\u00edzhat\u00f3 \u00e9s hat\u00e9kony kameramodullal.<\/p>\n<p>V\u00e1s\u00e1rl\u00e1s el\u0151tt ellen\u0151rizze, hogy kompatibilis-e az adott laptopmodellj\u00e9vel.<\/p>\n","protected":false},"excerpt":{"rendered":"<p>Fejlessze Toshiba Satellite A20-1YX laptopj\u00e1t a Toshiba Satellite A20-1YX kamer\u00e1val. \u00c9lvezze a krist\u00e1lytiszta videoh\u00edv\u00e1sokat \u00e9s az \u00e9les k\u00e9palkot\u00e1st ezzel az eredeti kameramodullal.<\/p>\n","protected":false},"featured_media":3950,"template":"","meta":[],"product_brand":[],"product_cat":[23],"product_tag":[34],"class_list":{"0":"post-3896","1":"product","2":"type-product","3":"status-publish","4":"has-post-thumbnail","6":"product_cat-laptop-camera","7":"product_tag-toshiba","9":"first","10":"instock","11":"taxable","12":"shipping-taxable","13":"purchasable","14":"product-type-simple"},"_links":{"self":[{"href":"https:\/\/boreait.com\/hu\/wp-json\/wp\/v2\/product\/3896","targetHints":{"allow":["GET"]}}],"collection":[{"href":"https:\/\/boreait.com\/hu\/wp-json\/wp\/v2\/product"}],"about":[{"href":"https:\/\/boreait.com\/hu\/wp-json\/wp\/v2\/types\/product"}],"wp:featuredmedia":[{"embeddable":true,"href":"https:\/\/boreait.com\/hu\/wp-json\/wp\/v2\/media\/3950"}],"wp:attachment":[{"href":"https:\/\/boreait.com\/hu\/wp-json\/wp\/v2\/media?parent=3896"}],"wp:term":[{"taxonomy":"product_brand","embeddable":true,"href":"https:\/\/boreait.com\/hu\/wp-json\/wp\/v2\/product_brand?post=3896"},{"taxonomy":"product_cat","embeddable":true,"href":"https:\/\/boreait.com\/hu\/wp-json\/wp\/v2\/product_cat?post=3896"},{"taxonomy":"product_tag","embeddable":true,"href":"https:\/\/boreait.com\/hu\/wp-json\/wp\/v2\/product_tag?post=3896"}],"curies":[{"name":"wp","href":"https:\/\/api.w.org\/{rel}","templated":true}]}}