{"id":3892,"date":"2025-09-17T10:47:47","date_gmt":"2025-09-17T08:47:47","guid":{"rendered":"https:\/\/boreait.com\/hu\/?post_type=product&#038;p=3892"},"modified":"2026-01-09T14:00:27","modified_gmt":"2026-01-09T13:00:27","slug":"toshiba-equium-satellite-pro-a200-bekapcsologomb-kartya-ls-3482p-nbx00004l001","status":"publish","type":"product","link":"https:\/\/boreait.com\/hu\/termek\/toshiba-equium-satellite-pro-a200-bekapcsologomb-kartya-ls-3482p-nbx00004l001\/","title":{"rendered":"Toshiba Equium Satellite Pro A200 bekapcsol\u00f3gomb k\u00e1rtya LS-3482P NBX00004L001"},"content":{"rendered":"<p>B\u0151v\u00edtse Toshiba Equium, Satellite Pro A200 laptopja funkcionalit\u00e1s\u00e1t a Toshiba Equium Satellite Pro A200 LS-3482P NBX00004L00 bekapcsol\u00f3gomb-k\u00e1rty\u00e1val. A bekapcsol\u00f3gomb funkci\u00f3inak jav\u00edt\u00e1s\u00e1ra tervezett eredeti bekapcsol\u00f3gomb-k\u00e1rtya megb\u00edzhat\u00f3 energiagazd\u00e1lkod\u00e1st \u00e9s z\u00f6kken\u0151mentes integr\u00e1ci\u00f3t biztos\u00edt a jobb sz\u00e1m\u00edt\u00e1stechnikai \u00e9lm\u00e9ny \u00e9rdek\u00e9ben.<\/p>\n<p>A Toshiba, a sz\u00e1m\u00edt\u00e1stechnika megb\u00edzhat\u00f3 neve \u00e1ltal k\u00e9sz\u00edtett LS-3482P NBX00004L00 bekapcsol\u00f3gomb k\u00e1rty\u00e1t \u00fagy tervezt\u00e9k, hogy hat\u00e9kony bekapcsol\u00f3gomb-funkci\u00f3kat biztos\u00edtson. A laptop felhaszn\u00e1l\u00f3i fel\u00fclet\u00e9nek alapvet\u0151 elemek\u00e9nt ez az alaplap kulcsfontoss\u00e1g\u00fa szerepet j\u00e1tszik a laptop energiaell\u00e1t\u00e1s\u00e1nak kezel\u00e9s\u00e9ben.<\/p>\n<p>Ak\u00e1r be- vagy kikapcsolnia kell laptopj\u00e1t, ak\u00e1r \u00fajra kell ind\u00edtania a rendszert, ez a bekapcsol\u00f3gomb-panel biztos\u00edtja a k\u00edv\u00e1nt k\u00e9nyelmet \u00e9s hat\u00e9konys\u00e1got. \u00c9lvezze a gyors \u00e9s megb\u00edzhat\u00f3 energiagazd\u00e1lkod\u00e1st an\u00e9lk\u00fcl, hogy k\u00fcls\u0151 megold\u00e1sokra vagy ideiglenes jav\u00edt\u00e1sokra lenne sz\u00fcks\u00e9ge.<\/p>\n<p>A telep\u00edt\u00e9s egyszer\u0171 a laptop eredeti alkatr\u00e9szeihez igazod\u00f3 kialak\u00edt\u00e1snak k\u00f6sz\u00f6nhet\u0151en. Az eredeti Toshiba alkatr\u00e9szek kiv\u00e1laszt\u00e1s\u00e1val laptopja energiagazd\u00e1lkod\u00e1s\u00e1nak min\u0151s\u00e9g\u00e9be \u00e9s megb\u00edzhat\u00f3s\u00e1g\u00e1ba fektet be.<\/p>\n<p>Friss\u00edtse laptopja bekapcsol\u00f3gomb-funkci\u00f3it a Toshiba Equium Satellite Pro A200 LS-3482P NBX00004L00 bekapcsol\u00f3gomb-k\u00e1rty\u00e1val. \u00c9lvezze a hat\u00e9kony energiaell\u00e1t\u00e1st, a rendszer gyors \u00fajraind\u00edt\u00e1s\u00e1t \u00e9s a megb\u00edzhat\u00f3 energiagazd\u00e1lkod\u00e1st Toshiba Equium, Satellite Pro A200 laptopj\u00e1n. N\u00f6velje sz\u00e1m\u00edt\u00e1stechnikai \u00e9lm\u00e9ny\u00e9t ezzel a megb\u00edzhat\u00f3 \u00e9s hat\u00e9kony bekapcsol\u00f3gomb-k\u00e1rty\u00e1val.<\/p>\n<p>V\u00e1s\u00e1rl\u00e1s el\u0151tt ellen\u0151rizze, hogy kompatibilis-e az adott laptopmodellj\u00e9vel.<\/p>\n","protected":false},"excerpt":{"rendered":"<p>A hat\u00e9kony energiagazd\u00e1lkod\u00e1s \u00e9rdek\u00e9ben friss\u00edtse Toshiba Equium, Satellite Pro A200 laptopj\u00e1nak bekapcsol\u00f3gombj\u00e1t a Toshiba Equium Satellite Pro A200 LS-3482P NBX00004L00 bekapcsol\u00f3gomb-k\u00e1rty\u00e1val. \u00c9lvezze a rendszer gyors \u00fajraind\u00edt\u00e1s\u00e1t \u00e9s a megb\u00edzhat\u00f3 teljes\u00edtm\u00e9nyszab\u00e1lyoz\u00e1st.<\/p>\n","protected":false},"featured_media":3933,"template":"","meta":[],"product_brand":[],"product_cat":[27],"product_tag":[34],"class_list":{"0":"post-3892","1":"product","2":"type-product","3":"status-publish","4":"has-post-thumbnail","6":"product_cat-motherboards-board-parts","7":"product_tag-toshiba","9":"first","10":"instock","11":"taxable","12":"shipping-taxable","13":"purchasable","14":"product-type-simple"},"_links":{"self":[{"href":"https:\/\/boreait.com\/hu\/wp-json\/wp\/v2\/product\/3892","targetHints":{"allow":["GET"]}}],"collection":[{"href":"https:\/\/boreait.com\/hu\/wp-json\/wp\/v2\/product"}],"about":[{"href":"https:\/\/boreait.com\/hu\/wp-json\/wp\/v2\/types\/product"}],"wp:featuredmedia":[{"embeddable":true,"href":"https:\/\/boreait.com\/hu\/wp-json\/wp\/v2\/media\/3933"}],"wp:attachment":[{"href":"https:\/\/boreait.com\/hu\/wp-json\/wp\/v2\/media?parent=3892"}],"wp:term":[{"taxonomy":"product_brand","embeddable":true,"href":"https:\/\/boreait.com\/hu\/wp-json\/wp\/v2\/product_brand?post=3892"},{"taxonomy":"product_cat","embeddable":true,"href":"https:\/\/boreait.com\/hu\/wp-json\/wp\/v2\/product_cat?post=3892"},{"taxonomy":"product_tag","embeddable":true,"href":"https:\/\/boreait.com\/hu\/wp-json\/wp\/v2\/product_tag?post=3892"}],"curies":[{"name":"wp","href":"https:\/\/api.w.org\/{rel}","templated":true}]}}