{"id":3891,"date":"2025-09-17T10:47:47","date_gmt":"2025-09-17T08:47:47","guid":{"rendered":"https:\/\/boreait.com\/hu\/?post_type=product&#038;p=3891"},"modified":"2026-01-09T13:59:50","modified_gmt":"2026-01-09T12:59:50","slug":"toshiba-satellite-x205-s9349-bluetooth-modulkartya-eytfxcs-pa3608u-1btm","status":"publish","type":"product","link":"https:\/\/boreait.com\/hu\/termek\/toshiba-satellite-x205-s9349-bluetooth-modulkartya-eytfxcs-pa3608u-1btm\/","title":{"rendered":"Toshiba Satellite X205-S9349 Bluetooth modulk\u00e1rtya EYTFXCS PA3608U-1BTM"},"content":{"rendered":"<p>Fokozza Toshiba Satellite X205-S9349 laptopja csatlakoztathat\u00f3s\u00e1g\u00e1t a Toshiba Bluetooth Module Board EYTFXCS PA3608U-1BTM seg\u00edts\u00e9g\u00e9vel. A laptop Bluetooth funkci\u00f3inak optimaliz\u00e1l\u00e1s\u00e1ra tervezett eredeti Bluetooth modulk\u00e1rtya z\u00f6kken\u0151mentes integr\u00e1ci\u00f3t biztos\u00edt a jobb sz\u00e1m\u00edt\u00e1stechnikai \u00e9lm\u00e9ny \u00e9rdek\u00e9ben.<\/p>\n<p>A Toshiba \u00e1ltal megalkotott, megb\u00edzhat\u00f3 n\u00e9v a sz\u00e1m\u00edt\u00e1stechnik\u00e1ban, a Toshiba Bluetooth Module Board EYTFXCS PA3608U-1BTM megb\u00edzhat\u00f3 \u00e9s hat\u00e9kony Bluetooth-kapcsolatot biztos\u00edt. A laptop bels\u0151 rendszereinek alapvet\u0151 elemek\u00e9nt ez a modulk\u00e1rtya kulcsfontoss\u00e1g\u00fa szerepet j\u00e1tszik a vezet\u00e9k n\u00e9lk\u00fcli kommunik\u00e1ci\u00f3 lehet\u0151v\u00e9 t\u00e9tel\u00e9ben sz\u00e1mos eszk\u00f6zzel.<\/p>\n<p>Ak\u00e1r vezet\u00e9k n\u00e9lk\u00fcli perif\u00e9ri\u00e1kat, p\u00e9ld\u00e1ul egereket \u00e9s billenty\u0171zeteket szeretne csatlakoztatni, f\u00e1jlokat szeretne megosztani okostelefonokkal \u00e9s t\u00e1blag\u00e9pekkel, vagy Bluetooth-fejhallgat\u00f3kat szeretne haszn\u00e1lni a kihangos\u00edtott kommunik\u00e1ci\u00f3hoz, ez a modulk\u00e1rtya az \u00d6n \u00e1ltal elv\u00e1rt k\u00e9nyelmet \u00e9s hat\u00e9konys\u00e1got biztos\u00edtja. \u00dagy tervezt\u00e9k, hogy t\u00e1mogassa a leg\u00fajabb Bluetooth-szabv\u00e1nyokat, biztos\u00edtva a kompatibilit\u00e1st sz\u00e1mos eszk\u00f6zzel.<\/p>\n<p>A telep\u00edt\u00e9s egyszer\u0171 az OEM-kialak\u00edt\u00e1snak k\u00f6sz\u00f6nhet\u0151en, amely illeszkedik a laptop eredeti alkatr\u00e9szeihez. Az eredeti Toshiba alkatr\u00e9szek kiv\u00e1laszt\u00e1s\u00e1val laptopja Bluetooth-k\u00e9pess\u00e9g\u00e9nek min\u0151s\u00e9g\u00e9be \u00e9s megb\u00edzhat\u00f3s\u00e1g\u00e1ba fektet be.<\/p>\n<p>Friss\u00edtse laptopja Bluetooth-kapcsolat\u00e1t a Toshiba Bluetooth Module Board EYTFXCS PA3608U-1BTM seg\u00edts\u00e9g\u00e9vel. \u00c9lvezze a z\u00f6kken\u0151mentes vezet\u00e9k n\u00e9lk\u00fcli kommunik\u00e1ci\u00f3t, a kib\u0151v\u00edtett eszk\u00f6zkompatibilit\u00e1st \u00e9s a sokoldal\u00fabb sz\u00e1m\u00edt\u00e1stechnikai \u00e9lm\u00e9nyt Toshiba Satellite X205-S9349 laptopj\u00e1n. N\u00f6velje termel\u00e9kenys\u00e9g\u00e9t \u00e9s k\u00e9nyelm\u00e9t ezzel a megb\u00edzhat\u00f3 \u00e9s hat\u00e9kony modulk\u00e1rty\u00e1val.<\/p>\n<p>V\u00e1s\u00e1rl\u00e1s el\u0151tt ellen\u0151rizze, hogy kompatibilis-e az adott laptopmodellj\u00e9vel.<\/p>\n","protected":false},"excerpt":{"rendered":"<p>B\u0151v\u00edtse a Bluetooth-kapcsolatot Toshiba Satellite X205-S9349 laptopj\u00e1n a Toshiba Bluetooth Module Board EYTFXCS PA3608U-1BTM seg\u00edts\u00e9g\u00e9vel. \u00c9lvezze a z\u00f6kken\u0151mentes vezet\u00e9k n\u00e9lk\u00fcli kommunik\u00e1ci\u00f3t \u00e9s a kiterjesztett eszk\u00f6zkompatibilit\u00e1st.<\/p>\n","protected":false},"featured_media":3931,"template":"","meta":[],"product_brand":[],"product_cat":[27],"product_tag":[34],"class_list":{"0":"post-3891","1":"product","2":"type-product","3":"status-publish","4":"has-post-thumbnail","6":"product_cat-motherboards-board-parts","7":"product_tag-toshiba","9":"first","10":"instock","11":"taxable","12":"shipping-taxable","13":"purchasable","14":"product-type-simple"},"_links":{"self":[{"href":"https:\/\/boreait.com\/hu\/wp-json\/wp\/v2\/product\/3891","targetHints":{"allow":["GET"]}}],"collection":[{"href":"https:\/\/boreait.com\/hu\/wp-json\/wp\/v2\/product"}],"about":[{"href":"https:\/\/boreait.com\/hu\/wp-json\/wp\/v2\/types\/product"}],"wp:featuredmedia":[{"embeddable":true,"href":"https:\/\/boreait.com\/hu\/wp-json\/wp\/v2\/media\/3931"}],"wp:attachment":[{"href":"https:\/\/boreait.com\/hu\/wp-json\/wp\/v2\/media?parent=3891"}],"wp:term":[{"taxonomy":"product_brand","embeddable":true,"href":"https:\/\/boreait.com\/hu\/wp-json\/wp\/v2\/product_brand?post=3891"},{"taxonomy":"product_cat","embeddable":true,"href":"https:\/\/boreait.com\/hu\/wp-json\/wp\/v2\/product_cat?post=3891"},{"taxonomy":"product_tag","embeddable":true,"href":"https:\/\/boreait.com\/hu\/wp-json\/wp\/v2\/product_tag?post=3891"}],"curies":[{"name":"wp","href":"https:\/\/api.w.org\/{rel}","templated":true}]}}