{"id":3874,"date":"2025-09-17T10:47:24","date_gmt":"2025-09-17T08:47:24","guid":{"rendered":"https:\/\/boreait.com\/hu\/?post_type=product&#038;p=3874"},"modified":"2025-09-17T10:48:21","modified_gmt":"2025-09-17T08:48:21","slug":"az-eredeti-cpu-lf80537-t5450intel-1-66-2m-667-egy-acer-aspire-5920-sla4f-bol-szarmazik","status":"publish","type":"product","link":"https:\/\/boreait.com\/hu\/termek\/az-eredeti-cpu-lf80537-t5450intel-1-66-2m-667-egy-acer-aspire-5920-sla4f-bol-szarmazik\/","title":{"rendered":"Az eredeti CPU LF80537 T5450Intel 1.66 2M 667 egy Acer aspire 5920 SLA4F-b\u0151l sz\u00e1rmazik"},"content":{"rendered":"<p>N\u00f6velje Acer Aspire 5920 laptopja teljes\u00edtm\u00e9ny\u00e9t az Eredeti CPU LF80537 T5450Intel 1.66 2M 667 SLA4F processzorral. Ezt az autentikus CPU-t \u00fagy tervezt\u00e9k, hogy n\u00f6velje laptopja sz\u00e1m\u00edt\u00e1si teljes\u00edtm\u00e9ny\u00e9t, biztos\u00edtva a z\u00f6kken\u0151mentes \u00e9s hat\u00e9kony m\u0171k\u00f6d\u00e9st sz\u00e1mos feladathoz.<\/p>\n<p>A processzortechnol\u00f3gi\u00e1ban vezet\u0151 Intel \u00e1ltal gy\u00e1rtott LF80537 T5450Intel 1.66 2M 667 CPU leny\u0171g\u00f6z\u0151 feldolgoz\u00e1si k\u00e9pess\u00e9geket hoz laptopj\u00e1ba. K\u00e9tmagos kialak\u00edt\u00e1s\u00e1val, 1,66 GHz-es \u00f3rajel\u00e9vel, 2 MB gyors\u00edt\u00f3t\u00e1r\u00e1val \u00e9s 667 MHz-es el\u0151lapi buszsebess\u00e9g\u00e9vel ez a CPU k\u00e9szen \u00e1ll a mindennapi webb\u00f6ng\u00e9sz\u00e9st\u0151l \u00e9s az irodai feladatokt\u00f3l kezdve az ig\u00e9nyesebb alkalmaz\u00e1sokig \u00e9s a t\u00f6bbfeladatos munkav\u00e9gz\u00e9sig.<\/p>\n<p>Friss\u00edtse Acer Aspire 5920 laptopj\u00e1t ezzel az eredeti CPU-val, hogy megtapasztalja a jobb reakci\u00f3k\u00e9pess\u00e9get \u00e9s a programok gyorsabb v\u00e9grehajt\u00e1s\u00e1t. Legyen sz\u00f3 professzion\u00e1lis, aki nagyobb termel\u00e9kenys\u00e9get keres, vagy egy multim\u00e9dia-rajong\u00f3, aki g\u00f6rd\u00fcl\u00e9kenyebb vide\u00f3lej\u00e1tsz\u00e1st \u00e9s j\u00e1t\u00e9kteljes\u00edtm\u00e9nyt keres, ez a CPU megfelel a feladatnak.<\/p>\n<p>Az eredeti CPU LF80537 T5450Intel 1.66 2M 667 telep\u00edt\u00e9se egyszer\u0171, \u00e9s biztos\u00edtja a kompatibilit\u00e1st az Acer Aspire 5920-nal. Az eredeti Intel alkatr\u00e9szek kiv\u00e1laszt\u00e1s\u00e1val laptopja teljes\u00edtm\u00e9ny\u00e9nek megb\u00edzhat\u00f3s\u00e1g\u00e1ba \u00e9s hossz\u00fa \u00e9lettartam\u00e1ba fektet be.<\/p>\n<p>Friss\u00edtse laptopja k\u00e9pess\u00e9geit az Eredeti CPU LF80537 T5450Intel 1.66 2M 667-el, \u00e9s \u00e9lvezze a gyorsabb, \u00e9rz\u00e9kenyebb sz\u00e1m\u00edt\u00e1stechnikai \u00e9lm\u00e9nyt Acer Aspire 5920-on.<\/p>\n<p>V\u00e1s\u00e1rl\u00e1s el\u0151tt ellen\u0151rizze, hogy kompatibilis-e az adott laptopmodellj\u00e9vel.<\/p>\n","protected":false},"excerpt":{"rendered":"<p>N\u00f6velje Acer Aspire 5920 laptopja teljes\u00edtm\u00e9ny\u00e9t az Eredeti SLA4F CPU LF80537 T5450Intel 1.66 2M 667 processzorral. Tapasztalja meg a nagyobb sebess\u00e9get \u00e9s a tov\u00e1bbfejlesztett t\u00f6bbfeladatos k\u00e9pess\u00e9geket.<\/p>\n","protected":false},"featured_media":3930,"template":"","meta":[],"product_brand":[],"product_cat":[39],"product_tag":[],"class_list":{"0":"post-3874","1":"product","2":"type-product","3":"status-publish","4":"has-post-thumbnail","6":"product_cat-processors-cpu","8":"first","9":"instock","10":"taxable","11":"shipping-taxable","12":"purchasable","13":"product-type-simple"},"_links":{"self":[{"href":"https:\/\/boreait.com\/hu\/wp-json\/wp\/v2\/product\/3874","targetHints":{"allow":["GET"]}}],"collection":[{"href":"https:\/\/boreait.com\/hu\/wp-json\/wp\/v2\/product"}],"about":[{"href":"https:\/\/boreait.com\/hu\/wp-json\/wp\/v2\/types\/product"}],"wp:featuredmedia":[{"embeddable":true,"href":"https:\/\/boreait.com\/hu\/wp-json\/wp\/v2\/media\/3930"}],"wp:attachment":[{"href":"https:\/\/boreait.com\/hu\/wp-json\/wp\/v2\/media?parent=3874"}],"wp:term":[{"taxonomy":"product_brand","embeddable":true,"href":"https:\/\/boreait.com\/hu\/wp-json\/wp\/v2\/product_brand?post=3874"},{"taxonomy":"product_cat","embeddable":true,"href":"https:\/\/boreait.com\/hu\/wp-json\/wp\/v2\/product_cat?post=3874"},{"taxonomy":"product_tag","embeddable":true,"href":"https:\/\/boreait.com\/hu\/wp-json\/wp\/v2\/product_tag?post=3874"}],"curies":[{"name":"wp","href":"https:\/\/api.w.org\/{rel}","templated":true}]}}